{"id":165401,"date":"2025-12-19T15:22:01","date_gmt":"2025-12-19T12:22:01","guid":{"rendered":"https:\/\/baldumarket.lt\/product\/vegas-35-szafa-2-drzwiowa-santana-jasna\/"},"modified":"2026-04-12T16:18:30","modified_gmt":"2026-04-12T13:18:30","slug":"vegas-35-szafa-2-drzwiowa-santana-jasna","status":"publish","type":"product","link":"https:\/\/baldumarket.lt\/lt\/product\/vegas-35-szafa-2-drzwiowa-santana-jasna\/","title":{"rendered":"VEGAS-35 \u2013 Santana dviej\u0173 dur\u0173 spinta, \u0161viesi"},"content":{"rendered":"<p>\u201eVEGAS-35\u201c spinta \u201eLight Santana\u201c spalvos \u2013 puikus sprendimas visiems, kurie vertina ir estetik\u0105, ir prakti\u0161kum\u0105 savo interjere. Minimalistinis dizainas puikiai tinka \u012fvairiems interjerams \u2013 nuo \u200b\u200bmodernaus iki klasikinio, suteikiant kiekvienam kambariui unikal\u0173 charakter\u012f. \u201eVEGAS-35\u201c spinta buvo sukurta atsi\u017evelgiant \u012f erdv\u0117s taupym\u0105. Viduje rasite keturias lentynas, kurios leid\u017eia efektyviai laikyti drabu\u017eius ir aksesuarus. \u0160ios lentynos leid\u017eia lengviau ir grei\u010diau sutvarkyti drabu\u017eius, batus ir kitus daiktus. \u0160\u012f bald\u0105 \u012fvertins ne tik tie, kurie vertina tvark\u0105, bet ir tie, kurie kreipia d\u0117mes\u012f \u012f detales. Stilingos metalin\u0117s rankenos taip pat pabr\u0117\u017eia modern\u0173 ir eleganti\u0161k\u0105 spintos charakter\u012f. Jos leid\u017eia patogiai ir maloniai naudotis baldu, o bendram dizainui suteikia lengvumo. Spinta yra dviej\u0173 spalv\u0173, tod\u0117l galite j\u0105 pritaikyti pagal savo individualius poreikius ir skon\u012f.<\/p>","protected":false},"excerpt":{"rendered":"<p>Plotis (cm): 70<br \/>\n\u016agis (cm): 192<br \/>\nGylis (cm): 40,5<\/p>","protected":false},"featured_media":165402,"comment_status":"open","ping_status":"open","template":"","meta":[],"product_brand":[],"product_cat":[9516,4108,1177],"product_tag":[],"class_list":{"0":"post-165401","1":"product","2":"type-product","3":"status-publish","4":"has-post-thumbnail","6":"product_cat-furniture-system-vegas-jarstol-meble","7":"product_cat-jarstol","8":"product_cat-wardrobes","10":"first","11":"instock","12":"purchasable","13":"product-type-simple"},"_links":{"self":[{"href":"https:\/\/baldumarket.lt\/lt\/wp-json\/wp\/v2\/product\/165401","targetHints":{"allow":["GET"]}}],"collection":[{"href":"https:\/\/baldumarket.lt\/lt\/wp-json\/wp\/v2\/product"}],"about":[{"href":"https:\/\/baldumarket.lt\/lt\/wp-json\/wp\/v2\/types\/product"}],"replies":[{"embeddable":true,"href":"https:\/\/baldumarket.lt\/lt\/wp-json\/wp\/v2\/comments?post=165401"}],"wp:featuredmedia":[{"embeddable":true,"href":"https:\/\/baldumarket.lt\/lt\/wp-json\/wp\/v2\/media\/165402"}],"wp:attachment":[{"href":"https:\/\/baldumarket.lt\/lt\/wp-json\/wp\/v2\/media?parent=165401"}],"wp:term":[{"taxonomy":"product_brand","embeddable":true,"href":"https:\/\/baldumarket.lt\/lt\/wp-json\/wp\/v2\/product_brand?post=165401"},{"taxonomy":"product_cat","embeddable":true,"href":"https:\/\/baldumarket.lt\/lt\/wp-json\/wp\/v2\/product_cat?post=165401"},{"taxonomy":"product_tag","embeddable":true,"href":"https:\/\/baldumarket.lt\/lt\/wp-json\/wp\/v2\/product_tag?post=165401"}],"curies":[{"name":"wp","href":"https:\/\/api.w.org\/{rel}","templated":true}]}}