{"id":165396,"date":"2025-12-19T15:21:50","date_gmt":"2025-12-19T12:21:50","guid":{"rendered":"https:\/\/baldumarket.lt\/product\/vegas-36-szafa-1d1s-santana-ciemna\/"},"modified":"2026-04-12T16:18:30","modified_gmt":"2026-04-12T13:18:30","slug":"vegas-36-szafa-1d1s-santana-ciemna","status":"publish","type":"product","link":"https:\/\/baldumarket.lt\/lt\/product\/vegas-36-szafa-1d1s-santana-ciemna\/","title":{"rendered":"VEGAS-36 &#8211; Drabu\u017ein\u0117 1D1S Santana Tamsiai ruda"},"content":{"rendered":"<p>Atraskite VEGAS-36 spint\u0105 \u2013 puik\u0173 pasirinkim\u0105 tiems, kurie siekia suderinti elegancij\u0105 ir prakti\u0161kum\u0105. \u0160i vien\u0173 dur\u0173 spinta i\u0161 \u201eVegas\u201c kolekcijos buvo sukurta galvojant apie modern\u0173 interjer\u0105, \u012fne\u0161ant harmonijos ir klas\u0117s atmosfer\u0105. Tamsi \u201eSantana\u201c spalva puikiai dera su \u012fvairiais interjerais, suteikdama charakterio ir gylio. VEGAS-36 spinta yra ne tik ry\u0161kus baldas, bet ir idealus sprendimas daikt\u0173 laikymui. Viduje prakti\u0161ka pakaba leid\u017eia patogiai pakabinti drabu\u017eius, o apa\u010dioje yra nedidelis stal\u010dius, puikiai tinkantis ma\u017eesniems aksesuarams. \u0160is derinys u\u017etikrina, kad kiekvienas erdv\u0117s centimetras b\u016bt\u0173 maksimaliai i\u0161naudotas, tod\u0117l tvarka j\u016bs\u0173 interjere visada yra prioritetas. Spintos funkcionalumas dera su estetika. Metalin\u0117s rankenos suteikia i\u0161skirtinumo, pabr\u0117\u017eiant modern\u0173 stili\u0173. D\u0117l paprast\u0173, bet eleganti\u0161k\u0173 linij\u0173 spinta idealiai tinka \u012fvairiems interjero stiliams \u2013 nuo minimalistinio iki klasikinio. Tai baldas, kuris atitinka tendencijas, ta\u010diau taip pat tinka kasdieniam naudojimui.<\/p>","protected":false},"excerpt":{"rendered":"<p>Plotis (cm): 49<br \/>\n\u016agis (cm): 192<br \/>\nGylis (cm): 40,5<\/p>","protected":false},"featured_media":165397,"comment_status":"open","ping_status":"open","template":"","meta":[],"product_brand":[],"product_cat":[9516,4108,1987],"product_tag":[],"class_list":{"0":"post-165396","1":"product","2":"type-product","3":"status-publish","4":"has-post-thumbnail","6":"product_cat-furniture-system-vegas-jarstol-meble","7":"product_cat-jarstol","8":"product_cat-shelving-units","10":"first","11":"instock","12":"purchasable","13":"product-type-simple"},"_links":{"self":[{"href":"https:\/\/baldumarket.lt\/lt\/wp-json\/wp\/v2\/product\/165396","targetHints":{"allow":["GET"]}}],"collection":[{"href":"https:\/\/baldumarket.lt\/lt\/wp-json\/wp\/v2\/product"}],"about":[{"href":"https:\/\/baldumarket.lt\/lt\/wp-json\/wp\/v2\/types\/product"}],"replies":[{"embeddable":true,"href":"https:\/\/baldumarket.lt\/lt\/wp-json\/wp\/v2\/comments?post=165396"}],"wp:featuredmedia":[{"embeddable":true,"href":"https:\/\/baldumarket.lt\/lt\/wp-json\/wp\/v2\/media\/165397"}],"wp:attachment":[{"href":"https:\/\/baldumarket.lt\/lt\/wp-json\/wp\/v2\/media?parent=165396"}],"wp:term":[{"taxonomy":"product_brand","embeddable":true,"href":"https:\/\/baldumarket.lt\/lt\/wp-json\/wp\/v2\/product_brand?post=165396"},{"taxonomy":"product_cat","embeddable":true,"href":"https:\/\/baldumarket.lt\/lt\/wp-json\/wp\/v2\/product_cat?post=165396"},{"taxonomy":"product_tag","embeddable":true,"href":"https:\/\/baldumarket.lt\/lt\/wp-json\/wp\/v2\/product_tag?post=165396"}],"curies":[{"name":"wp","href":"https:\/\/api.w.org\/{rel}","templated":true}]}}