{"id":165390,"date":"2025-12-19T15:21:37","date_gmt":"2025-12-19T12:21:37","guid":{"rendered":"https:\/\/baldumarket.lt\/product\/vegas-36-szafa-1d1s-santana-jasna\/"},"modified":"2026-04-12T16:18:30","modified_gmt":"2026-04-12T13:18:30","slug":"vegas-36-szafa-1d1s-santana-jasna","status":"publish","type":"product","link":"https:\/\/baldumarket.lt\/lt\/product\/vegas-36-szafa-1d1s-santana-jasna\/","title":{"rendered":"VEGAS-36 &#8211; Drabu\u017ein\u0117 1D1S Santana \u0161viesa"},"content":{"rendered":"<p>\u0160velni\u0173 atspalvi\u0173 \u201e\u0160viesios Santanos\u201c spalvos \u201eVEGAS-36\u201c spinta puikiai dera su \u012fvairiais interjero stiliais. Paprastas, ta\u010diau modernus dizainas paver\u010dia j\u0105 ne tik funkcionaliu baldu, bet ir estetiniu akcentu j\u016bs\u0173 kambaryje. Kruop\u0161\u010diai apgalvotas spintos dizainas u\u017etikrina maksimal\u0173 funkcionalum\u0105. Viduje pakabinimo b\u0117gelis leid\u017eia patogiai laikyti drabu\u017eius, o apa\u010dioje esantis stal\u010dius suteikia papildomos vietos smulkiems aksesuarams, pavyzd\u017eiui, apatiniams drabu\u017eiams ar papuo\u0161alams. \u201eVEGAS-36\u201c spinta \u2013 puikus sprendimas tiems, kurie vertina tvark\u0105 ir tvark\u0105 savo interjere. Kontrastingos sidabrin\u0117s spalvos metalin\u0117s ranken\u0117l\u0117s suteikia spintai charakterio ir pabr\u0117\u017eia jos tvirtum\u0105. \u0160ios detal\u0117s ne tik pagerina baldo estetik\u0105, bet ir u\u017etikrina ilgaam\u017ei\u0161kum\u0105. J\u0173 d\u0117ka spintos atidarymas tampa malonumu, o kiekviena detal\u0117 sukurta taip, kad sukurt\u0173 darni\u0105 visum\u0105.<\/p>","protected":false},"excerpt":{"rendered":"<p>Plotis (cm): 49<br \/>\n\u016agis (cm): 192<br \/>\nGylis (cm): 54<\/p>","protected":false},"featured_media":165391,"comment_status":"open","ping_status":"open","template":"","meta":[],"product_brand":[],"product_cat":[9516,4108,1987],"product_tag":[],"class_list":{"0":"post-165390","1":"product","2":"type-product","3":"status-publish","4":"has-post-thumbnail","6":"product_cat-furniture-system-vegas-jarstol-meble","7":"product_cat-jarstol","8":"product_cat-shelving-units","10":"first","11":"instock","12":"purchasable","13":"product-type-simple"},"_links":{"self":[{"href":"https:\/\/baldumarket.lt\/lt\/wp-json\/wp\/v2\/product\/165390","targetHints":{"allow":["GET"]}}],"collection":[{"href":"https:\/\/baldumarket.lt\/lt\/wp-json\/wp\/v2\/product"}],"about":[{"href":"https:\/\/baldumarket.lt\/lt\/wp-json\/wp\/v2\/types\/product"}],"replies":[{"embeddable":true,"href":"https:\/\/baldumarket.lt\/lt\/wp-json\/wp\/v2\/comments?post=165390"}],"wp:featuredmedia":[{"embeddable":true,"href":"https:\/\/baldumarket.lt\/lt\/wp-json\/wp\/v2\/media\/165391"}],"wp:attachment":[{"href":"https:\/\/baldumarket.lt\/lt\/wp-json\/wp\/v2\/media?parent=165390"}],"wp:term":[{"taxonomy":"product_brand","embeddable":true,"href":"https:\/\/baldumarket.lt\/lt\/wp-json\/wp\/v2\/product_brand?post=165390"},{"taxonomy":"product_cat","embeddable":true,"href":"https:\/\/baldumarket.lt\/lt\/wp-json\/wp\/v2\/product_cat?post=165390"},{"taxonomy":"product_tag","embeddable":true,"href":"https:\/\/baldumarket.lt\/lt\/wp-json\/wp\/v2\/product_tag?post=165390"}],"curies":[{"name":"wp","href":"https:\/\/api.w.org\/{rel}","templated":true}]}}