{"id":165385,"date":"2025-12-19T15:21:27","date_gmt":"2025-12-19T12:21:27","guid":{"rendered":"https:\/\/baldumarket.lt\/product\/vegas-37-szafa-2d1s-santana-ciemna\/"},"modified":"2026-04-12T16:18:30","modified_gmt":"2026-04-12T13:18:30","slug":"vegas-37-szafa-2d1s-santana-ciemna","status":"publish","type":"product","link":"https:\/\/baldumarket.lt\/lt\/product\/vegas-37-szafa-2d1s-santana-ciemna\/","title":{"rendered":"VEGAS-37 &#8211; Drabu\u017ein\u0117 2D1S Santana Tamsiai ruda"},"content":{"rendered":"<p>Atraskite VEGAS-37 spintos elegancij\u0105 ir funkcionalum\u0105. Sidabrin\u0117s rankenos suteikia jai modernumo, kuris tikrai pritrauks j\u016bs\u0173 sve\u010di\u0173 ak\u012f. \u0160i dviej\u0173 dur\u0173 spinta i\u0161 \u201eVegas\u201c kolekcijos buvo sukurta atsi\u017evelgiant \u012f ergonomik\u0105 ir efektyvum\u0105. D\u0117l gerai apgalvoto dizaino spintos vidus pasi\u017eymi puikiu erdv\u0117s organizavimu. Drabu\u017ei\u0173 kabykla leid\u017eia lengvai pakabinti drabu\u017eius, o apa\u010dioje esantis stal\u010dius leid\u017eia laikyti aksesuarus, dokumentus ar kitus asmeninius daiktus, kuriuos norite laikyti po ranka. Tokiu b\u016bdu viskas turi savo viet\u0105, o tai suteikia daugiau gyvenamosios erdv\u0117s. Taip pat verta pamin\u0117ti, kad VEGAS-37 spinta pagaminta i\u0161 patvarios laminuotos plok\u0161t\u0117s, u\u017etikrinan\u010dios jos ilgaam\u017ei\u0161kum\u0105 ir atsparum\u0105 kasdieniam naudojimui. Metaliniai vyriai ir kreipian\u010diosios suteikia stabilumo, u\u017etikrina komfort\u0105 ir saugum\u0105. Pasitik\u0117kite JARSTOL gaminiu \u2013 tai lenk\u0173 prek\u0117s \u017eenklas, turintis patirties, garantuojantis savo gamini\u0173 patikimum\u0105 ir auk\u0161t\u0105 kokyb\u0119.<\/p>","protected":false},"excerpt":{"rendered":"<p>Plotis (cm): 88<br \/>\n\u016agis (cm): 192<br \/>\nGylis (cm): 54<\/p>","protected":false},"featured_media":165386,"comment_status":"open","ping_status":"open","template":"","meta":[],"product_brand":[],"product_cat":[9516,4108,1177],"product_tag":[],"class_list":{"0":"post-165385","1":"product","2":"type-product","3":"status-publish","4":"has-post-thumbnail","6":"product_cat-furniture-system-vegas-jarstol-meble","7":"product_cat-jarstol","8":"product_cat-wardrobes","10":"first","11":"instock","12":"purchasable","13":"product-type-simple"},"_links":{"self":[{"href":"https:\/\/baldumarket.lt\/lt\/wp-json\/wp\/v2\/product\/165385","targetHints":{"allow":["GET"]}}],"collection":[{"href":"https:\/\/baldumarket.lt\/lt\/wp-json\/wp\/v2\/product"}],"about":[{"href":"https:\/\/baldumarket.lt\/lt\/wp-json\/wp\/v2\/types\/product"}],"replies":[{"embeddable":true,"href":"https:\/\/baldumarket.lt\/lt\/wp-json\/wp\/v2\/comments?post=165385"}],"wp:featuredmedia":[{"embeddable":true,"href":"https:\/\/baldumarket.lt\/lt\/wp-json\/wp\/v2\/media\/165386"}],"wp:attachment":[{"href":"https:\/\/baldumarket.lt\/lt\/wp-json\/wp\/v2\/media?parent=165385"}],"wp:term":[{"taxonomy":"product_brand","embeddable":true,"href":"https:\/\/baldumarket.lt\/lt\/wp-json\/wp\/v2\/product_brand?post=165385"},{"taxonomy":"product_cat","embeddable":true,"href":"https:\/\/baldumarket.lt\/lt\/wp-json\/wp\/v2\/product_cat?post=165385"},{"taxonomy":"product_tag","embeddable":true,"href":"https:\/\/baldumarket.lt\/lt\/wp-json\/wp\/v2\/product_tag?post=165385"}],"curies":[{"name":"wp","href":"https:\/\/api.w.org\/{rel}","templated":true}]}}