{"id":165379,"date":"2025-12-19T15:21:14","date_gmt":"2025-12-19T12:21:14","guid":{"rendered":"https:\/\/baldumarket.lt\/product\/vegas-37-szafa-2d1s-santana-jasna\/"},"modified":"2026-04-12T16:18:30","modified_gmt":"2026-04-12T13:18:30","slug":"vegas-37-szafa-2d1s-santana-jasna","status":"publish","type":"product","link":"https:\/\/baldumarket.lt\/lt\/product\/vegas-37-szafa-2d1s-santana-jasna\/","title":{"rendered":"VEGAS-37 &#8211; Drabu\u017ein\u0117 2D1S Santana \u0161viesa"},"content":{"rendered":"<p>Atraskite i\u0161skirtin\u0119 \u201eSantana Jasna\u201c kolekcijos \u201eVEGAS-37\u201c spint\u0105, kuri pakeis j\u016bs\u0173 interjer\u0105 ir suteiks jam modernumo. Eleganti\u0161ka forma ir prislopintos spalvos puikiai der\u0117s prie \u012fvairi\u0173 stili\u0173 \u2013 nuo minimalistinio iki skandinavi\u0161ko. 88 cm plo\u010dio ir 192 cm auk\u0161\u010dio \u0161i spinta yra puikus sprendimas tiems, kurie vertina funkcionalum\u0105 ir estetik\u0105 viename. \u0160\u012f bald\u0105 i\u0161skiria apgalvotas dizainas, pritaikytas m\u016bs\u0173 kasdieniams poreikiams. Spintos viduje yra erdvus drabu\u017ei\u0173 pakabinimo b\u0117gelis, tod\u0117l j\u0105 lengva sutvarkyti. Be to, po b\u0117geliu yra stal\u010dius, kuriame telpa ne tik drabu\u017eiai, bet ir dokumentai bei kiti aksesuarai, kuriuos paprastai sunku rasti, kai jie pasl\u0117pti \u012fvairiose vietose. \u0160i spinta puikiai tinka miegamajam, svetainei ar biurui, patenkindama \u012fvairius poreikius. Sidabrin\u0117s metalin\u0117s ranken\u0117l\u0117s puikiai papildo bendr\u0105 baldo koncepcij\u0105, pabr\u0117\u017edamos unikal\u0173 jo stili\u0173. \u201eJarstol\u201c baldai garantuoja kokyb\u0119, o tokios med\u017eiagos kaip laminuota plok\u0161t\u0117 u\u017etikrina patvarum\u0105 ir atsparum\u0105 pa\u017eeidimams. \u201eVEGAS-37\u201c spinta derina modernum\u0105 su klase, tod\u0117l tai idealus pasirinkimas \u017emon\u0117ms, ie\u0161kantiems esteti\u0161k\u0173, ta\u010diau prakti\u0161k\u0173 interjero dizaino sprendim\u0173.<\/p>","protected":false},"excerpt":{"rendered":"<p>Plotis (cm): 88<br \/>\n\u016agis (cm): 192<br \/>\nGylis (cm): 54<\/p>","protected":false},"featured_media":165380,"comment_status":"open","ping_status":"open","template":"","meta":[],"product_brand":[],"product_cat":[9516,4108,1177],"product_tag":[],"class_list":{"0":"post-165379","1":"product","2":"type-product","3":"status-publish","4":"has-post-thumbnail","6":"product_cat-furniture-system-vegas-jarstol-meble","7":"product_cat-jarstol","8":"product_cat-wardrobes","10":"first","11":"instock","12":"purchasable","13":"product-type-simple"},"_links":{"self":[{"href":"https:\/\/baldumarket.lt\/lt\/wp-json\/wp\/v2\/product\/165379","targetHints":{"allow":["GET"]}}],"collection":[{"href":"https:\/\/baldumarket.lt\/lt\/wp-json\/wp\/v2\/product"}],"about":[{"href":"https:\/\/baldumarket.lt\/lt\/wp-json\/wp\/v2\/types\/product"}],"replies":[{"embeddable":true,"href":"https:\/\/baldumarket.lt\/lt\/wp-json\/wp\/v2\/comments?post=165379"}],"wp:featuredmedia":[{"embeddable":true,"href":"https:\/\/baldumarket.lt\/lt\/wp-json\/wp\/v2\/media\/165380"}],"wp:attachment":[{"href":"https:\/\/baldumarket.lt\/lt\/wp-json\/wp\/v2\/media?parent=165379"}],"wp:term":[{"taxonomy":"product_brand","embeddable":true,"href":"https:\/\/baldumarket.lt\/lt\/wp-json\/wp\/v2\/product_brand?post=165379"},{"taxonomy":"product_cat","embeddable":true,"href":"https:\/\/baldumarket.lt\/lt\/wp-json\/wp\/v2\/product_cat?post=165379"},{"taxonomy":"product_tag","embeddable":true,"href":"https:\/\/baldumarket.lt\/lt\/wp-json\/wp\/v2\/product_tag?post=165379"}],"curies":[{"name":"wp","href":"https:\/\/api.w.org\/{rel}","templated":true}]}}