{"id":165374,"date":"2025-12-19T15:21:04","date_gmt":"2025-12-19T12:21:04","guid":{"rendered":"https:\/\/baldumarket.lt\/product\/maly-stol-rozkladany-do-jadalni-jesion-jasny\/"},"modified":"2026-02-03T23:29:57","modified_gmt":"2026-02-03T20:29:57","slug":"maly-stol-rozkladany-do-jadalni-jesion-jasny","status":"publish","type":"product","link":"https:\/\/baldumarket.lt\/lt\/product\/maly-stol-rozkladany-do-jadalni-jesion-jasny\/","title":{"rendered":"Ma\u017eas i\u0161skleid\u017eiamas valgomojo stalas, \u0161viesus uosis"},"content":{"rendered":"<p>\u0160is \u201eJarstol\u201c \u0161viesaus uosio atspalvio i\u0161skleid\u017eiamas valgomojo stalas \u2013 tobulas funkcionalumo ir modernaus dizaino derinys, puikiai tinkantis bet kokiai erdvei. \u0160is stalas, kurio ilgis nuo 120 cm iki 160 cm, yra lankstus sprendimas \u012fvairioms progoms. Nesvarbu, ar planuojate romanti\u0161k\u0105 vakarien\u0119 dviese, ar didesn\u012f susib\u016brim\u0105 su draugais, galite b\u016bti tikri, kad j\u016bs\u0173 vakarien\u0117 bus jauki patirtis. \u0160io stalo unikalumas neapsiriboja vien i\u0161skleid\u017eiamu dizainu. \u0160viesi stalvir\u0161io ir koj\u0173 spalva, pagaminta i\u0161 auk\u0161tos kokyb\u0117s laminuotos plok\u0161t\u0117s, suteikia bet kokiam interjerui lengvumo ir gaivumo. \u0160is baldas suteikia valgomajam nat\u016bralaus elegancijos ir \u0161ilumos, sukurdamas tobul\u0105 fon\u0105 \u0161eimos akimirkoms ir socialiniams susib\u016brimams. Kiekvienas stalas turi savo istorij\u0105, o su \u0161iuo modeliu sukursite nepamir\u0161tam\u0173 prisiminim\u0173. Vienas i\u0161 daugelio \u201eJarstol\u201c stalo privalum\u0173 yra lengvas surinkimas, o tai rei\u0161kia, kad greitai \u012fsigysite nauj\u0105 bald\u0105, kuris tikrai pritrauks j\u016bs\u0173 sve\u010di\u0173 d\u0117mes\u012f. Paprastas dizainas leid\u017eia stalui lengvai \u012fsilieti \u012f \u012fvairius interjero stilius \u2013 nuo skandinavi\u0161ko iki minimalistinio ir klasikinio. Stalas gali b\u016bti pritaikytas prie \u017emoni\u0173 skai\u010diaus ir suteikia erdv\u0117s poj\u016bt\u012f ma\u017eoms erdv\u0117ms, o tai ypa\u010d svarbu \u0161iuolaikiniuose butuose.<\/p>","protected":false},"excerpt":{"rendered":"<p>Plotis (cm): 120\u2013160<br \/>\n\u016agis (cm): 75<br \/>\nGylis (cm): 54<\/p>","protected":false},"featured_media":165375,"comment_status":"open","ping_status":"open","template":"","meta":[],"product_brand":[],"product_cat":[4108,1934],"product_tag":[],"class_list":{"0":"post-165374","1":"product","2":"type-product","3":"status-publish","4":"has-post-thumbnail","6":"product_cat-jarstol","7":"product_cat-tables","9":"first","10":"instock","11":"purchasable","12":"product-type-simple"},"_links":{"self":[{"href":"https:\/\/baldumarket.lt\/lt\/wp-json\/wp\/v2\/product\/165374","targetHints":{"allow":["GET"]}}],"collection":[{"href":"https:\/\/baldumarket.lt\/lt\/wp-json\/wp\/v2\/product"}],"about":[{"href":"https:\/\/baldumarket.lt\/lt\/wp-json\/wp\/v2\/types\/product"}],"replies":[{"embeddable":true,"href":"https:\/\/baldumarket.lt\/lt\/wp-json\/wp\/v2\/comments?post=165374"}],"wp:featuredmedia":[{"embeddable":true,"href":"https:\/\/baldumarket.lt\/lt\/wp-json\/wp\/v2\/media\/165375"}],"wp:attachment":[{"href":"https:\/\/baldumarket.lt\/lt\/wp-json\/wp\/v2\/media?parent=165374"}],"wp:term":[{"taxonomy":"product_brand","embeddable":true,"href":"https:\/\/baldumarket.lt\/lt\/wp-json\/wp\/v2\/product_brand?post=165374"},{"taxonomy":"product_cat","embeddable":true,"href":"https:\/\/baldumarket.lt\/lt\/wp-json\/wp\/v2\/product_cat?post=165374"},{"taxonomy":"product_tag","embeddable":true,"href":"https:\/\/baldumarket.lt\/lt\/wp-json\/wp\/v2\/product_tag?post=165374"}],"curies":[{"name":"wp","href":"https:\/\/api.w.org\/{rel}","templated":true}]}}