{"id":165368,"date":"2025-12-19T15:20:51","date_gmt":"2025-12-19T12:20:51","guid":{"rendered":"https:\/\/baldumarket.lt\/product\/linkastyles-1-komoda-4d2s-green-stone\/"},"modified":"2026-04-12T16:18:30","modified_gmt":"2026-04-12T13:18:30","slug":"linkastyles-1-komoda-4d2s-green-stone","status":"publish","type":"product","link":"https:\/\/baldumarket.lt\/lt\/product\/linkastyles-1-komoda-4d2s-green-stone\/","title":{"rendered":"LINKaSTYLES-1 \u2013 Komoda 4D2S \u017dalias akmuo"},"content":{"rendered":"<p>Jei ie\u0161kote baldo, kuris j\u016bs\u0173 interjerui suteikt\u0173 harmonijos ir stiliaus, \u2019LINKaSTYLES-1\u201c komoda i\u0161 \u201eJarstol\u201c kolekcijos yra puikus pasirinkimas. Eleganti\u0161ka \u017ealio akmens spalva traukia ak\u012f, suteikdama erdvei modernumo. \u0160is dizainerio sukurtas baldas skland\u017eiai \u012fsilies \u012f \u012fvairius interjerus \u2013 nuo klasikinio iki minimalistinio, suteikdamas jiems unikalumo. D\u0117l eleganti\u0161ko dizaino ji idealiai tinka svetainei, valgomajam, darbo kambariui ar biurui. Komodos funkcionalumas yra neprilygstamas. Vir\u0161utin\u0117je dalyje yra du erdv\u016bs stal\u010diai, puikiai tinkantys drabu\u017eiams, dokumentams ir \u012fvairiems aksesuarams laikyti. D\u0117l \u0161velnaus u\u017edarymo sistemos jausit\u0117s patogiai kiekviename \u017eingsnyje, o tvirti metaliniai b\u0117geliai u\u017etikrina skland\u0173 stal\u010di\u0173 veikim\u0105 ir paprast\u0105 naudojim\u0105. Apatin\u0117je komodos dalyje yra dvi erdvios spintel\u0117s, o j\u0173 vidin\u0117s lentynos si\u016blo plat\u0173 organizavimo galimybi\u0173 pasirinkim\u0105. Tvarkyti daiktus dabar lengviau nei bet kada anks\u010diau. Stilinga matin\u0117 juoda rankena ir kojel\u0117s ne tik suteikia baldui elegancijos, bet ir kontrastuoja su subtiliu \u017ealio akmens atspalviu, tod\u0117l jis tampa dar patrauklesnis.<\/p>","protected":false},"excerpt":{"rendered":"<p>Plotis (cm): 165,3<br \/>\n\u016agis (cm): 86,5<br \/>\nGylis (cm): 80<\/p>","protected":false},"featured_media":165369,"comment_status":"open","ping_status":"open","template":"","meta":[],"product_brand":[],"product_cat":[9508,1173,4108],"product_tag":[],"class_list":{"0":"post-165368","1":"product","2":"type-product","3":"status-publish","4":"has-post-thumbnail","6":"product_cat-furniture-system-linkastyles-jarstol-meble","7":"product_cat-chests-of-drawers","8":"product_cat-jarstol","10":"first","11":"instock","12":"purchasable","13":"product-type-simple"},"_links":{"self":[{"href":"https:\/\/baldumarket.lt\/lt\/wp-json\/wp\/v2\/product\/165368","targetHints":{"allow":["GET"]}}],"collection":[{"href":"https:\/\/baldumarket.lt\/lt\/wp-json\/wp\/v2\/product"}],"about":[{"href":"https:\/\/baldumarket.lt\/lt\/wp-json\/wp\/v2\/types\/product"}],"replies":[{"embeddable":true,"href":"https:\/\/baldumarket.lt\/lt\/wp-json\/wp\/v2\/comments?post=165368"}],"wp:featuredmedia":[{"embeddable":true,"href":"https:\/\/baldumarket.lt\/lt\/wp-json\/wp\/v2\/media\/165369"}],"wp:attachment":[{"href":"https:\/\/baldumarket.lt\/lt\/wp-json\/wp\/v2\/media?parent=165368"}],"wp:term":[{"taxonomy":"product_brand","embeddable":true,"href":"https:\/\/baldumarket.lt\/lt\/wp-json\/wp\/v2\/product_brand?post=165368"},{"taxonomy":"product_cat","embeddable":true,"href":"https:\/\/baldumarket.lt\/lt\/wp-json\/wp\/v2\/product_cat?post=165368"},{"taxonomy":"product_tag","embeddable":true,"href":"https:\/\/baldumarket.lt\/lt\/wp-json\/wp\/v2\/product_tag?post=165368"}],"curies":[{"name":"wp","href":"https:\/\/api.w.org\/{rel}","templated":true}]}}