{"id":165362,"date":"2025-12-19T15:20:38","date_gmt":"2025-12-19T12:20:38","guid":{"rendered":"https:\/\/baldumarket.lt\/product\/linkastyles-3-komoda-rtv-2d1s-green-stone\/"},"modified":"2026-04-12T16:18:30","modified_gmt":"2026-04-12T13:18:30","slug":"linkastyles-3-komoda-rtv-2d1s-green-stone","status":"publish","type":"product","link":"https:\/\/baldumarket.lt\/lt\/product\/linkastyles-3-komoda-rtv-2d1s-green-stone\/","title":{"rendered":"LINKaSTYLES-3 \u2013 TV komoda 2D1S \u017dalias akmuo"},"content":{"rendered":"<p>2D1S \u017ealio akmens spalvos televizoriaus spintel\u0117 \u2013 puikus sprendimas ie\u0161kantiems modernaus dizaino ir funkcionalumo derinio. Eleganti\u0161ka \u017ealio akmens spalva, \u012fkv\u0117pta nat\u016bralaus akmens, suteikia bet kokiam interjerui unikalumo. \u0160i \u201eJarstol\u201c televizoriaus spintel\u0117 taps ne tik prakti\u0161ku baldu, bet ir ak\u012f traukian\u010dia j\u016bs\u0173 svetain\u0117s puo\u0161mena. D\u0117l minimalistin\u0117s formos ji i\u0161ties traukia ak\u012f ir dera prie \u012fvairi\u0173 interjero stili\u0173. Centrin\u0117je spintel\u0117s dalyje yra gilus stal\u010dius, kuriame galite susid\u0117ti smulkius daiktus, tokius kaip nuotolinio valdymo pulteliai, laidai ir kiti b\u016btini priedai. Vir\u0161 stal\u010diaus yra lentyna, puikiai tinkanti garso ir vaizdo \u012frangai, pavyzd\u017eiui, pried\u0117liams ar \u017eaidim\u0173 konsol\u0117ms. D\u0117l gerai apgalvoto dizaino 2D1S televizoriaus spintel\u0117 si\u016blo maksimal\u0173 funkcionalum\u0105 minimalioje erdv\u0117je, tod\u0117l puikiai tinka ma\u017eesn\u0117ms svetain\u0117ms. Pagaminta i\u0161 auk\u0161tos kokyb\u0117s med\u017eiag\u0173, toki\u0173 kaip laminuota plok\u0161t\u0117 ir MDF, spintel\u0117 yra ne tik esteti\u0161kai patraukli, bet ir patvari. \u0160velniai u\u017esidarantys vyriai u\u017etikrina patog\u0173 naudojim\u0105, o matin\u0117s juodos metalin\u0117s rankenos ir kojel\u0117s suteikia klas\u0117s ir modernumo. D\u0117mesys detal\u0117ms daro \u0161\u012f bald\u0105 ne tik prakti\u0161k\u0105, bet ir eleganti\u0161k\u0105.<\/p>","protected":false},"excerpt":{"rendered":"<p>Plotis (cm): 135<br \/>\n\u016agis (cm): 56,1<br \/>\nGylis (cm): 40,6<\/p>","protected":false},"featured_media":165363,"comment_status":"open","ping_status":"open","template":"","meta":[],"product_brand":[],"product_cat":[9508,4108,1175],"product_tag":[],"class_list":{"0":"post-165362","1":"product","2":"type-product","3":"status-publish","4":"has-post-thumbnail","6":"product_cat-furniture-system-linkastyles-jarstol-meble","7":"product_cat-jarstol","8":"product_cat-tv-stands","10":"first","11":"instock","12":"purchasable","13":"product-type-simple"},"_links":{"self":[{"href":"https:\/\/baldumarket.lt\/lt\/wp-json\/wp\/v2\/product\/165362","targetHints":{"allow":["GET"]}}],"collection":[{"href":"https:\/\/baldumarket.lt\/lt\/wp-json\/wp\/v2\/product"}],"about":[{"href":"https:\/\/baldumarket.lt\/lt\/wp-json\/wp\/v2\/types\/product"}],"replies":[{"embeddable":true,"href":"https:\/\/baldumarket.lt\/lt\/wp-json\/wp\/v2\/comments?post=165362"}],"wp:featuredmedia":[{"embeddable":true,"href":"https:\/\/baldumarket.lt\/lt\/wp-json\/wp\/v2\/media\/165363"}],"wp:attachment":[{"href":"https:\/\/baldumarket.lt\/lt\/wp-json\/wp\/v2\/media?parent=165362"}],"wp:term":[{"taxonomy":"product_brand","embeddable":true,"href":"https:\/\/baldumarket.lt\/lt\/wp-json\/wp\/v2\/product_brand?post=165362"},{"taxonomy":"product_cat","embeddable":true,"href":"https:\/\/baldumarket.lt\/lt\/wp-json\/wp\/v2\/product_cat?post=165362"},{"taxonomy":"product_tag","embeddable":true,"href":"https:\/\/baldumarket.lt\/lt\/wp-json\/wp\/v2\/product_tag?post=165362"}],"curies":[{"name":"wp","href":"https:\/\/api.w.org\/{rel}","templated":true}]}}