{"id":165356,"date":"2025-12-19T15:20:25","date_gmt":"2025-12-19T12:20:25","guid":{"rendered":"https:\/\/baldumarket.lt\/product\/linkastyles-4-komoda-rtv-2d1s-green-stone\/"},"modified":"2026-04-12T16:36:01","modified_gmt":"2026-04-12T13:36:01","slug":"linkastyles-4-komoda-rtv-2d1s-green-stone","status":"publish","type":"product","link":"https:\/\/baldumarket.lt\/lt\/product\/linkastyles-4-komoda-rtv-2d1s-green-stone\/","title":{"rendered":"LINKaSTYLES-4 \u2013 TV komoda 2D1S \u017dalias akmuo"},"content":{"rendered":"<p>Atraskite modernum\u0105 ir elegancij\u0105 su \u201eLINKaSTYLES-4\u201c televizoriaus staliuku \u017ealio akmens spalvos. \u0160is unikalus, 165,3 cm plo\u010dio ir 56,1 cm auk\u0161\u010dio baldas \u2013 puikus sprendimas visiems, norintiems suteikti savo svetainei modernumo. Subtili\u0173 spalv\u0173 ir dizaineri\u0173 sukurta apdaila puikiai dera su \u0161iuolaikin\u0117mis dizaino tendencijomis ir suteikia interjerui rafinuotumo. \u201eLINKaSTYLES-4\u201c televizoriaus staliukas \u017eavi ne tik estetika, bet ir funkcionalumu. Centrin\u0117je stovo dalyje yra sumaniai suprojektuota lentyna, puikiai tinkanti pried\u0117liui ar kitai televizijos \u012frangai laikyti, u\u017etikrinant, kad viskas, ko jums reikia, visada b\u016bt\u0173 po ranka. Be to, erdvus stal\u010dius smulkiems daiktams ir dvi prakti\u0161kos \u0161onin\u0117s spintel\u0117s \u012fvairiems priedams pad\u0117s palaikyti tvark\u0105 ir organizuotum\u0105 j\u016bs\u0173 svetain\u0117je. Pagaminta i\u0161 patvari\u0173 med\u017eiag\u0173, toki\u0173 kaip laminuota plok\u0161t\u0117 ir MDF, \u201eLINKaSTYLES-4\u201c indauja yra ne tik stilinga, bet ir patvari bei lengvai pri\u017ei\u016brima. Matin\u0117s juodos kojel\u0117s ir rankenos suteikia \u017eavesio, pabr\u0117\u017eiant modern\u0173 baldo charakter\u012f. \u0160is modelis yra trij\u0173 spalv\u0173 \u2013 ka\u0161myro, indigo ir \u017ealio akmens \u2013 tod\u0117l j\u012f galima derinti prie \u012fvairi\u0173 interjero dizain\u0173.<\/p>","protected":false},"excerpt":{"rendered":"<p>Plotis (cm): 165,3<br \/>\n\u016agis (cm): 56,1<br \/>\nGylis (cm): 40,6<\/p>","protected":false},"featured_media":165357,"comment_status":"open","ping_status":"open","template":"","meta":[],"product_brand":[],"product_cat":[9508,4108,1175],"product_tag":[],"class_list":{"0":"post-165356","1":"product","2":"type-product","3":"status-publish","4":"has-post-thumbnail","6":"product_cat-furniture-system-linkastyles-jarstol-meble","7":"product_cat-jarstol","8":"product_cat-tv-stands","10":"first","11":"instock","12":"purchasable","13":"product-type-simple"},"_links":{"self":[{"href":"https:\/\/baldumarket.lt\/lt\/wp-json\/wp\/v2\/product\/165356","targetHints":{"allow":["GET"]}}],"collection":[{"href":"https:\/\/baldumarket.lt\/lt\/wp-json\/wp\/v2\/product"}],"about":[{"href":"https:\/\/baldumarket.lt\/lt\/wp-json\/wp\/v2\/types\/product"}],"replies":[{"embeddable":true,"href":"https:\/\/baldumarket.lt\/lt\/wp-json\/wp\/v2\/comments?post=165356"}],"wp:featuredmedia":[{"embeddable":true,"href":"https:\/\/baldumarket.lt\/lt\/wp-json\/wp\/v2\/media\/165357"}],"wp:attachment":[{"href":"https:\/\/baldumarket.lt\/lt\/wp-json\/wp\/v2\/media?parent=165356"}],"wp:term":[{"taxonomy":"product_brand","embeddable":true,"href":"https:\/\/baldumarket.lt\/lt\/wp-json\/wp\/v2\/product_brand?post=165356"},{"taxonomy":"product_cat","embeddable":true,"href":"https:\/\/baldumarket.lt\/lt\/wp-json\/wp\/v2\/product_cat?post=165356"},{"taxonomy":"product_tag","embeddable":true,"href":"https:\/\/baldumarket.lt\/lt\/wp-json\/wp\/v2\/product_tag?post=165356"}],"curies":[{"name":"wp","href":"https:\/\/api.w.org\/{rel}","templated":true}]}}