{"id":165350,"date":"2025-12-19T15:20:11","date_gmt":"2025-12-19T12:20:11","guid":{"rendered":"https:\/\/baldumarket.lt\/product\/linkastyles-5-witryna-2d1s-green-stone\/"},"modified":"2026-04-12T16:35:52","modified_gmt":"2026-04-12T13:35:52","slug":"linkastyles-5-witryna-2d1s-green-stone","status":"publish","type":"product","link":"https:\/\/baldumarket.lt\/lt\/product\/linkastyles-5-witryna-2d1s-green-stone\/","title":{"rendered":"LINKaSTYLES-5 \u2013 2D1S \u017ealio akmens vitrina"},"content":{"rendered":"<p>\u201eLINKaSTYLES-5\u201c vitrina \u201eGreen Stone\u201c spalvos \u2013 tikras \u0161edevras, kuris bet kokiam interjerui suteiks elegancijos. Modernus dizainas harmoningai derina funkcionalum\u0105 su i\u0161skirtiniu stiliumi, traukia sve\u010di\u0173 ak\u012f ir tampa svetain\u0117s traukos centru. Pagaminta i\u0161 auk\u0161tos kokyb\u0117s med\u017eiag\u0173, spintel\u0117 spinduliuoja patvarumu ir estetika, kuri d\u017eiugins ak\u012f ilgus metus. Apatin\u0117 spintel\u0117s dalis yra labai prakti\u0161ka, joje yra lentyna ir erdvus stal\u010dius, puikiai tinkantis \u012fvairiems nieku\u010diams laikyti. Vir\u0161utin\u0117 dalis su skaidriu stiklu ir dviem eleganti\u0161komis lentynomis leid\u017eia demonstruoti m\u0117gstamas knygas, suvenyrus ar papuo\u0161alus. Atidarymo spustel\u0117jus sistema leid\u017eia spintel\u0119 atidaryti itin patogiai, o tai tikrai \u012fvertins visi komforto ir funkcionalumo m\u0117g\u0117jai. \u201eLINKaSTYLES-5\u201c vitrina taip pat si\u016bloma dviej\u0173 kit\u0173 spalv\u0173 \u2013 ka\u0161myro ir indigo, tod\u0117l ji der\u0117s prie \u012fvairi\u0173 interjero dizain\u0173. Pasirinkdami \u201eGreen Stone\u201c, renkat\u0117s dr\u0105s\u0173, ta\u010diau eleganti\u0161k\u0105 sprendim\u0105, kuris j\u016bs\u0173 erdvei suteiks gaivumo ir stiliaus. Matin\u0117s juodos spalvos rankena ir kojel\u0117s suteikia visumai modernumo, dera prie minimalistinio dizaino.<\/p>","protected":false},"excerpt":{"rendered":"<p>Plotis (cm): 54,5<br \/>\n\u016agis (cm): 196,1<br \/>\nGylis (cm): 40,6<\/p>","protected":false},"featured_media":165351,"comment_status":"open","ping_status":"open","template":"","meta":[],"product_brand":[],"product_cat":[9508,4108,2006],"product_tag":[],"class_list":{"0":"post-165350","1":"product","2":"type-product","3":"status-publish","4":"has-post-thumbnail","6":"product_cat-furniture-system-linkastyles-jarstol-meble","7":"product_cat-jarstol","8":"product_cat-vitrines","10":"first","11":"instock","12":"purchasable","13":"product-type-simple"},"_links":{"self":[{"href":"https:\/\/baldumarket.lt\/lt\/wp-json\/wp\/v2\/product\/165350","targetHints":{"allow":["GET"]}}],"collection":[{"href":"https:\/\/baldumarket.lt\/lt\/wp-json\/wp\/v2\/product"}],"about":[{"href":"https:\/\/baldumarket.lt\/lt\/wp-json\/wp\/v2\/types\/product"}],"replies":[{"embeddable":true,"href":"https:\/\/baldumarket.lt\/lt\/wp-json\/wp\/v2\/comments?post=165350"}],"wp:featuredmedia":[{"embeddable":true,"href":"https:\/\/baldumarket.lt\/lt\/wp-json\/wp\/v2\/media\/165351"}],"wp:attachment":[{"href":"https:\/\/baldumarket.lt\/lt\/wp-json\/wp\/v2\/media?parent=165350"}],"wp:term":[{"taxonomy":"product_brand","embeddable":true,"href":"https:\/\/baldumarket.lt\/lt\/wp-json\/wp\/v2\/product_brand?post=165350"},{"taxonomy":"product_cat","embeddable":true,"href":"https:\/\/baldumarket.lt\/lt\/wp-json\/wp\/v2\/product_cat?post=165350"},{"taxonomy":"product_tag","embeddable":true,"href":"https:\/\/baldumarket.lt\/lt\/wp-json\/wp\/v2\/product_tag?post=165350"}],"curies":[{"name":"wp","href":"https:\/\/api.w.org\/{rel}","templated":true}]}}