{"id":165344,"date":"2025-12-19T15:19:57","date_gmt":"2025-12-19T12:19:57","guid":{"rendered":"https:\/\/baldumarket.lt\/product\/linkastyles-6-stolik-kawowy-1-szuflada-green-stone\/"},"modified":"2026-04-12T16:46:43","modified_gmt":"2026-04-12T13:46:43","slug":"linkastyles-6-stolik-kawowy-1-szuflada-green-stone","status":"publish","type":"product","link":"https:\/\/baldumarket.lt\/lt\/product\/linkastyles-6-stolik-kawowy-1-szuflada-green-stone\/","title":{"rendered":"LINKaSTYLES-6 \u2013 \u017dalio akmens kavos staliukas su 1 stal\u010diumi"},"content":{"rendered":"<p>LINKaSTYLES-6 kavos staliukas \u2013 puikus pasirinkimas visiems, norintiems savo interjerui suteikti unikalaus stiliaus. Modernus \u017ealio akmens dizainas \u2013 tai elegancijos ir funkcionalumo derinys, kuris i\u0161skirs j\u016bs\u0173 erdv\u0119. D\u0117l eleganti\u0161k\u0173 linij\u0173 ir minimalistin\u0117s i\u0161vaizdos \u0161is staliukas puikiai tiks \u012fvairiose aplinkose \u2013 tiek svetain\u0117je, tiek terasoje \u0161iltomis dienomis. Unikali staliuko savyb\u0117 \u2013 prakti\u0161kas stal\u010dius, kuriame yra daug vietos b\u016btiniausiems daiktams laikyti. Nesvarbu, ar tai knygos, nuotolinio valdymo pulteliai, ar kiti priedai \u2013 viskas ras savo viet\u0105 \u0161iame erdviame skyriuje. Be to, patogi lentyna po stalvir\u0161iu leid\u017eia lengvai pasiekti b\u016btiniausius daiktus, tod\u0117l j\u016bs\u0173 poilsis tampa dar patogesnis. Buko stalvir\u0161is su laminato apdaila ne tik atrodo itin esteti\u0161kai, bet ir yra atsparus vis\u0173 tip\u0173 d\u0117m\u0117ms ir \u012fbr\u0117\u017eimams. Eleganti\u0161kos matin\u0117s juodos spalvos metalin\u0117s kojel\u0117s suteikia modernumo, kartu u\u017etikrindamos stabilum\u0105 ir ilgaam\u017ei\u0161kum\u0105. \u0160is derinys paver\u010dia LINKaSTYLES-6 baldu, kuris tarnaus jums ilg\u0105 laik\u0105, i\u0161laikydamas savo nepriekai\u0161ting\u0105 i\u0161vaizd\u0105.<\/p>","protected":false},"excerpt":{"rendered":"<p>Plotis (cm): 90<br \/>\n\u016agis (cm): 45,5<br \/>\nGylis (cm): 40,6<\/p>","protected":false},"featured_media":165345,"comment_status":"open","ping_status":"open","template":"","meta":[],"product_brand":[],"product_cat":[9508,866,4108],"product_tag":[],"class_list":{"0":"post-165344","1":"product","2":"type-product","3":"status-publish","4":"has-post-thumbnail","6":"product_cat-furniture-system-linkastyles-jarstol-meble","7":"product_cat-coffee-tables","8":"product_cat-jarstol","10":"first","11":"instock","12":"purchasable","13":"product-type-simple"},"_links":{"self":[{"href":"https:\/\/baldumarket.lt\/lt\/wp-json\/wp\/v2\/product\/165344","targetHints":{"allow":["GET"]}}],"collection":[{"href":"https:\/\/baldumarket.lt\/lt\/wp-json\/wp\/v2\/product"}],"about":[{"href":"https:\/\/baldumarket.lt\/lt\/wp-json\/wp\/v2\/types\/product"}],"replies":[{"embeddable":true,"href":"https:\/\/baldumarket.lt\/lt\/wp-json\/wp\/v2\/comments?post=165344"}],"wp:featuredmedia":[{"embeddable":true,"href":"https:\/\/baldumarket.lt\/lt\/wp-json\/wp\/v2\/media\/165345"}],"wp:attachment":[{"href":"https:\/\/baldumarket.lt\/lt\/wp-json\/wp\/v2\/media?parent=165344"}],"wp:term":[{"taxonomy":"product_brand","embeddable":true,"href":"https:\/\/baldumarket.lt\/lt\/wp-json\/wp\/v2\/product_brand?post=165344"},{"taxonomy":"product_cat","embeddable":true,"href":"https:\/\/baldumarket.lt\/lt\/wp-json\/wp\/v2\/product_cat?post=165344"},{"taxonomy":"product_tag","embeddable":true,"href":"https:\/\/baldumarket.lt\/lt\/wp-json\/wp\/v2\/product_tag?post=165344"}],"curies":[{"name":"wp","href":"https:\/\/api.w.org\/{rel}","templated":true}]}}