{"id":165338,"date":"2025-12-19T15:19:44","date_gmt":"2025-12-19T12:19:44","guid":{"rendered":"https:\/\/baldumarket.lt\/product\/linkastyles-7-szafka-nocna-1-szuflada-green-stone\/"},"modified":"2026-04-12T16:35:52","modified_gmt":"2026-04-12T13:35:52","slug":"linkastyles-7-szafka-nocna-1-szuflada-green-stone","status":"publish","type":"product","link":"https:\/\/baldumarket.lt\/lt\/product\/linkastyles-7-szafka-nocna-1-szuflada-green-stone\/","title":{"rendered":"LINKaSTYLES-7 &#8211; Naktinis staliukas su 1 stal\u010diumi, \u017ealias, akmens spalvos"},"content":{"rendered":"<p>Suteikite savo miegamajam modernaus stiliaus su LINKaSTYLES-7 naktiniu staliuku. Eleganti\u0161kas \u017ealio akmens dizainas i\u0161siskiria ne tik i\u0161skirtiniu charakteriu, bet ir unikaliu geb\u0117jimu \u012fsilieti \u012f \u012fvairius interjero dizainus. D\u0117l harmoning\u0173 form\u0173 ir minimalistini\u0173 detali\u0173 \u0161is naktinis staliukas taps puikiu j\u016bs\u0173 erdv\u0117s akcentu, suteikdamas klas\u0117s ir gaivos. \u0160is naktinis staliukas i\u0161siskiria savo funkcionalumu, kuris palengvins kasdien\u012f gyvenim\u0105. Tur\u0117damas vien\u0105 erdv\u0173 stal\u010di\u0173 ir patogi\u0105 lentyn\u0105, tur\u0117site vietos laikyti b\u016btiniausius daiktus, tokius kaip knygos ar m\u0117gstami veido kremai. \u0160is prakti\u0161kas sprendimas puikiai tinka tiek ma\u017eiems, tiek erdviems miegamiesiems, si\u016blydamas ne tik estetik\u0105, bet ir prakti\u0161kum\u0105. Juoda matin\u0117 apdaila atspindi \u0161iuolaikines tendencijas, suteikdama elegancijos ir modernumo. Naudotos auk\u0161tos kokyb\u0117s med\u017eiagos, tokios kaip laminuota plok\u0161t\u0117 ir MDF, u\u017etikrina atsparum\u0105 pa\u017eeidimams ir lengv\u0105 valym\u0105. Be to, metalin\u0117s kojel\u0117s ir rankenos suteikia tvirtumo neprarandant formos lengvumo, o tai itin svarbu harmoningai miegamojo i\u0161vaizdai.<\/p>","protected":false},"excerpt":{"rendered":"<p>Plotis (cm): 54,4<br \/>\n\u016agis (cm): 55,1<br \/>\nGylis (cm): 58<\/p>","protected":false},"featured_media":165339,"comment_status":"open","ping_status":"open","template":"","meta":[],"product_brand":[],"product_cat":[1176,4108],"product_tag":[],"class_list":{"0":"post-165338","1":"product","2":"type-product","3":"status-publish","4":"has-post-thumbnail","6":"product_cat-bedside-tables","7":"product_cat-jarstol","9":"first","10":"instock","11":"purchasable","12":"product-type-simple"},"_links":{"self":[{"href":"https:\/\/baldumarket.lt\/lt\/wp-json\/wp\/v2\/product\/165338","targetHints":{"allow":["GET"]}}],"collection":[{"href":"https:\/\/baldumarket.lt\/lt\/wp-json\/wp\/v2\/product"}],"about":[{"href":"https:\/\/baldumarket.lt\/lt\/wp-json\/wp\/v2\/types\/product"}],"replies":[{"embeddable":true,"href":"https:\/\/baldumarket.lt\/lt\/wp-json\/wp\/v2\/comments?post=165338"}],"wp:featuredmedia":[{"embeddable":true,"href":"https:\/\/baldumarket.lt\/lt\/wp-json\/wp\/v2\/media\/165339"}],"wp:attachment":[{"href":"https:\/\/baldumarket.lt\/lt\/wp-json\/wp\/v2\/media?parent=165338"}],"wp:term":[{"taxonomy":"product_brand","embeddable":true,"href":"https:\/\/baldumarket.lt\/lt\/wp-json\/wp\/v2\/product_brand?post=165338"},{"taxonomy":"product_cat","embeddable":true,"href":"https:\/\/baldumarket.lt\/lt\/wp-json\/wp\/v2\/product_cat?post=165338"},{"taxonomy":"product_tag","embeddable":true,"href":"https:\/\/baldumarket.lt\/lt\/wp-json\/wp\/v2\/product_tag?post=165338"}],"curies":[{"name":"wp","href":"https:\/\/api.w.org\/{rel}","templated":true}]}}