{"id":165331,"date":"2025-12-19T15:19:30","date_gmt":"2025-12-19T12:19:30","guid":{"rendered":"https:\/\/baldumarket.lt\/product\/linkastyles-8-witryna-2-drzwiowa-green-stone\/"},"modified":"2026-04-12T16:35:52","modified_gmt":"2026-04-12T13:35:52","slug":"linkastyles-8-witryna-2-drzwiowa-green-stone","status":"publish","type":"product","link":"https:\/\/baldumarket.lt\/lt\/product\/linkastyles-8-witryna-2-drzwiowa-green-stone\/","title":{"rendered":"LINKaSTYLES-8 \u2013 \u017daliojo akmens dviej\u0173 dur\u0173 vitrina"},"content":{"rendered":"<p>\u201eJarstol Green Stone\u201c dviej\u0173 dur\u0173 vitrina yra elegancijos ir modernumo sinonimas, puikiai papildantis bet kok\u012f interjer\u0105. Unikali \u017ealio akmens spalva kartu su matin\u0117s juodos spalvos akcentais sukuria harmoning\u0105 visum\u0105, kuri \u017eavi i\u0161 pirmo \u017evilgsnio. Spintel\u0117 ne tik pagerina j\u016bs\u0173 svetain\u0117s ar valgomojo stili\u0173, bet ir suteikia funkcionalumo, reikalingo m\u0117gstamiausiems daiktams sutvarkyti. Viduje rasite vietos indams, stiklin\u0117ms, l\u0117k\u0161t\u0117ms ir eleganti\u0161koms dekoracijoms. LED lentyn\u0173 ap\u0161vietimas suteikia unikal\u0173 spintel\u0117s spintel\u0117s ap\u0161vietim\u0105, traukia ak\u012f ir padaro j\u016bs\u0173 piet\u0173 servizus ar suvenyrus dar \u012fsp\u016bdingesnius. Stilingi, grioveliai suteikia spintelei charakterio, o skaidrus stiklas leid\u017eia gro\u017e\u0117tis spintel\u0117s turiniu neatidarant dureli\u0173. Spintel\u0117 yra ne tik esteti\u0161kai patraukli, bet ir prakti\u0161ka. Juodos metalin\u0117s kojel\u0117s suteikia lengvumo poj\u016bt\u012f, tod\u0117l valymas yra greitas ir paprastas. Surinkimas yra paprastas, o surinkta spintel\u0117 neabejotinai taps bet kurio kambario traukos centru. Galima rinktis i\u0161 trij\u0173 eleganti\u0161k\u0173 spalv\u0173 \u2013 ka\u0161myro, indigo ir \u017ealio akmens \u2013 kiekvienas gali rasti versij\u0105, kuri puikiai atitinka jo stili\u0173.<\/p>","protected":false},"excerpt":{"rendered":"<p>Plotis (cm): 104,8<br \/>\n\u016agis (cm): 150<br \/>\nGylis (cm): 40,6<\/p>","protected":false},"featured_media":165332,"comment_status":"open","ping_status":"open","template":"","meta":[],"product_brand":[],"product_cat":[9508,4108,2006],"product_tag":[],"class_list":{"0":"post-165331","1":"product","2":"type-product","3":"status-publish","4":"has-post-thumbnail","6":"product_cat-furniture-system-linkastyles-jarstol-meble","7":"product_cat-jarstol","8":"product_cat-vitrines","10":"first","11":"instock","12":"purchasable","13":"product-type-simple"},"_links":{"self":[{"href":"https:\/\/baldumarket.lt\/lt\/wp-json\/wp\/v2\/product\/165331","targetHints":{"allow":["GET"]}}],"collection":[{"href":"https:\/\/baldumarket.lt\/lt\/wp-json\/wp\/v2\/product"}],"about":[{"href":"https:\/\/baldumarket.lt\/lt\/wp-json\/wp\/v2\/types\/product"}],"replies":[{"embeddable":true,"href":"https:\/\/baldumarket.lt\/lt\/wp-json\/wp\/v2\/comments?post=165331"}],"wp:featuredmedia":[{"embeddable":true,"href":"https:\/\/baldumarket.lt\/lt\/wp-json\/wp\/v2\/media\/165332"}],"wp:attachment":[{"href":"https:\/\/baldumarket.lt\/lt\/wp-json\/wp\/v2\/media?parent=165331"}],"wp:term":[{"taxonomy":"product_brand","embeddable":true,"href":"https:\/\/baldumarket.lt\/lt\/wp-json\/wp\/v2\/product_brand?post=165331"},{"taxonomy":"product_cat","embeddable":true,"href":"https:\/\/baldumarket.lt\/lt\/wp-json\/wp\/v2\/product_cat?post=165331"},{"taxonomy":"product_tag","embeddable":true,"href":"https:\/\/baldumarket.lt\/lt\/wp-json\/wp\/v2\/product_tag?post=165331"}],"curies":[{"name":"wp","href":"https:\/\/api.w.org\/{rel}","templated":true}]}}