{"id":165325,"date":"2025-12-19T15:19:18","date_gmt":"2025-12-19T12:19:18","guid":{"rendered":"https:\/\/baldumarket.lt\/product\/linkastyles-9-toaletka-konsola-2-szuflady-green-stone\/"},"modified":"2026-04-12T16:35:52","modified_gmt":"2026-04-12T13:35:52","slug":"linkastyles-9-toaletka-konsola-2-szuflady-green-stone","status":"publish","type":"product","link":"https:\/\/baldumarket.lt\/lt\/product\/linkastyles-9-toaletka-konsola-2-szuflady-green-stone\/","title":{"rendered":"LINKaSTYLES-9 &#8211; Konsolinis tualetinis staliukas su 2 stal\u010diais, \u017ealias akmuo"},"content":{"rendered":"<p>\u201eLINKaSTYLES-9\u201c konsolinis tualetinis staliukas i\u0161 \u017ealio akmens pasi\u017eymi unikaliu charakteriu, o minimalistinis dizainas puikiai dera prie \u012fvairi\u0173 interjero stili\u0173. Konsol\u0117 yra ne tik prakti\u0161kas priedas, bet ir dekoratyvinis elementas, tod\u0117l ji yra tikra bet kurio koridoriaus, miegamojo ar svetain\u0117s puo\u0161mena. Prie\u0161kambaris yra vieta, kur funkcionalumas dera su estetika, o m\u016bs\u0173 \u201eLINKaSTYLES-9\u201c konsolinis staliukas yra puikus \u0161io derinio pavyzdys. Du erdv\u016bs stal\u010diai leid\u017eia lengvai laikyti raktus, krep\u0161ius ir kitus nieku\u010dius, kurie link\u0119 kauptis namuose. Be to, jei vir\u0161 konsolinio staliuko pastatysite veidrod\u012f, sukursite \u012fsp\u016bding\u0105 erdv\u0119, kuri puikiai tarnaus kaip tualetinis staliukas. Jis idealiai tinka rytin\u0117ms gro\u017eio proced\u016broms ar vakaro poilsiui. Pagamintas i\u0161 auk\u0161tos kokyb\u0117s med\u017eiag\u0173, toki\u0173 kaip laminuota plok\u0161t\u0117 ir MDF, \u0161is baldas derina patvarum\u0105 ir elegancij\u0105. Matin\u0117s juodos metalin\u0117s kojel\u0117s ir rankenos suteikia modernumo ir u\u017etikrina stabilum\u0105. \u201eLINKaSTYLES-9\u201c konsol\u0117 yra trij\u0173 prislopint\u0173 spalv\u0173: ka\u0161myro, indigo ir \u017ealio akmens, tod\u0117l ji dera prie bet kokio interjero.<\/p>","protected":false},"excerpt":{"rendered":"<p>Plotis (cm): 110<br \/>\n\u016agis (cm): 78<br \/>\nGylis (cm): 40,6<\/p>","protected":false},"featured_media":165326,"comment_status":"open","ping_status":"open","template":"","meta":[],"product_brand":[],"product_cat":[9508,1237,4108],"product_tag":[],"class_list":{"0":"post-165325","1":"product","2":"type-product","3":"status-publish","4":"has-post-thumbnail","6":"product_cat-furniture-system-linkastyles-jarstol-meble","7":"product_cat-dressing-tables","8":"product_cat-jarstol","10":"first","11":"instock","12":"purchasable","13":"product-type-simple"},"_links":{"self":[{"href":"https:\/\/baldumarket.lt\/lt\/wp-json\/wp\/v2\/product\/165325","targetHints":{"allow":["GET"]}}],"collection":[{"href":"https:\/\/baldumarket.lt\/lt\/wp-json\/wp\/v2\/product"}],"about":[{"href":"https:\/\/baldumarket.lt\/lt\/wp-json\/wp\/v2\/types\/product"}],"replies":[{"embeddable":true,"href":"https:\/\/baldumarket.lt\/lt\/wp-json\/wp\/v2\/comments?post=165325"}],"wp:featuredmedia":[{"embeddable":true,"href":"https:\/\/baldumarket.lt\/lt\/wp-json\/wp\/v2\/media\/165326"}],"wp:attachment":[{"href":"https:\/\/baldumarket.lt\/lt\/wp-json\/wp\/v2\/media?parent=165325"}],"wp:term":[{"taxonomy":"product_brand","embeddable":true,"href":"https:\/\/baldumarket.lt\/lt\/wp-json\/wp\/v2\/product_brand?post=165325"},{"taxonomy":"product_cat","embeddable":true,"href":"https:\/\/baldumarket.lt\/lt\/wp-json\/wp\/v2\/product_cat?post=165325"},{"taxonomy":"product_tag","embeddable":true,"href":"https:\/\/baldumarket.lt\/lt\/wp-json\/wp\/v2\/product_tag?post=165325"}],"curies":[{"name":"wp","href":"https:\/\/api.w.org\/{rel}","templated":true}]}}