{"id":165319,"date":"2025-12-19T15:19:06","date_gmt":"2025-12-19T12:19:06","guid":{"rendered":"https:\/\/baldumarket.lt\/product\/linkastyles-10-polka-wiszaca-green-stone\/"},"modified":"2026-04-12T16:35:52","modified_gmt":"2026-04-12T13:35:52","slug":"linkastyles-10-polka-wiszaca-green-stone","status":"publish","type":"product","link":"https:\/\/baldumarket.lt\/lt\/product\/linkastyles-10-polka-wiszaca-green-stone\/","title":{"rendered":"LINKaSTYLES-10 \u2013 \u017daliojo akmens pakabinama lentyna"},"content":{"rendered":"<p>\u201eJarstol\u201c \u017ealio akmens pakabinama lentyna yra unikalus baldas, pasi\u017eymintis ne tik funkcionalumu, bet ir unikaliu stiliumi. Moderni \u017ealio akmens i\u0161vaizda puikiai der\u0117s prie \u012fvairi\u0173 interjero dizain\u0173, suteikdama gaivumo ir elegancijos. 120 cm plo\u010dio, 32 cm auk\u0161\u010dio ir 18 cm gylio lentyna idealiai tinka naudoti \u012fvairiose erdv\u0117se \u2013 nuo svetaini\u0173 iki biur\u0173. \u0160i lentyna buvo sukurta atsi\u017evelgiant \u012f estetik\u0105 ir prakti\u0161kum\u0105. Joje lengvai tilps ne tik m\u0117gstamos knygos, bet ir \u012fvairios dekoracijos, g\u0117l\u0117s bei kelioni\u0173 suvenyrai. \u201eLINKaSTYLES\u201c lentyna \u2013 puiki vieta eksponuoti jums svarbius daiktus, o minimalistinis dizainas pagyvins kiekvien\u0105 i\u0161 \u0161i\u0173 daikt\u0173. Pagaminta i\u0161 auk\u0161tos kokyb\u0117s laminuotos plok\u0161t\u0117s, lentyna derina patvarum\u0105 ir elegancij\u0105. \u017dalia akmens spalva, gauta naudojant \u201eEgger\u201c technologij\u0105, daro lentyn\u0105 ne tik esteti\u0161kai patraukli\u0105, bet ir atspari\u0105 kasdieniam naudojimui. Tai idealus sprendimas tiems, kurie vertina funkcionalum\u0105 ir mading\u0105 dizain\u0105.<\/p>","protected":false},"excerpt":{"rendered":"<p>Plotis (cm): 120<br \/>\n\u016agis (cm): 32<br \/>\nGylis (cm): 40,6<\/p>","protected":false},"featured_media":165320,"comment_status":"open","ping_status":"open","template":"","meta":[],"product_brand":[],"product_cat":[9508,1174,4108],"product_tag":[],"class_list":{"0":"post-165319","1":"product","2":"type-product","3":"status-publish","4":"has-post-thumbnail","6":"product_cat-furniture-system-linkastyles-jarstol-meble","7":"product_cat-hanging-shelves","8":"product_cat-jarstol","10":"first","11":"instock","12":"purchasable","13":"product-type-simple"},"_links":{"self":[{"href":"https:\/\/baldumarket.lt\/lt\/wp-json\/wp\/v2\/product\/165319","targetHints":{"allow":["GET"]}}],"collection":[{"href":"https:\/\/baldumarket.lt\/lt\/wp-json\/wp\/v2\/product"}],"about":[{"href":"https:\/\/baldumarket.lt\/lt\/wp-json\/wp\/v2\/types\/product"}],"replies":[{"embeddable":true,"href":"https:\/\/baldumarket.lt\/lt\/wp-json\/wp\/v2\/comments?post=165319"}],"wp:featuredmedia":[{"embeddable":true,"href":"https:\/\/baldumarket.lt\/lt\/wp-json\/wp\/v2\/media\/165320"}],"wp:attachment":[{"href":"https:\/\/baldumarket.lt\/lt\/wp-json\/wp\/v2\/media?parent=165319"}],"wp:term":[{"taxonomy":"product_brand","embeddable":true,"href":"https:\/\/baldumarket.lt\/lt\/wp-json\/wp\/v2\/product_brand?post=165319"},{"taxonomy":"product_cat","embeddable":true,"href":"https:\/\/baldumarket.lt\/lt\/wp-json\/wp\/v2\/product_cat?post=165319"},{"taxonomy":"product_tag","embeddable":true,"href":"https:\/\/baldumarket.lt\/lt\/wp-json\/wp\/v2\/product_tag?post=165319"}],"curies":[{"name":"wp","href":"https:\/\/api.w.org\/{rel}","templated":true}]}}