{"id":165312,"date":"2025-12-19T15:18:51","date_gmt":"2025-12-19T12:18:51","guid":{"rendered":"https:\/\/baldumarket.lt\/product\/cali-23-szafa-3d2s-z-lustrem-artisan\/"},"modified":"2026-02-09T11:16:28","modified_gmt":"2026-02-09T08:16:28","slug":"cali-23-szafa-3d2s-z-lustrem-artisan","status":"publish","type":"product","link":"https:\/\/baldumarket.lt\/lt\/product\/cali-23-szafa-3d2s-z-lustrem-artisan\/","title":{"rendered":"CALI-23 &#8211; 3D2S spinta su dailiu veidrod\u017eiu"},"content":{"rendered":"<p>\u201eJarstol\u201c spinta su \u201eArtisan\u201c veidrod\u017eiu \u201e3D2S\u201c \u2013 puikus sprendimas tiems, kurie vertina modern\u0173 stili\u0173, kuriame funkcionalumas dera su estetika. \u0160i erdvi 150 cm plo\u010dio ir 213 cm auk\u0161\u010dio spinta suteiks j\u016bs\u0173 interjerui unikal\u0173 lofto poj\u016bt\u012f. Nat\u016brali \u201eArtisan\u201c spalva harmoningai dera su juodomis detal\u0117mis, sukurdama eleganti\u0161k\u0105 ir modern\u0173 vaizd\u0105. \u0160is baldas ne tik papildo erdv\u0119, bet ir suteikia jai unikal\u0173 charakter\u012f. Kuo \u201e3D2S\u201c spinta i\u0161siskiria i\u0161 kit\u0173? Vis\u0173 pirma, didelis veidrodis priekyje yra ne tik prakti\u0161kas, bet ir vizualiai padidina erdv\u0119, suteikdamas jai gylio. Tai puiki vieta u\u017ebaigti darbus prie\u0161 i\u0161einant. Be to, subtil\u016bs groteli\u0173 \u012fd\u0117klai suteikia visai konstrukcijai elegancijos, tod\u0117l ji tampa tikra bet kokio interjero puo\u0161mena. Spinta pagaminta i\u0161 auk\u0161tos kokyb\u0117s laminuotos plok\u0161t\u0117s ir MDF, u\u017etikrinant jos patvarum\u0105 ir atsparum\u0105 pa\u017eeidimams. Papildomi elementai, tokie kaip metalin\u0117s rankenos ir \u0161velniai u\u017esidarantys vyriai, rodo apgalvot\u0105 po\u017ei\u016br\u012f \u012f funkcionalum\u0105 ir patogum\u0105. Bendras dizainas \u012fgauna modern\u0173 charakter\u012f, kuris puikiai tiks tiek minimalistiniame, tiek klasikiniame interjere.<\/p>","protected":false},"excerpt":{"rendered":"<p>Plotis (cm): 150<br \/>\n\u016agis (cm): 213<br \/>\nGylis (cm): 18<\/p>","protected":false},"featured_media":165313,"comment_status":"open","ping_status":"open","template":"","meta":[],"product_brand":[],"product_cat":[9503,4108,1177],"product_tag":[],"class_list":{"0":"post-165312","1":"product","2":"type-product","3":"status-publish","4":"has-post-thumbnail","6":"product_cat-furniture-system-cali-jarstol-meble","7":"product_cat-jarstol","8":"product_cat-wardrobes","10":"first","11":"instock","12":"purchasable","13":"product-type-simple"},"_links":{"self":[{"href":"https:\/\/baldumarket.lt\/lt\/wp-json\/wp\/v2\/product\/165312","targetHints":{"allow":["GET"]}}],"collection":[{"href":"https:\/\/baldumarket.lt\/lt\/wp-json\/wp\/v2\/product"}],"about":[{"href":"https:\/\/baldumarket.lt\/lt\/wp-json\/wp\/v2\/types\/product"}],"replies":[{"embeddable":true,"href":"https:\/\/baldumarket.lt\/lt\/wp-json\/wp\/v2\/comments?post=165312"}],"wp:featuredmedia":[{"embeddable":true,"href":"https:\/\/baldumarket.lt\/lt\/wp-json\/wp\/v2\/media\/165313"}],"wp:attachment":[{"href":"https:\/\/baldumarket.lt\/lt\/wp-json\/wp\/v2\/media?parent=165312"}],"wp:term":[{"taxonomy":"product_brand","embeddable":true,"href":"https:\/\/baldumarket.lt\/lt\/wp-json\/wp\/v2\/product_brand?post=165312"},{"taxonomy":"product_cat","embeddable":true,"href":"https:\/\/baldumarket.lt\/lt\/wp-json\/wp\/v2\/product_cat?post=165312"},{"taxonomy":"product_tag","embeddable":true,"href":"https:\/\/baldumarket.lt\/lt\/wp-json\/wp\/v2\/product_tag?post=165312"}],"curies":[{"name":"wp","href":"https:\/\/api.w.org\/{rel}","templated":true}]}}