{"id":165304,"date":"2025-12-19T15:18:33","date_gmt":"2025-12-19T12:18:33","guid":{"rendered":"https:\/\/baldumarket.lt\/product\/cali-24-szafa-4d2s-z-lustrem-artisan\/"},"modified":"2026-02-09T11:16:28","modified_gmt":"2026-02-09T08:16:28","slug":"cali-24-szafa-4d2s-z-lustrem-artisan","status":"publish","type":"product","link":"https:\/\/baldumarket.lt\/lt\/product\/cali-24-szafa-4d2s-z-lustrem-artisan\/","title":{"rendered":"CALI-24 &#8211; 4D2S spinta su \u201eArtist\u201c veidrod\u017eiu"},"content":{"rendered":"<p>Spinta CALI-24 \u2013 tai tobulas modernumo ir funkcionalumo derinys, kuris neabejotinai patenkins net ir reikliausi\u0173 vartotoj\u0173 l\u016bkes\u010dius. Unikali, lofto stiliaus i\u0161vaizda paver\u010dia j\u0105 i\u0161skirtiniu bet kokio interjero elementu, suteikian\u010diu charakterio ir stiliaus. Nat\u016bralus \u201eArtisan\u201c atspalvis harmoningai derinamas su eleganti\u0161kais juodais aksesuarais, kurie pabr\u0117\u017eia modern\u0173 bald\u0173 dizain\u0105. Didelis veidrodis, esantis ant spintos priekio, ne tik \u012fne\u0161a \u012f kambar\u012f daugiau \u0161viesos, bet ir vizualiai padidina erdv\u0119, o tai ypa\u010d svarbu ma\u017eesn\u0117se erdv\u0117se. Pagaminta i\u0161 auk\u0161tos kokyb\u0117s laminuotos plok\u0161t\u0117s, CALI-24 garantuoja patvarum\u0105 ir atsparum\u0105 pa\u017eeidimams, tod\u0117l tai idealus sprendimas kasdieniam naudojimui. Metalini\u0173 ranken\u0173 naudojimas yra ne tik estetikos, bet ir funkcionalumo klausimas, u\u017etikrinantis patogi\u0105 prieig\u0105 prie laikom\u0173 daikt\u0173. Spinta CALI-24 buvo kruop\u0161\u010diai suprojektuota siekiant maksimaliai i\u0161naudoti erdv\u0119 ir pasi\u016blyti daug vietos daiktams susid\u0117ti. Erdvus vidus leid\u017eia tvarkingai susid\u0117ti drabu\u017eius ir aksesuarus, o tai atitinka estetik\u0105 ir prakti\u0161kum\u0105, kurio visi siekiame balduose. Be to, tylus vyri\u0173 u\u017edarymas leid\u017eia patogiai ir be vargo naudotis spinta.<\/p>","protected":false},"excerpt":{"rendered":"<p>Plotis (cm): 200<br \/>\n\u016agis (cm): 213<br \/>\nGylis (cm): 60<\/p>","protected":false},"featured_media":165305,"comment_status":"open","ping_status":"open","template":"","meta":[],"product_brand":[],"product_cat":[9503,4108,1177],"product_tag":[],"class_list":{"0":"post-165304","1":"product","2":"type-product","3":"status-publish","4":"has-post-thumbnail","6":"product_cat-furniture-system-cali-jarstol-meble","7":"product_cat-jarstol","8":"product_cat-wardrobes","10":"first","11":"instock","12":"purchasable","13":"product-type-simple"},"_links":{"self":[{"href":"https:\/\/baldumarket.lt\/lt\/wp-json\/wp\/v2\/product\/165304","targetHints":{"allow":["GET"]}}],"collection":[{"href":"https:\/\/baldumarket.lt\/lt\/wp-json\/wp\/v2\/product"}],"about":[{"href":"https:\/\/baldumarket.lt\/lt\/wp-json\/wp\/v2\/types\/product"}],"replies":[{"embeddable":true,"href":"https:\/\/baldumarket.lt\/lt\/wp-json\/wp\/v2\/comments?post=165304"}],"wp:featuredmedia":[{"embeddable":true,"href":"https:\/\/baldumarket.lt\/lt\/wp-json\/wp\/v2\/media\/165305"}],"wp:attachment":[{"href":"https:\/\/baldumarket.lt\/lt\/wp-json\/wp\/v2\/media?parent=165304"}],"wp:term":[{"taxonomy":"product_brand","embeddable":true,"href":"https:\/\/baldumarket.lt\/lt\/wp-json\/wp\/v2\/product_brand?post=165304"},{"taxonomy":"product_cat","embeddable":true,"href":"https:\/\/baldumarket.lt\/lt\/wp-json\/wp\/v2\/product_cat?post=165304"},{"taxonomy":"product_tag","embeddable":true,"href":"https:\/\/baldumarket.lt\/lt\/wp-json\/wp\/v2\/product_tag?post=165304"}],"curies":[{"name":"wp","href":"https:\/\/api.w.org\/{rel}","templated":true}]}}