{"id":165296,"date":"2025-12-19T15:18:15","date_gmt":"2025-12-19T12:18:15","guid":{"rendered":"https:\/\/baldumarket.lt\/product\/cali-25-szafa-2d2s-z-lustrem-artisan\/"},"modified":"2026-02-09T11:16:28","modified_gmt":"2026-02-09T08:16:28","slug":"cali-25-szafa-2d2s-z-lustrem-artisan","status":"publish","type":"product","link":"https:\/\/baldumarket.lt\/lt\/product\/cali-25-szafa-2d2s-z-lustrem-artisan\/","title":{"rendered":"CALI-25 \u2013 2D2S spinta su \u201eArtist\u201c veidrod\u017eiu"},"content":{"rendered":"<p>Spinta su \u201eArtisan\u201c veidrod\u017eiu \u201eCALI-25 2D2S\u201c \u2013 puikus pasirinkimas tiems, kurie nori harmoningai derinti prakti\u0161kum\u0105 su moderniu stiliumi. Unikali, \u0161iek tiek lofto stiliaus i\u0161vaizda traukia d\u0117mes\u012f ir suteikia charakterio bet kokiam interjerui. Nat\u016bralus \u201eArtisan\u201c atspalvis kartu su eleganti\u0161komis juodomis detal\u0117mis ir groteli\u0173 \u012fd\u0117klu sukuria unikal\u0173 efekt\u0105, kuris praturtins erdv\u0119 bet kuriuose namuose. Didelis veidrodis spintos priekyje vizualiai padidins j\u016bs\u0173 erdv\u0119, o tai itin svarbu, ypa\u010d ma\u017eesniuose butuose. Veidrodis yra ne tik dekoratyvus, bet ir funkcionalus, leid\u017eiantis greitai per\u017ei\u016br\u0117ti savo aprang\u0105 prie\u0161 i\u0161einant. Spintos \u201eCALI-25\u201c prakti\u0161kumas slypi didel\u0117je talpoje, leid\u017eian\u010dioje esteti\u0161kai laikyti drabu\u017eius, batus ir kitus asmeninius daiktus. Visi \u0161ios spintos komponentai pagaminti i\u0161 auk\u0161\u010diausios kokyb\u0117s med\u017eiag\u0173, u\u017etikrinan\u010di\u0173 ilgaam\u017ei\u0161kum\u0105 ir patvarum\u0105. Korpusui ir priekiui naudojama laminuota plok\u0161t\u0117 yra ne tik esteti\u0161kai patraukli, bet ir lengvai pri\u017ei\u016brima. Metalin\u0117s rankenos ir tyl\u016bs vyriai padidina kasdienio naudojimo patogum\u0105, tuo pa\u010diu atkreipiant d\u0117mes\u012f \u012f subtiliausias dizaino detales.<\/p>","protected":false},"excerpt":{"rendered":"<p>Plotis (cm): 100<br \/>\n\u016agis (cm): 213<br \/>\nGylis (cm): 60<\/p>","protected":false},"featured_media":165297,"comment_status":"open","ping_status":"open","template":"","meta":[],"product_brand":[],"product_cat":[9503,4108,1177],"product_tag":[],"class_list":{"0":"post-165296","1":"product","2":"type-product","3":"status-publish","4":"has-post-thumbnail","6":"product_cat-furniture-system-cali-jarstol-meble","7":"product_cat-jarstol","8":"product_cat-wardrobes","10":"first","11":"instock","12":"purchasable","13":"product-type-simple"},"_links":{"self":[{"href":"https:\/\/baldumarket.lt\/lt\/wp-json\/wp\/v2\/product\/165296","targetHints":{"allow":["GET"]}}],"collection":[{"href":"https:\/\/baldumarket.lt\/lt\/wp-json\/wp\/v2\/product"}],"about":[{"href":"https:\/\/baldumarket.lt\/lt\/wp-json\/wp\/v2\/types\/product"}],"replies":[{"embeddable":true,"href":"https:\/\/baldumarket.lt\/lt\/wp-json\/wp\/v2\/comments?post=165296"}],"wp:featuredmedia":[{"embeddable":true,"href":"https:\/\/baldumarket.lt\/lt\/wp-json\/wp\/v2\/media\/165297"}],"wp:attachment":[{"href":"https:\/\/baldumarket.lt\/lt\/wp-json\/wp\/v2\/media?parent=165296"}],"wp:term":[{"taxonomy":"product_brand","embeddable":true,"href":"https:\/\/baldumarket.lt\/lt\/wp-json\/wp\/v2\/product_brand?post=165296"},{"taxonomy":"product_cat","embeddable":true,"href":"https:\/\/baldumarket.lt\/lt\/wp-json\/wp\/v2\/product_cat?post=165296"},{"taxonomy":"product_tag","embeddable":true,"href":"https:\/\/baldumarket.lt\/lt\/wp-json\/wp\/v2\/product_tag?post=165296"}],"curies":[{"name":"wp","href":"https:\/\/api.w.org\/{rel}","templated":true}]}}