{"id":165290,"date":"2025-12-19T15:18:03","date_gmt":"2025-12-19T12:18:03","guid":{"rendered":"https:\/\/baldumarket.lt\/product\/linkastyles-12-biurko-1-drzwiowe-green-stone\/"},"modified":"2026-04-12T16:35:52","modified_gmt":"2026-04-12T13:35:52","slug":"linkastyles-12-biurko-1-drzwiowe-green-stone","status":"publish","type":"product","link":"https:\/\/baldumarket.lt\/lt\/product\/linkastyles-12-biurko-1-drzwiowe-green-stone\/","title":{"rendered":"LINKaSTYLES-12 &#8211; \u017daliojo akmens 1 dur\u0173 ra\u0161omasis stalas"},"content":{"rendered":"<p>Atraskite garsaus \u201eJarstol\u201c prek\u0117s \u017eenklo \u201eLINKaSTYLES-12\u201c stal\u0105, kuris puikiai derina modern\u0173 dizain\u0105 su funkcionalumu, tod\u0117l yra idealus sprendimas bet kokiam interjerui. Unikali \u017ealia spalva traukia d\u0117mes\u012f ir suteikia erdvei gaivumo bei originalumo. \u0160is stalas puikiai tinka jaunimo kambariui ar biurui, kur stilius dera su kasdieniu prakti\u0161kumu. \u0160is eleganti\u0161kas dizainas pasi\u017eymi moderniomis linijomis ir minimalistine tendencija, lengvai deran\u010dia prie \u012fvairi\u0173 interjero dizain\u0173. 120 cm plo\u010dio, 78 cm auk\u0161\u010dio ir 58 cm gylio stalas suteikia daug darbo vietos ir kartu palieka erdv\u0117s laisvam jud\u0117jimui. \u017dalios akmens spalvos apdaila, esanti tiek priekyje, tiek vir\u0161uje, suteikia stalui pra\u0161matnumo ir stiliaus. \u201eLINKaSTYLES-12\u201c stalas yra ne tik patrauklus, bet ir prakti\u0161kas kasdieniam naudojimui. \u012emontuota i\u0161traukiama klaviat\u016bros lentyna u\u017etikrina patog\u0173 ir tvarking\u0105 kiekvien\u0105 darbo su kompiuteriu seans\u0105. Be to, de\u0161in\u0117je esanti spintel\u0117 su lentyna padalija erdv\u0119, tod\u0117l galite lengvai laikyti visus svarbiausius reikmenis ranka pasiekiamus ir tvarkingus.<\/p>","protected":false},"excerpt":{"rendered":"<p>Plotis (cm): 120<br \/>\n\u016agis (cm): 78<br \/>\nGylis (cm): 60<\/p>","protected":false},"featured_media":165291,"comment_status":"open","ping_status":"open","template":"","meta":[],"product_brand":[],"product_cat":[9508,1312,4108],"product_tag":[],"class_list":{"0":"post-165290","1":"product","2":"type-product","3":"status-publish","4":"has-post-thumbnail","6":"product_cat-furniture-system-linkastyles-jarstol-meble","7":"product_cat-desks","8":"product_cat-jarstol","10":"first","11":"instock","12":"purchasable","13":"product-type-simple"},"_links":{"self":[{"href":"https:\/\/baldumarket.lt\/lt\/wp-json\/wp\/v2\/product\/165290","targetHints":{"allow":["GET"]}}],"collection":[{"href":"https:\/\/baldumarket.lt\/lt\/wp-json\/wp\/v2\/product"}],"about":[{"href":"https:\/\/baldumarket.lt\/lt\/wp-json\/wp\/v2\/types\/product"}],"replies":[{"embeddable":true,"href":"https:\/\/baldumarket.lt\/lt\/wp-json\/wp\/v2\/comments?post=165290"}],"wp:featuredmedia":[{"embeddable":true,"href":"https:\/\/baldumarket.lt\/lt\/wp-json\/wp\/v2\/media\/165291"}],"wp:attachment":[{"href":"https:\/\/baldumarket.lt\/lt\/wp-json\/wp\/v2\/media?parent=165290"}],"wp:term":[{"taxonomy":"product_brand","embeddable":true,"href":"https:\/\/baldumarket.lt\/lt\/wp-json\/wp\/v2\/product_brand?post=165290"},{"taxonomy":"product_cat","embeddable":true,"href":"https:\/\/baldumarket.lt\/lt\/wp-json\/wp\/v2\/product_cat?post=165290"},{"taxonomy":"product_tag","embeddable":true,"href":"https:\/\/baldumarket.lt\/lt\/wp-json\/wp\/v2\/product_tag?post=165290"}],"curies":[{"name":"wp","href":"https:\/\/api.w.org\/{rel}","templated":true}]}}