{"id":165275,"date":"2025-12-19T15:17:32","date_gmt":"2025-12-19T12:17:32","guid":{"rendered":"https:\/\/baldumarket.lt\/product\/malumi-2-komoda-2-drzwiowa-czarny-painflow\/"},"modified":"2026-04-12T16:35:43","modified_gmt":"2026-04-12T13:35:43","slug":"malumi-2-komoda-2-drzwiowa-czarny-painflow","status":"publish","type":"product","link":"https:\/\/baldumarket.lt\/lt\/product\/malumi-2-komoda-2-drzwiowa-czarny-painflow\/","title":{"rendered":"MALUMI-2 \u2013 Komoda su 2 durimis, juoda, \u201ePainflow\u201c"},"content":{"rendered":"<p>MALUMI-2 \u2013 unikali dvidur\u0117 komoda, kuri j\u016bs\u0173 interjerui suteiks elegancijos ir funkcionalumo. Modernus dizainas ir tamsi, matin\u0117 juoda \u201ePainflow\u201c apdaila paver\u010dia j\u0105 i\u0161skirtiniu bet kurio kambario akcentu. Subtilus \u201eeglut\u0117s\u201c ra\u0161tas fasaduose ne tik traukia ak\u012f, bet ir suteikia klasikin\u012f akcent\u0105, puikiai papildydamas minimalistin\u012f bald\u0173 stili\u0173. \u0160ios komodos erdvumas \u2013 dar vienas privalumas, kur\u012f \u012fvertinsite kiekvien\u0105 dien\u0105. Viduje yra pakankamai vietos patogiai susid\u0117ti visus j\u016bs\u0173 daiktus \u2013 nuo lengv\u0173 aksesuar\u0173 iki didesni\u0173 daikt\u0173. Tai idealus sprendimas ma\u017eesn\u0117ms erdv\u0117ms, tokioms kaip prie\u0161kambaris, svetain\u0117 ar miegamasis, kur kiekvienas centimetras svarbus. Stabili konstrukcija ir patvari\u0173 med\u017eiag\u0173, toki\u0173 kaip laminuota plok\u0161t\u0117, naudojimas garantuoja ne tik ilgaam\u017ei\u0161kum\u0105, bet ir paprast\u0105 kasdien\u012f naudojim\u0105. D\u0117l \u0161velnaus u\u017edarymo ir atidarymo spustel\u0117jus sistem\u0173 galite m\u0117gautis patogiu naudojimu, nesijaudindami d\u0117l triuk\u0161mo atidarant ir u\u017edarant dureles.<\/p>","protected":false},"excerpt":{"rendered":"<p>Plotis (cm): 153<br \/>\n\u016agis (cm): 95<br \/>\nGylis (cm): 58<\/p>","protected":false},"featured_media":165276,"comment_status":"open","ping_status":"open","template":"","meta":[],"product_brand":[],"product_cat":[9510,1173,4108],"product_tag":[],"class_list":{"0":"post-165275","1":"product","2":"type-product","3":"status-publish","4":"has-post-thumbnail","6":"product_cat-furniture-system-malumi-jarstol-meble","7":"product_cat-chests-of-drawers","8":"product_cat-jarstol","10":"first","11":"instock","12":"purchasable","13":"product-type-simple"},"_links":{"self":[{"href":"https:\/\/baldumarket.lt\/lt\/wp-json\/wp\/v2\/product\/165275","targetHints":{"allow":["GET"]}}],"collection":[{"href":"https:\/\/baldumarket.lt\/lt\/wp-json\/wp\/v2\/product"}],"about":[{"href":"https:\/\/baldumarket.lt\/lt\/wp-json\/wp\/v2\/types\/product"}],"replies":[{"embeddable":true,"href":"https:\/\/baldumarket.lt\/lt\/wp-json\/wp\/v2\/comments?post=165275"}],"wp:featuredmedia":[{"embeddable":true,"href":"https:\/\/baldumarket.lt\/lt\/wp-json\/wp\/v2\/media\/165276"}],"wp:attachment":[{"href":"https:\/\/baldumarket.lt\/lt\/wp-json\/wp\/v2\/media?parent=165275"}],"wp:term":[{"taxonomy":"product_brand","embeddable":true,"href":"https:\/\/baldumarket.lt\/lt\/wp-json\/wp\/v2\/product_brand?post=165275"},{"taxonomy":"product_cat","embeddable":true,"href":"https:\/\/baldumarket.lt\/lt\/wp-json\/wp\/v2\/product_cat?post=165275"},{"taxonomy":"product_tag","embeddable":true,"href":"https:\/\/baldumarket.lt\/lt\/wp-json\/wp\/v2\/product_tag?post=165275"}],"curies":[{"name":"wp","href":"https:\/\/api.w.org\/{rel}","templated":true}]}}