{"id":165267,"date":"2025-12-19T15:17:15","date_gmt":"2025-12-19T12:17:15","guid":{"rendered":"https:\/\/baldumarket.lt\/product\/malumi-1-komoda-2d3s-czarny-painflow\/"},"modified":"2026-04-12T16:35:43","modified_gmt":"2026-04-12T13:35:43","slug":"malumi-1-komoda-2d3s-czarny-painflow","status":"publish","type":"product","link":"https:\/\/baldumarket.lt\/lt\/product\/malumi-1-komoda-2d3s-czarny-painflow\/","title":{"rendered":"MALUMI-1 \u2013 Komoda 2D3S Juoda Painflow"},"content":{"rendered":"<p>Komoda MALUMI-1 \u2013 tai tobulas modernumo ir elegancijos derinys, kuris neabejotinai papildys bet kok\u012f interjer\u0105. Juoda \u2019Painflow\u201c apdaila suteikia jai unikal\u0173 charakter\u012f, o stilingas \u201eeglut\u0117s\u201c ra\u0161tas \u2013 klasikinio stiliaus akcent\u0105. D\u0117l paprastos, ta\u010diau ry\u0161kios formos komoda harmoningai dera tiek eleganti\u0161kose, tiek minimalistin\u0117se erdv\u0117se, suteikdama joms unikal\u0173 stili\u0173. Patogus daikt\u0173 laikymas yra pagrindinis MALUMI-1 komodos bruo\u017eas. Ji turi tris stal\u010dius ir dvi spinteles su lentynomis, tod\u0117l tai puiki vieta visiems j\u016bs\u0173 aksesuarams, dokumentams ir m\u0117gstamiausiems nieku\u010diams. Tai puikus sprendimas tiems, kurie ie\u0161ko prakti\u0161kumo ir tvarkos savo namuose, neaukodami estetikos. Stal\u010diai ir durel\u0117s atsidaro ir u\u017esidaro tyliai, tod\u0117l suteikia papildomo komforto. Plonos MALUMI-1 komodos kojel\u0117s pabr\u0117\u017eia jos formos lengvum\u0105 ir suteikia baldui modernumo. Be to, tvirtos med\u017eiagos, i\u0161 kuri\u0173 ji pagaminta \u2013 laminuota plok\u0161t\u0117 ir metalin\u0117s rankenos \u2013 u\u017etikrina patvarum\u0105 ir estetin\u012f patrauklum\u0105 ilgus metus. D\u0117l \u0161i\u0173 savybi\u0173 komoda puikiai papildys bet kuri\u0105 svetain\u0119, miegam\u0105j\u012f ar prie\u0161kambar\u012f, sukurdama darn\u0173 ir eleganti\u0161k\u0105 i\u0161d\u0117stym\u0105.<\/p>","protected":false},"excerpt":{"rendered":"<p>Plotis (cm): 153<br \/>\n\u016agis (cm): 95<br \/>\nGylis (cm): 40,5<\/p>","protected":false},"featured_media":165268,"comment_status":"open","ping_status":"open","template":"","meta":[],"product_brand":[],"product_cat":[9510,1173,4108],"product_tag":[],"class_list":{"0":"post-165267","1":"product","2":"type-product","3":"status-publish","4":"has-post-thumbnail","6":"product_cat-furniture-system-malumi-jarstol-meble","7":"product_cat-chests-of-drawers","8":"product_cat-jarstol","10":"first","11":"instock","12":"purchasable","13":"product-type-simple"},"_links":{"self":[{"href":"https:\/\/baldumarket.lt\/lt\/wp-json\/wp\/v2\/product\/165267","targetHints":{"allow":["GET"]}}],"collection":[{"href":"https:\/\/baldumarket.lt\/lt\/wp-json\/wp\/v2\/product"}],"about":[{"href":"https:\/\/baldumarket.lt\/lt\/wp-json\/wp\/v2\/types\/product"}],"replies":[{"embeddable":true,"href":"https:\/\/baldumarket.lt\/lt\/wp-json\/wp\/v2\/comments?post=165267"}],"wp:featuredmedia":[{"embeddable":true,"href":"https:\/\/baldumarket.lt\/lt\/wp-json\/wp\/v2\/media\/165268"}],"wp:attachment":[{"href":"https:\/\/baldumarket.lt\/lt\/wp-json\/wp\/v2\/media?parent=165267"}],"wp:term":[{"taxonomy":"product_brand","embeddable":true,"href":"https:\/\/baldumarket.lt\/lt\/wp-json\/wp\/v2\/product_brand?post=165267"},{"taxonomy":"product_cat","embeddable":true,"href":"https:\/\/baldumarket.lt\/lt\/wp-json\/wp\/v2\/product_cat?post=165267"},{"taxonomy":"product_tag","embeddable":true,"href":"https:\/\/baldumarket.lt\/lt\/wp-json\/wp\/v2\/product_tag?post=165267"}],"curies":[{"name":"wp","href":"https:\/\/api.w.org\/{rel}","templated":true}]}}