{"id":165259,"date":"2025-12-19T15:16:58","date_gmt":"2025-12-19T12:16:58","guid":{"rendered":"https:\/\/baldumarket.lt\/product\/malumi-3-witryna-2-drzwiowa-czarny-painflow\/"},"modified":"2026-04-12T16:35:43","modified_gmt":"2026-04-12T13:35:43","slug":"malumi-3-witryna-2-drzwiowa-czarny-painflow","status":"publish","type":"product","link":"https:\/\/baldumarket.lt\/lt\/product\/malumi-3-witryna-2-drzwiowa-czarny-painflow\/","title":{"rendered":"MALUMI-3 \u2013 2 dur\u0173 vitrinin\u0117 spinta Black Painflow"},"content":{"rendered":"<p>Suteikite savo interjerui modernumo ir elegancijos su m\u016bs\u0173 MALUMI-3 vitrina, kuri puikiai derina funkcionalum\u0105 ir rafinuot\u0105 dizain\u0105. Pagaminta i\u0161 auk\u0161tos kokyb\u0117s laminuotos plok\u0161t\u0117s, juoda \u201ePainflow\u201c vitrina traukia ak\u012f ir tinka \u012fvairiems i\u0161d\u0117stymams. Subtilus \u201eeglut\u0117s\u201c ra\u0161tas fasaduose suteikia jai unikal\u0173 charakter\u012f, tod\u0117l ji tampa pagrindiniu j\u016bs\u0173 nam\u0173 akcentu. Puikiai tinkanti eksponuoti m\u0117gstamiausius daiktus, MALUMI-3 vitrina pasi\u017eymi erdviomis lentynomis, kurios padeda sutvarkyti ir eksponuoti knygas, dekoracijas ar eleganti\u0161kus stalo \u012frankius. Minimalistinis stilius leid\u017eia jai der\u0117ti tiek moderniame, tiek klasikiniame interjere, suteikiant rafinuotumo ir stiliaus. Juodos kojel\u0117s u\u017etikrina ne tik gra\u017ei\u0105 i\u0161vaizd\u0105, bet ir stabilum\u0105 bei saugum\u0105. Vitrinos funkcionalum\u0105 sustiprina \u201ePush to Open\u201c mechanizmas, leid\u017eiantis lengvai atidaryti dureles be nereikaling\u0173 ranken\u0117li\u0173. \u0160velnaus u\u017edarymo vyriai u\u017etikrina naudojimo patogum\u0105 ir kartu pagerina estetin\u0119 bald\u0173 i\u0161vaizd\u0105. Vitrina puikiai atrodys svetain\u0117je, valgomajame ar biure, suteikdama erdvei elegancijos ir tvarkingai sud\u0117liodama j\u016bs\u0173 m\u0117gstamiausius daiktus.<\/p>","protected":false},"excerpt":{"rendered":"<p>Plotis (cm): 103<br \/>\n\u016agis (cm): 145<br \/>\nGylis (cm): 40,5<\/p>","protected":false},"featured_media":165260,"comment_status":"open","ping_status":"open","template":"","meta":[],"product_brand":[],"product_cat":[9510,4108,2006],"product_tag":[],"class_list":{"0":"post-165259","1":"product","2":"type-product","3":"status-publish","4":"has-post-thumbnail","6":"product_cat-furniture-system-malumi-jarstol-meble","7":"product_cat-jarstol","8":"product_cat-vitrines","10":"first","11":"instock","12":"purchasable","13":"product-type-simple"},"_links":{"self":[{"href":"https:\/\/baldumarket.lt\/lt\/wp-json\/wp\/v2\/product\/165259","targetHints":{"allow":["GET"]}}],"collection":[{"href":"https:\/\/baldumarket.lt\/lt\/wp-json\/wp\/v2\/product"}],"about":[{"href":"https:\/\/baldumarket.lt\/lt\/wp-json\/wp\/v2\/types\/product"}],"replies":[{"embeddable":true,"href":"https:\/\/baldumarket.lt\/lt\/wp-json\/wp\/v2\/comments?post=165259"}],"wp:featuredmedia":[{"embeddable":true,"href":"https:\/\/baldumarket.lt\/lt\/wp-json\/wp\/v2\/media\/165260"}],"wp:attachment":[{"href":"https:\/\/baldumarket.lt\/lt\/wp-json\/wp\/v2\/media?parent=165259"}],"wp:term":[{"taxonomy":"product_brand","embeddable":true,"href":"https:\/\/baldumarket.lt\/lt\/wp-json\/wp\/v2\/product_brand?post=165259"},{"taxonomy":"product_cat","embeddable":true,"href":"https:\/\/baldumarket.lt\/lt\/wp-json\/wp\/v2\/product_cat?post=165259"},{"taxonomy":"product_tag","embeddable":true,"href":"https:\/\/baldumarket.lt\/lt\/wp-json\/wp\/v2\/product_tag?post=165259"}],"curies":[{"name":"wp","href":"https:\/\/api.w.org\/{rel}","templated":true}]}}