{"id":165251,"date":"2025-12-19T15:16:41","date_gmt":"2025-12-19T12:16:41","guid":{"rendered":"https:\/\/baldumarket.lt\/product\/malumi-4-witryna-1-drzwiowa-czarny-painflow\/"},"modified":"2026-04-12T16:35:43","modified_gmt":"2026-04-12T13:35:43","slug":"malumi-4-witryna-1-drzwiowa-czarny-painflow","status":"publish","type":"product","link":"https:\/\/baldumarket.lt\/lt\/product\/malumi-4-witryna-1-drzwiowa-czarny-painflow\/","title":{"rendered":"MALUMI-4 \u2013 1 dur\u0173 vitrinin\u0117 spinta Black Painflow"},"content":{"rendered":"<p>Atraskite \u201cMalumi-4\u201d vitrin\u0105 \u2013 bald\u0105, kuris puikiai derina elegancij\u0105 ir modernum\u0105. Pagaminta i\u0161 auk\u0161tos kokyb\u0117s juodos laminuotos plok\u0161t\u0117s ir papuo\u0161ta subtiliu stiklu, ji puikiai papildo bet koki\u0105 erdv\u0119. Minimalistinis dizainas suteikia interjerui harmonijos, tuo pa\u010diu traukdamas ak\u012f ir suteikdamas unikalaus charakterio. Tai bus nuostabus akcentas j\u016bs\u0173 svetain\u0117je ar valgomajame, sukurdamas stiliaus ir rafinuotumo atmosfer\u0105. \u201eMalumi-4\u201c vitrina yra ne tik patraukli, bet ir prakti\u0161ka. U\u017e eleganti\u0161k\u0173 stiklini\u0173 dureli\u0173 yra keturios erdvios lentynos, leid\u017eian\u010dios efektyviai eksponuoti m\u0117gstamas dekoracijas, knygas ar suvenyrus. Apatin\u0117je spintel\u0117s dalyje yra vietos visiems daiktams, kuriuos norite tur\u0117ti po ranka, bet neb\u016btinai turi b\u016bti matomi. \u201eMalumi-4\u201c vitrinos dizaine svarbiausia ne tik i\u0161vaizda, bet ir funkcionalumas. \u012erengta \u201ePush-to-Open\u201c atidarymo sistema ir tyl\u016bs vyriai, ji u\u017etikrina patog\u0173 naudojim\u0105, kur\u012f \u012fvertinsite kiekvien\u0105 dien\u0105. Minimalistin\u0117 forma puikiai tinka \u012fvairiems interjero dizaino stiliams \u2013 nuo skandinavi\u0161ko iki industrinio.<\/p>","protected":false},"excerpt":{"rendered":"<p>Plotis (cm): 60<br \/>\n\u016agis (cm): 197<br \/>\nGylis (cm): 40,5<\/p>","protected":false},"featured_media":165252,"comment_status":"open","ping_status":"open","template":"","meta":[],"product_brand":[],"product_cat":[9510,4108,2006],"product_tag":[],"class_list":{"0":"post-165251","1":"product","2":"type-product","3":"status-publish","4":"has-post-thumbnail","6":"product_cat-furniture-system-malumi-jarstol-meble","7":"product_cat-jarstol","8":"product_cat-vitrines","10":"first","11":"instock","12":"purchasable","13":"product-type-simple"},"_links":{"self":[{"href":"https:\/\/baldumarket.lt\/lt\/wp-json\/wp\/v2\/product\/165251","targetHints":{"allow":["GET"]}}],"collection":[{"href":"https:\/\/baldumarket.lt\/lt\/wp-json\/wp\/v2\/product"}],"about":[{"href":"https:\/\/baldumarket.lt\/lt\/wp-json\/wp\/v2\/types\/product"}],"replies":[{"embeddable":true,"href":"https:\/\/baldumarket.lt\/lt\/wp-json\/wp\/v2\/comments?post=165251"}],"wp:featuredmedia":[{"embeddable":true,"href":"https:\/\/baldumarket.lt\/lt\/wp-json\/wp\/v2\/media\/165252"}],"wp:attachment":[{"href":"https:\/\/baldumarket.lt\/lt\/wp-json\/wp\/v2\/media?parent=165251"}],"wp:term":[{"taxonomy":"product_brand","embeddable":true,"href":"https:\/\/baldumarket.lt\/lt\/wp-json\/wp\/v2\/product_brand?post=165251"},{"taxonomy":"product_cat","embeddable":true,"href":"https:\/\/baldumarket.lt\/lt\/wp-json\/wp\/v2\/product_cat?post=165251"},{"taxonomy":"product_tag","embeddable":true,"href":"https:\/\/baldumarket.lt\/lt\/wp-json\/wp\/v2\/product_tag?post=165251"}],"curies":[{"name":"wp","href":"https:\/\/api.w.org\/{rel}","templated":true}]}}