{"id":165227,"date":"2025-12-19T15:15:49","date_gmt":"2025-12-19T12:15:49","guid":{"rendered":"https:\/\/baldumarket.lt\/product\/malumi-8-stolik-kawowy-czarny-painflow\/"},"modified":"2026-04-12T16:35:43","modified_gmt":"2026-04-12T13:35:43","slug":"malumi-8-stolik-kawowy-czarny-painflow","status":"publish","type":"product","link":"https:\/\/baldumarket.lt\/lt\/product\/malumi-8-stolik-kawowy-czarny-painflow\/","title":{"rendered":"MALUMI-8 \u2013 Juodas \u201ePainflow\u201c kavos staliukas"},"content":{"rendered":"<p>MALUMI-8 \u2013 tai unikalus kavos staliukas, kuris neabejotinai patrauks bet kurio modernaus dizaino entuziasto ak\u012f. Eleganti\u0161ka juoda spalva puikiai dera prie minimalistinio stiliaus ir suteikia interjerui klas\u0117s. Organin\u0117s formos sukuria harmonijos ir pusiausvyros poj\u016bt\u012f, suteikdamos bet kokiam kambariui ramyb\u0117s. Dviej\u0173 auk\u0161t\u0173 dizainas leid\u017eia MALUMI-8 ne tik puikiai atrodyti svetain\u0117je, bet ir pasi\u016blyti prakti\u0161k\u0173 sprendim\u0173 kasdieniam gyvenimui. Papildoma lentyna leid\u017eia lengvai sutvarkyti erdv\u0119, laikant knygas, \u017eurnalus ar dekoratyvinius aksesuarus. Tai \u0161\u012f staliuk\u0105 paver\u010dia ne tik baldu, bet ir i\u0161maniu erdviniu sprendimu. Metalinis stalo r\u0117mas yra ne tik patvarus, bet ir modernus. Laminuotos plok\u0161t\u0117s ir metalo derinys leid\u017eia gamin\u012f lengvai pri\u017ei\u016br\u0117ti ir atspar\u0173 kasdieniams \u012fbr\u0117\u017eimams. Juoda med\u017eiaga puikiai dera su \u012fvairiais interjero stiliais \u2013 nuo industrinio iki skandinavi\u0161ko. MALUMI-8 taps j\u016bs\u0173 svetain\u0117s traukos centru, spinduliuojan\u010diu stiliumi ir charakteriu.<\/p>","protected":false},"excerpt":{"rendered":"<p>Plotis (cm): 90<br \/>\n\u016agis (cm): 45<br \/>\nGylis (cm): 54,5<\/p>","protected":false},"featured_media":165228,"comment_status":"open","ping_status":"open","template":"","meta":[],"product_brand":[],"product_cat":[9510,866,4108],"product_tag":[],"class_list":{"0":"post-165227","1":"product","2":"type-product","3":"status-publish","4":"has-post-thumbnail","6":"product_cat-furniture-system-malumi-jarstol-meble","7":"product_cat-coffee-tables","8":"product_cat-jarstol","10":"first","11":"instock","12":"purchasable","13":"product-type-simple"},"_links":{"self":[{"href":"https:\/\/baldumarket.lt\/lt\/wp-json\/wp\/v2\/product\/165227","targetHints":{"allow":["GET"]}}],"collection":[{"href":"https:\/\/baldumarket.lt\/lt\/wp-json\/wp\/v2\/product"}],"about":[{"href":"https:\/\/baldumarket.lt\/lt\/wp-json\/wp\/v2\/types\/product"}],"replies":[{"embeddable":true,"href":"https:\/\/baldumarket.lt\/lt\/wp-json\/wp\/v2\/comments?post=165227"}],"wp:featuredmedia":[{"embeddable":true,"href":"https:\/\/baldumarket.lt\/lt\/wp-json\/wp\/v2\/media\/165228"}],"wp:attachment":[{"href":"https:\/\/baldumarket.lt\/lt\/wp-json\/wp\/v2\/media?parent=165227"}],"wp:term":[{"taxonomy":"product_brand","embeddable":true,"href":"https:\/\/baldumarket.lt\/lt\/wp-json\/wp\/v2\/product_brand?post=165227"},{"taxonomy":"product_cat","embeddable":true,"href":"https:\/\/baldumarket.lt\/lt\/wp-json\/wp\/v2\/product_cat?post=165227"},{"taxonomy":"product_tag","embeddable":true,"href":"https:\/\/baldumarket.lt\/lt\/wp-json\/wp\/v2\/product_tag?post=165227"}],"curies":[{"name":"wp","href":"https:\/\/api.w.org\/{rel}","templated":true}]}}