{"id":165211,"date":"2025-12-19T15:15:15","date_gmt":"2025-12-19T12:15:15","guid":{"rendered":"https:\/\/baldumarket.lt\/product\/malumi-1-komoda-2d3s-cashmere\/"},"modified":"2026-04-12T16:35:34","modified_gmt":"2026-04-12T13:35:34","slug":"malumi-1-komoda-2d3s-cashmere","status":"publish","type":"product","link":"https:\/\/baldumarket.lt\/lt\/product\/malumi-1-komoda-2d3s-cashmere\/","title":{"rendered":"MALUMI-1 \u2013 2D3S Ka\u0161myro komoda"},"content":{"rendered":"<p>Atraskite \u201eJarstol\u201c komod\u0105 MALUMI-1, kuri puikiai derina elegancij\u0105 ir prakti\u0161kum\u0105. Subtilus ka\u0161myro atspalvis harmoningai dera prie \u012fvairi\u0173 interjero dizain\u0173 \u2013 nuo modernaus iki klasikinio. D\u0117l tobul\u0173 proporcij\u0173 \u2013 153 cm plo\u010dio, 95 cm auk\u0161\u010dio ir 40,5 cm gylio \u2013 ji puikiai papildys bet kuri\u0105 svetain\u0119, miegam\u0105j\u012f ar prie\u0161kambar\u012f, sukurdama jauki\u0105 ir stiling\u0105 atmosfer\u0105. Komodoje yra trys stal\u010diai ir dvi spintel\u0117s su lentynomis, kuriose rasite vietos tiek drabu\u017eiams, tiek kasdieniams daiktams. Kruop\u0161\u010diai apgalvotas dizainas derina funkcionalum\u0105 ir estetik\u0105, tod\u0117l j\u0105 lengva integruoti \u012f j\u016bs\u0173 erdv\u0119, ji tarnauja kaip stilingas akcentas ir prakti\u0161kas baldas. \u0160velniai u\u017esidarantys vyriai leid\u017eia patogiai ir tyliai naudotis komoda. Pa\u017eym\u0117tina plonos komodos kojel\u0117s, suteikian\u010dios jai lengvumo ir elegancijos. Net ir ma\u017eoje erdv\u0117je MALUMI-1 komoda neu\u017ego\u017eia, o subtiliai papildo interjero dizain\u0105. Pagaminta i\u0161 patvari\u0173 med\u017eiag\u0173, toki\u0173 kaip laminuota plok\u0161t\u0117 ir metalin\u0117s rankenos, ji u\u017etikrina ilgaam\u017ei\u0161kum\u0105 ir atsparum\u0105 pa\u017eeidimams, tod\u0117l tai idealus pasirinkimas ateinantiems metams.<\/p>","protected":false},"excerpt":{"rendered":"<p>Plotis (cm): 153<br \/>\n\u016agis (cm): 95<br \/>\nGylis (cm): 60<\/p>","protected":false},"featured_media":165212,"comment_status":"open","ping_status":"open","template":"","meta":[],"product_brand":[],"product_cat":[9510,1173,4108],"product_tag":[],"class_list":{"0":"post-165211","1":"product","2":"type-product","3":"status-publish","4":"has-post-thumbnail","6":"product_cat-furniture-system-malumi-jarstol-meble","7":"product_cat-chests-of-drawers","8":"product_cat-jarstol","10":"first","11":"instock","12":"purchasable","13":"product-type-simple"},"_links":{"self":[{"href":"https:\/\/baldumarket.lt\/lt\/wp-json\/wp\/v2\/product\/165211","targetHints":{"allow":["GET"]}}],"collection":[{"href":"https:\/\/baldumarket.lt\/lt\/wp-json\/wp\/v2\/product"}],"about":[{"href":"https:\/\/baldumarket.lt\/lt\/wp-json\/wp\/v2\/types\/product"}],"replies":[{"embeddable":true,"href":"https:\/\/baldumarket.lt\/lt\/wp-json\/wp\/v2\/comments?post=165211"}],"wp:featuredmedia":[{"embeddable":true,"href":"https:\/\/baldumarket.lt\/lt\/wp-json\/wp\/v2\/media\/165212"}],"wp:attachment":[{"href":"https:\/\/baldumarket.lt\/lt\/wp-json\/wp\/v2\/media?parent=165211"}],"wp:term":[{"taxonomy":"product_brand","embeddable":true,"href":"https:\/\/baldumarket.lt\/lt\/wp-json\/wp\/v2\/product_brand?post=165211"},{"taxonomy":"product_cat","embeddable":true,"href":"https:\/\/baldumarket.lt\/lt\/wp-json\/wp\/v2\/product_cat?post=165211"},{"taxonomy":"product_tag","embeddable":true,"href":"https:\/\/baldumarket.lt\/lt\/wp-json\/wp\/v2\/product_tag?post=165211"}],"curies":[{"name":"wp","href":"https:\/\/api.w.org\/{rel}","templated":true}]}}