{"id":165204,"date":"2025-12-19T15:15:01","date_gmt":"2025-12-19T12:15:01","guid":{"rendered":"https:\/\/baldumarket.lt\/product\/malumi-2-komoda-2-drzwiowa-cashmere\/"},"modified":"2026-04-12T16:35:34","modified_gmt":"2026-04-12T13:35:34","slug":"malumi-2-komoda-2-drzwiowa-cashmere","status":"publish","type":"product","link":"https:\/\/baldumarket.lt\/lt\/product\/malumi-2-komoda-2-drzwiowa-cashmere\/","title":{"rendered":"MALUMI-2 \u2013 Ka\u0161myro 2 dur\u0173 komoda"},"content":{"rendered":"<p>MALUMI-2 \u2013 eleganti\u0161ka dvidur\u0117 komoda, kuri j\u016bs\u0173 interjerui suteiks rafinuoto stiliaus ir neprilygstamo funkcionalumo. Pagaminta i\u0161 auk\u0161tos kokyb\u0117s laminuotos plok\u0161t\u0117s ka\u0161myro spalvos, \u0161i komoda traukia d\u0117mes\u012f savo matiniu pavir\u0161iumi ir subtiliu \u2019eglut\u0117s\u201c ra\u0161tu. \u0160is derinys sukuria ideal\u0173 pagrind\u0105 \u012fvairiems i\u0161d\u0117stymams, tuo pa\u010diu pabr\u0117\u017eiant minimalistin\u012f viso baldo charakter\u012f. D\u0117l gerai apgalvoto dizaino MALUMI-2 yra puikus sprendimas ma\u017eesn\u0117ms erdv\u0117ms. Nesvarbu, ar j\u0105 pastatysite prie\u0161kambaryje, svetain\u0117je, ar miegamajame, tikrai rasite daug vietos daiktams susid\u0117ti. Erdvi lentyna komodos viduje talpina visk\u0105, ko jums reikia, kartu i\u0161laikant tvark\u0105 ir estetik\u0105. Komodos konstrukcija, paremta stabiliomis metalin\u0117mis kojel\u0117mis, u\u017etikrina ne tik patvarum\u0105, bet ir moderni\u0105 i\u0161vaizd\u0105. \u0160velnaus u\u017edarymo vyriai ir novatori\u0161ka atidarymo spustel\u0117jus sistema garantuoja paprast\u0105 naudojim\u0105, tod\u0117l \u0161i komoda yra i\u0161skirtinai prakti\u0161kas \u0161iuolaikinio interjero papildymas. MALUMI-2 \u2013 tai harmoningo dizaino ir funkcij\u0173 derinio pavyzdys, patenkinsiantis net ir reikliausius vartotojus.<\/p>","protected":false},"excerpt":{"rendered":"<p>Plotis (cm): 103<br \/>\n\u016agis (cm): 95<br \/>\nGylis (cm): 40,5<\/p>","protected":false},"featured_media":165205,"comment_status":"open","ping_status":"open","template":"","meta":[],"product_brand":[],"product_cat":[9510,1173,4108],"product_tag":[],"class_list":{"0":"post-165204","1":"product","2":"type-product","3":"status-publish","4":"has-post-thumbnail","6":"product_cat-furniture-system-malumi-jarstol-meble","7":"product_cat-chests-of-drawers","8":"product_cat-jarstol","10":"first","11":"instock","12":"purchasable","13":"product-type-simple"},"_links":{"self":[{"href":"https:\/\/baldumarket.lt\/lt\/wp-json\/wp\/v2\/product\/165204","targetHints":{"allow":["GET"]}}],"collection":[{"href":"https:\/\/baldumarket.lt\/lt\/wp-json\/wp\/v2\/product"}],"about":[{"href":"https:\/\/baldumarket.lt\/lt\/wp-json\/wp\/v2\/types\/product"}],"replies":[{"embeddable":true,"href":"https:\/\/baldumarket.lt\/lt\/wp-json\/wp\/v2\/comments?post=165204"}],"wp:featuredmedia":[{"embeddable":true,"href":"https:\/\/baldumarket.lt\/lt\/wp-json\/wp\/v2\/media\/165205"}],"wp:attachment":[{"href":"https:\/\/baldumarket.lt\/lt\/wp-json\/wp\/v2\/media?parent=165204"}],"wp:term":[{"taxonomy":"product_brand","embeddable":true,"href":"https:\/\/baldumarket.lt\/lt\/wp-json\/wp\/v2\/product_brand?post=165204"},{"taxonomy":"product_cat","embeddable":true,"href":"https:\/\/baldumarket.lt\/lt\/wp-json\/wp\/v2\/product_cat?post=165204"},{"taxonomy":"product_tag","embeddable":true,"href":"https:\/\/baldumarket.lt\/lt\/wp-json\/wp\/v2\/product_tag?post=165204"}],"curies":[{"name":"wp","href":"https:\/\/api.w.org\/{rel}","templated":true}]}}