{"id":165197,"date":"2025-12-19T15:14:46","date_gmt":"2025-12-19T12:14:46","guid":{"rendered":"https:\/\/baldumarket.lt\/product\/malumi-3-witryna-2-drzwiowa-cashmere\/"},"modified":"2026-04-12T16:35:34","modified_gmt":"2026-04-12T13:35:34","slug":"malumi-3-witryna-2-drzwiowa-cashmere","status":"publish","type":"product","link":"https:\/\/baldumarket.lt\/lt\/product\/malumi-3-witryna-2-drzwiowa-cashmere\/","title":{"rendered":"MALUMI-3 \u2013 2 dur\u0173 ka\u0161myro vitrinin\u0117 spinta"},"content":{"rendered":"<p>\u201eMALUMI-3\u201c \u2013 unikali dviej\u0173 dur\u0173 vitrina i\u0161 \u201eJarstol\u201c, kuri bet kokiam interjerui suteiks elegancijos ir modernumo. Subtilus ka\u0161myro atspalvis kartu su unikaliu \u201eeglut\u0117s\u201c ra\u0161tu suteikia originalumo ir estetinio patrauklumo. Sukurta tiems, kurie vertina minimalistin\u012f interjero dizain\u0105, ji sukuria harmoning\u0105 erdv\u0119, kurioje svarbi kiekviena detal\u0117. Interjeras yra \u012fsp\u016bdingai funkcionalus; erdvios lentynos suteikia puiki\u0105 viet\u0105 eksponuoti m\u0117gstamiausius daiktus, tokius kaip knygos, dekoracijos ar eleganti\u0161ki stalo \u012frankiai. Novatori\u0161ka atidarymo spustel\u0117jus sistema leid\u017eia atidaryti duris ne\u012ftik\u0117tinai paprastai ir intuityviai, o tai padidina naudojimo patogum\u0105. \u0160velnaus u\u017edarymo vyriai leid\u017eia naudotis spintele itin maloniai ir be r\u016bpes\u010di\u0173. Apdaila i\u0161 auk\u0161tos kokyb\u0117s med\u017eiag\u0173, spintel\u0117 ne tik atrodo esteti\u0161kai, bet ir yra patvari bei stabilu ilgus metus. Laminuotos plok\u0161t\u0117s korpusas atlaiko kasdien\u012f naudojim\u0105, o kojel\u0117s suteikia modernumo ir apsaugo spintel\u0119 nuo pa\u017eeidim\u0173. Vitrina puikiai tinka svetainei, valgomajam ar biurui, pabr\u0117\u017edama j\u016bs\u0173 interjero charakter\u012f.<\/p>","protected":false},"excerpt":{"rendered":"<p>Plotis (cm): 103<br \/>\n\u016agis (cm): 145<br \/>\nGylis (cm): 40,5<\/p>","protected":false},"featured_media":165198,"comment_status":"open","ping_status":"open","template":"","meta":[],"product_brand":[],"product_cat":[9510,4108,2006],"product_tag":[],"class_list":{"0":"post-165197","1":"product","2":"type-product","3":"status-publish","4":"has-post-thumbnail","6":"product_cat-furniture-system-malumi-jarstol-meble","7":"product_cat-jarstol","8":"product_cat-vitrines","10":"first","11":"instock","12":"purchasable","13":"product-type-simple"},"_links":{"self":[{"href":"https:\/\/baldumarket.lt\/lt\/wp-json\/wp\/v2\/product\/165197","targetHints":{"allow":["GET"]}}],"collection":[{"href":"https:\/\/baldumarket.lt\/lt\/wp-json\/wp\/v2\/product"}],"about":[{"href":"https:\/\/baldumarket.lt\/lt\/wp-json\/wp\/v2\/types\/product"}],"replies":[{"embeddable":true,"href":"https:\/\/baldumarket.lt\/lt\/wp-json\/wp\/v2\/comments?post=165197"}],"wp:featuredmedia":[{"embeddable":true,"href":"https:\/\/baldumarket.lt\/lt\/wp-json\/wp\/v2\/media\/165198"}],"wp:attachment":[{"href":"https:\/\/baldumarket.lt\/lt\/wp-json\/wp\/v2\/media?parent=165197"}],"wp:term":[{"taxonomy":"product_brand","embeddable":true,"href":"https:\/\/baldumarket.lt\/lt\/wp-json\/wp\/v2\/product_brand?post=165197"},{"taxonomy":"product_cat","embeddable":true,"href":"https:\/\/baldumarket.lt\/lt\/wp-json\/wp\/v2\/product_cat?post=165197"},{"taxonomy":"product_tag","embeddable":true,"href":"https:\/\/baldumarket.lt\/lt\/wp-json\/wp\/v2\/product_tag?post=165197"}],"curies":[{"name":"wp","href":"https:\/\/api.w.org\/{rel}","templated":true}]}}