{"id":165190,"date":"2025-12-19T15:14:31","date_gmt":"2025-12-19T12:14:31","guid":{"rendered":"https:\/\/baldumarket.lt\/product\/malumi-4-witryna-1-drzwiowa-cashmere\/"},"modified":"2026-04-12T16:35:34","modified_gmt":"2026-04-12T13:35:34","slug":"malumi-4-witryna-1-drzwiowa-cashmere","status":"publish","type":"product","link":"https:\/\/baldumarket.lt\/lt\/product\/malumi-4-witryna-1-drzwiowa-cashmere\/","title":{"rendered":"MALUMI-4 \u2013 1 dur\u0173 ka\u0161myro vitrinin\u0117 spinta"},"content":{"rendered":"<p>MALUMI-4 vitrina derina klas\u0119 ir modernum\u0105. Unikalus dizainas \u2013 tai harmoningas sant\u016braus ka\u0161myro spalv\u0173 palet\u0117s ir subtilaus stiklo derinys, suteikiantis spintelei i\u0161skirtin\u012f charakter\u012f. D\u0117l paprast\u0173 form\u0173 ir minimalistin\u0117s apdailos spintel\u0117 tiks \u012fvairiuose interjeruose \u2013 nuo skandinavi\u0161ko iki industrinio. Gerai apgalvotas \u201eMalumi\u201c vitrinos dizainas ne tik gra\u017eiai atrodo, bet ir efektyviai organizuoja erdv\u0119. U\u017e stiklini\u0173 dureli\u0173 yra keturios lentynos, kuriose gal\u0117site eksponuoti m\u0117gstamas dekoracijas, knygas ar suvenyrus. Tai sukurs unikali\u0105 atmosfer\u0105 j\u016bs\u0173 interjere, atspindin\u010di\u0105 j\u016bs\u0173 stili\u0173 ir asmenyb\u0119. Apatin\u0117 spintel\u0117s dalis idealiai tinka laikyti daiktus, kuriuos norite visada tur\u0117ti po ranka, bet neb\u016btinai turi b\u016bti eksponuojami. \u0160is unikalus funkcionalumas paver\u010dia \u201eMalumi\u201c vitrin\u0105 ne tik esteti\u0161kai patrauklia, bet ir prakti\u0161ka j\u016bs\u0173 svetainei ar valgomajam. M\u0117gaudamiesi jos buvimu, \u012fgysite erdv\u0119, kurioje patogiai jausis tiek sve\u010diai, tiek nam\u0173 \u016bkio nariai.<\/p>","protected":false},"excerpt":{"rendered":"<p>Plotis (cm): 60<br \/>\n\u016agis (cm): 197<br \/>\nGylis (cm): 40,5<\/p>","protected":false},"featured_media":165191,"comment_status":"open","ping_status":"open","template":"","meta":[],"product_brand":[],"product_cat":[9510,4108,2006],"product_tag":[],"class_list":{"0":"post-165190","1":"product","2":"type-product","3":"status-publish","4":"has-post-thumbnail","6":"product_cat-furniture-system-malumi-jarstol-meble","7":"product_cat-jarstol","8":"product_cat-vitrines","10":"first","11":"instock","12":"purchasable","13":"product-type-simple"},"_links":{"self":[{"href":"https:\/\/baldumarket.lt\/lt\/wp-json\/wp\/v2\/product\/165190","targetHints":{"allow":["GET"]}}],"collection":[{"href":"https:\/\/baldumarket.lt\/lt\/wp-json\/wp\/v2\/product"}],"about":[{"href":"https:\/\/baldumarket.lt\/lt\/wp-json\/wp\/v2\/types\/product"}],"replies":[{"embeddable":true,"href":"https:\/\/baldumarket.lt\/lt\/wp-json\/wp\/v2\/comments?post=165190"}],"wp:featuredmedia":[{"embeddable":true,"href":"https:\/\/baldumarket.lt\/lt\/wp-json\/wp\/v2\/media\/165191"}],"wp:attachment":[{"href":"https:\/\/baldumarket.lt\/lt\/wp-json\/wp\/v2\/media?parent=165190"}],"wp:term":[{"taxonomy":"product_brand","embeddable":true,"href":"https:\/\/baldumarket.lt\/lt\/wp-json\/wp\/v2\/product_brand?post=165190"},{"taxonomy":"product_cat","embeddable":true,"href":"https:\/\/baldumarket.lt\/lt\/wp-json\/wp\/v2\/product_cat?post=165190"},{"taxonomy":"product_tag","embeddable":true,"href":"https:\/\/baldumarket.lt\/lt\/wp-json\/wp\/v2\/product_tag?post=165190"}],"curies":[{"name":"wp","href":"https:\/\/api.w.org\/{rel}","templated":true}]}}