{"id":165184,"date":"2025-12-19T15:14:19","date_gmt":"2025-12-19T12:14:19","guid":{"rendered":"https:\/\/baldumarket.lt\/product\/malumi-5-komoda-rtv-2d1s-cashmere\/"},"modified":"2026-04-12T16:35:34","modified_gmt":"2026-04-12T13:35:34","slug":"malumi-5-komoda-rtv-2d1s-cashmere","status":"publish","type":"product","link":"https:\/\/baldumarket.lt\/lt\/product\/malumi-5-komoda-rtv-2d1s-cashmere\/","title":{"rendered":"MALUMI-5 \u2013 televizorius komoda 2D1S Cashmere"},"content":{"rendered":"<p>MALUMI-5 televizoriaus staliukas \u2013 modernaus dizaino \u012fsik\u016bnijimas, lengvai integruojantis \u012f bet kok\u012f interjer\u0105 \u2013 nuo minimalistinio iki klasikinio. Stilinga ka\u0161myro spalva, pagaminta i\u0161 garsaus \u201eEgger\u201c prek\u0117s \u017eenklo, suteikia jam eleganti\u0161k\u0105 ir nesenstant\u012f vaizd\u0105, kuris pritrauks kiekvieno j\u016bs\u0173 nam\u0173 lankytojo ak\u012f. \u0160io unikalaus televizoriaus staliuko priekio eglut\u0117s ra\u0161tas yra puiki detal\u0117, pabr\u0117\u017eianti jo modern\u0173 charakter\u012f. Jis ne tik vizualiai malonus, bet ir ne\u012ftik\u0117tinai funkcionalus. Su dviem u\u017erakinamomis spintel\u0117mis su erdviomis lentynomis ir erdviu i\u0161traukiamu stal\u010diumi, MALUMI-5 idealiai tinka \u012fvairi\u0173 pried\u0173 laikymui \u2013 nuo dokument\u0173 iki smulki\u0173 daikt\u0173, kuriuos norite visada tur\u0117ti po ranka. Nepamir\u0161kime ir atviros erdv\u0117s televizijos \u012frangai, kuri yra puiki vieta visiems j\u016bs\u0173 m\u0117gstamiausiems \u012frenginiams \u2013 nuo medijos grotuv\u0173 iki \u017eaidim\u0173 konsoli\u0173. D\u0117l gerai apgalvoto dizaino MALUMI-5 staliukas derina estetik\u0105 ir prakti\u0161kum\u0105, tod\u0117l kiekvienas filmo vakaras tampa dar patogesnis.<\/p>","protected":false},"excerpt":{"rendered":"<p>Plotis (cm): 160<br \/>\n\u016agis (cm): 57<br \/>\nGylis (cm): 40,5<\/p>","protected":false},"featured_media":165185,"comment_status":"open","ping_status":"open","template":"","meta":[],"product_brand":[],"product_cat":[9510,4108,1175],"product_tag":[],"class_list":{"0":"post-165184","1":"product","2":"type-product","3":"status-publish","4":"has-post-thumbnail","6":"product_cat-furniture-system-malumi-jarstol-meble","7":"product_cat-jarstol","8":"product_cat-tv-stands","10":"first","11":"instock","12":"purchasable","13":"product-type-simple"},"_links":{"self":[{"href":"https:\/\/baldumarket.lt\/lt\/wp-json\/wp\/v2\/product\/165184","targetHints":{"allow":["GET"]}}],"collection":[{"href":"https:\/\/baldumarket.lt\/lt\/wp-json\/wp\/v2\/product"}],"about":[{"href":"https:\/\/baldumarket.lt\/lt\/wp-json\/wp\/v2\/types\/product"}],"replies":[{"embeddable":true,"href":"https:\/\/baldumarket.lt\/lt\/wp-json\/wp\/v2\/comments?post=165184"}],"wp:featuredmedia":[{"embeddable":true,"href":"https:\/\/baldumarket.lt\/lt\/wp-json\/wp\/v2\/media\/165185"}],"wp:attachment":[{"href":"https:\/\/baldumarket.lt\/lt\/wp-json\/wp\/v2\/media?parent=165184"}],"wp:term":[{"taxonomy":"product_brand","embeddable":true,"href":"https:\/\/baldumarket.lt\/lt\/wp-json\/wp\/v2\/product_brand?post=165184"},{"taxonomy":"product_cat","embeddable":true,"href":"https:\/\/baldumarket.lt\/lt\/wp-json\/wp\/v2\/product_cat?post=165184"},{"taxonomy":"product_tag","embeddable":true,"href":"https:\/\/baldumarket.lt\/lt\/wp-json\/wp\/v2\/product_tag?post=165184"}],"curies":[{"name":"wp","href":"https:\/\/api.w.org\/{rel}","templated":true}]}}