{"id":165177,"date":"2025-12-19T15:14:04","date_gmt":"2025-12-19T12:14:04","guid":{"rendered":"https:\/\/baldumarket.lt\/product\/malumi-7-szafa-2-drzwiowa-cashmere\/"},"modified":"2026-04-12T16:35:34","modified_gmt":"2026-04-12T13:35:34","slug":"malumi-7-szafa-2-drzwiowa-cashmere","status":"publish","type":"product","link":"https:\/\/baldumarket.lt\/lt\/product\/malumi-7-szafa-2-drzwiowa-cashmere\/","title":{"rendered":"MALUMI-7 \u2013 Ka\u0161myro 2 dur\u0173 spinta"},"content":{"rendered":"<p>Dviej\u0173 dur\u0173 ka\u0161myro spinta MALUMI-7 i\u0161 garsaus prek\u0117s \u017eenklo \u201eJarstol\u201c \u2013 tai tobulas elegancijos ir modernumo derinys. Jos sant\u016bri ka\u0161myro spalva ir klasikin\u0117 forma puikiai tiks \u012fvairiuose interjeruose, suteikdama jiems unikal\u0173 charakter\u012f. \u0160i spinta ne tik traukia ak\u012f, bet ir yra prakti\u0161kas sprendimas, patenkinsiantis kiekvieno nam\u0173 \u016bkio nario poreikius. MALUMI-7 spintos vidus pasi\u017eymi ne\u012ftik\u0117tina erdve. Atskira pakabos vieta ir keturios lentynos sukuria idealias s\u0105lygas drabu\u017eiams ir aksesuarams laikyti. Apatin\u0117 spintos dalis skirta patogiam bat\u0173 ar rankini\u0173 laikymui, leid\u017eiant palaikyti tvark\u0105 ir organizuotum\u0105 namuose. Atidarymo spustel\u0117jus funkcija leid\u017eia atidaryti spint\u0105 nepaprastai patogiai ir intuityviai. Pagaminta i\u0161 auk\u0161\u010diausios kokyb\u0117s matin\u0117s laminuotos plok\u0161t\u0117s, MALUMI-7 spinta yra ne tik esteti\u0161kai patraukli, bet ir i\u0161skirtinai patvari. Tvirta konstrukcija u\u017etikrina ilgaam\u017ei\u0161kum\u0105, o tyl\u016bs vyriai \u2013 labai patog\u0173 naudojim\u0105. Tai puikus pasirinkimas tiems, kurie vertina modern\u0173 stili\u0173 ir funkcionalum\u0105 viename.<\/p>","protected":false},"excerpt":{"rendered":"<p>Plotis (cm): 90<br \/>\n\u016agis (cm): 197<br \/>\nGylis (cm): 40,5<\/p>","protected":false},"featured_media":165178,"comment_status":"open","ping_status":"open","template":"","meta":[],"product_brand":[],"product_cat":[9510,4108,1177],"product_tag":[],"class_list":{"0":"post-165177","1":"product","2":"type-product","3":"status-publish","4":"has-post-thumbnail","6":"product_cat-furniture-system-malumi-jarstol-meble","7":"product_cat-jarstol","8":"product_cat-wardrobes","10":"first","11":"instock","12":"purchasable","13":"product-type-simple"},"_links":{"self":[{"href":"https:\/\/baldumarket.lt\/lt\/wp-json\/wp\/v2\/product\/165177","targetHints":{"allow":["GET"]}}],"collection":[{"href":"https:\/\/baldumarket.lt\/lt\/wp-json\/wp\/v2\/product"}],"about":[{"href":"https:\/\/baldumarket.lt\/lt\/wp-json\/wp\/v2\/types\/product"}],"replies":[{"embeddable":true,"href":"https:\/\/baldumarket.lt\/lt\/wp-json\/wp\/v2\/comments?post=165177"}],"wp:featuredmedia":[{"embeddable":true,"href":"https:\/\/baldumarket.lt\/lt\/wp-json\/wp\/v2\/media\/165178"}],"wp:attachment":[{"href":"https:\/\/baldumarket.lt\/lt\/wp-json\/wp\/v2\/media?parent=165177"}],"wp:term":[{"taxonomy":"product_brand","embeddable":true,"href":"https:\/\/baldumarket.lt\/lt\/wp-json\/wp\/v2\/product_brand?post=165177"},{"taxonomy":"product_cat","embeddable":true,"href":"https:\/\/baldumarket.lt\/lt\/wp-json\/wp\/v2\/product_cat?post=165177"},{"taxonomy":"product_tag","embeddable":true,"href":"https:\/\/baldumarket.lt\/lt\/wp-json\/wp\/v2\/product_tag?post=165177"}],"curies":[{"name":"wp","href":"https:\/\/api.w.org\/{rel}","templated":true}]}}