{"id":165169,"date":"2025-12-19T15:13:49","date_gmt":"2025-12-19T12:13:49","guid":{"rendered":"https:\/\/baldumarket.lt\/product\/malumi-9-biurko-1d-cashmere\/"},"modified":"2026-04-12T16:35:34","modified_gmt":"2026-04-12T13:35:34","slug":"malumi-9-biurko-1d-cashmere","status":"publish","type":"product","link":"https:\/\/baldumarket.lt\/lt\/product\/malumi-9-biurko-1d-cashmere\/","title":{"rendered":"MALUMI-9 \u2013 1D ka\u0161myro ra\u0161omasis stalas"},"content":{"rendered":"<p>Pristatome \u201eJarstol\u201c MALUMI-9 stal\u0105, kuriame dera elegancija, minimalistinis dizainas ir funkcionalumas, b\u016btini bet kokiam moderniam interjerui. Subtilus ka\u0161myro atspalvis suteikia jam unikal\u0173 charakter\u012f, kuris puikiai tiks \u012fvairiose aplinkose \u2013 nuo biur\u0173 iki jaunimo erdvi\u0173. D\u0117l unikali\u0173 detali\u0173, toki\u0173 kaip dekoratyvinis \u201eeglut\u0117s\u201c ra\u0161to fasadas, stalas tampa ne tik baldu, bet ir subtiliu dekoratyviniu elementu. 135 cm plo\u010dio, 77,5 cm auk\u0161\u010dio ir 60 cm gylio stalas suteikia darbo viet\u0105, skatinan\u010di\u0105 k\u016brybi\u0161kum\u0105 ir produktyvum\u0105. Tyliai u\u017esidaranti vyri\u0173 technologija ir atidarymo spustel\u0117jus funkcija u\u017etikrina kasdien\u012f naudojim\u0105 nepaprastai patog\u0173 ir be r\u016bpes\u010di\u0173. Kasdien galite m\u0117gautis ne tik estetika, bet ir \u0161io stalo prakti\u0161kumu. Kruop\u0161tus laminuotos plok\u0161t\u0117s apdirbimas u\u017etikrina patvarum\u0105 ir stabilum\u0105, tod\u0117l MALUMI-9 stalas tarnaus ilgus metus. Nesvarbu, ar projektuojate nam\u0173 biur\u0105, ar jaunimo darbo erdv\u0119, \u0161is stalas taps m\u0117gstama darbo ar mokymosi vieta. Modernus, minimalistinis dizainas suteiks bet kokiam interjerui lengvumo ir elegancijos, o subtili ka\u0161myro spalva sukuria jauki\u0105 atmosfer\u0105, skatinan\u010di\u0105 susikaupim\u0105.<\/p>","protected":false},"excerpt":{"rendered":"<p>Plotis (cm): 135<br \/>\n\u016agis (cm): 77,5<br \/>\nGylis (cm): 54,5<\/p>","protected":false},"featured_media":165170,"comment_status":"open","ping_status":"open","template":"","meta":[],"product_brand":[],"product_cat":[9510,1312,4108],"product_tag":[],"class_list":{"0":"post-165169","1":"product","2":"type-product","3":"status-publish","4":"has-post-thumbnail","6":"product_cat-furniture-system-malumi-jarstol-meble","7":"product_cat-desks","8":"product_cat-jarstol","10":"first","11":"instock","12":"purchasable","13":"product-type-simple"},"_links":{"self":[{"href":"https:\/\/baldumarket.lt\/lt\/wp-json\/wp\/v2\/product\/165169","targetHints":{"allow":["GET"]}}],"collection":[{"href":"https:\/\/baldumarket.lt\/lt\/wp-json\/wp\/v2\/product"}],"about":[{"href":"https:\/\/baldumarket.lt\/lt\/wp-json\/wp\/v2\/types\/product"}],"replies":[{"embeddable":true,"href":"https:\/\/baldumarket.lt\/lt\/wp-json\/wp\/v2\/comments?post=165169"}],"wp:featuredmedia":[{"embeddable":true,"href":"https:\/\/baldumarket.lt\/lt\/wp-json\/wp\/v2\/media\/165170"}],"wp:attachment":[{"href":"https:\/\/baldumarket.lt\/lt\/wp-json\/wp\/v2\/media?parent=165169"}],"wp:term":[{"taxonomy":"product_brand","embeddable":true,"href":"https:\/\/baldumarket.lt\/lt\/wp-json\/wp\/v2\/product_brand?post=165169"},{"taxonomy":"product_cat","embeddable":true,"href":"https:\/\/baldumarket.lt\/lt\/wp-json\/wp\/v2\/product_cat?post=165169"},{"taxonomy":"product_tag","embeddable":true,"href":"https:\/\/baldumarket.lt\/lt\/wp-json\/wp\/v2\/product_tag?post=165169"}],"curies":[{"name":"wp","href":"https:\/\/api.w.org\/{rel}","templated":true}]}}