{"id":165161,"date":"2025-12-19T15:13:33","date_gmt":"2025-12-19T12:13:33","guid":{"rendered":"https:\/\/baldumarket.lt\/product\/malumi-10-szafka-nocna-1-drzwiowa-cashmere\/"},"modified":"2026-04-12T16:35:34","modified_gmt":"2026-04-12T13:35:34","slug":"malumi-10-szafka-nocna-1-drzwiowa-cashmere","status":"publish","type":"product","link":"https:\/\/baldumarket.lt\/lt\/product\/malumi-10-szafka-nocna-1-drzwiowa-cashmere\/","title":{"rendered":"MALUMI-10 \u2013 Vien\u0173 dur\u0173 ka\u0161myro naktinis staliukas"},"content":{"rendered":"<p>Atraskite MALUMI-10 naktin\u012f staliuk\u0105, kuris neabejotinai pakeis j\u016bs\u0173 miegam\u0105j\u012f, suteikdamas jam modernaus stiliaus ir elegancijos. Pagaminta i\u0161 auk\u0161tos kokyb\u0117s med\u017eiag\u0173, \u0161i vien\u0173 dur\u0173 spintel\u0117 i\u0161 ka\u0161myro \u017eavi ne tik savo estetika, bet ir funkcionalumu. Minimalistinis dizainas ir dekoratyvinis \u201eeglut\u0117s kaulo\u201c ra\u0161to priekis paver\u010dia j\u0105 tikru bet kokio interjero akcentu. Naktinio staliuko viduje yra erdvi lentyna ir atvira ni\u0161a, puikiai tinkanti knygoms, naktinei lempai ar kitiems b\u016btiniausiems daiktams laikyti. Kad viskas b\u016bt\u0173 tvarkingai ir lengvai pasiekiamu atstumu, MALUMI-10 yra puikus pasirinkimas tiems, kurie vertina komfort\u0105 ir stili\u0173. Tvirta konstrukcija garantuoja ilgaam\u017ei\u0161kum\u0105, o \u0161velniai u\u017esidaran\u010dios durel\u0117s \u2013 puikus sprendimas ramioms naktims. Matin\u0117s juodos spalvos elegancija kartu su ka\u0161myro spalva leid\u017eia spintelei puikiai tinka \u012fvairiems interjerams. Nesvarbu, ar kuriate moderni\u0105, skandinavi\u0161k\u0105, ar klasikin\u0119 erdv\u0119, MALUMI-10 yra universalus sprendimas, kuris suteiks stiliaus ir rafinuotumo. D\u0117l estetikos j\u0105 lengva derinti su kitais interjero dizaino elementais, sukuriant harmoning\u0105 atmosfer\u0105.<\/p>","protected":false},"excerpt":{"rendered":"<p>Plotis (cm): 54<br \/>\n\u016agis (cm): 57<br \/>\nGylis (cm): 60<\/p>","protected":false},"featured_media":165162,"comment_status":"open","ping_status":"open","template":"","meta":[],"product_brand":[],"product_cat":[9510,1176,4108],"product_tag":[],"class_list":{"0":"post-165161","1":"product","2":"type-product","3":"status-publish","4":"has-post-thumbnail","6":"product_cat-furniture-system-malumi-jarstol-meble","7":"product_cat-bedside-tables","8":"product_cat-jarstol","10":"first","11":"instock","12":"purchasable","13":"product-type-simple"},"_links":{"self":[{"href":"https:\/\/baldumarket.lt\/lt\/wp-json\/wp\/v2\/product\/165161","targetHints":{"allow":["GET"]}}],"collection":[{"href":"https:\/\/baldumarket.lt\/lt\/wp-json\/wp\/v2\/product"}],"about":[{"href":"https:\/\/baldumarket.lt\/lt\/wp-json\/wp\/v2\/types\/product"}],"replies":[{"embeddable":true,"href":"https:\/\/baldumarket.lt\/lt\/wp-json\/wp\/v2\/comments?post=165161"}],"wp:featuredmedia":[{"embeddable":true,"href":"https:\/\/baldumarket.lt\/lt\/wp-json\/wp\/v2\/media\/165162"}],"wp:attachment":[{"href":"https:\/\/baldumarket.lt\/lt\/wp-json\/wp\/v2\/media?parent=165161"}],"wp:term":[{"taxonomy":"product_brand","embeddable":true,"href":"https:\/\/baldumarket.lt\/lt\/wp-json\/wp\/v2\/product_brand?post=165161"},{"taxonomy":"product_cat","embeddable":true,"href":"https:\/\/baldumarket.lt\/lt\/wp-json\/wp\/v2\/product_cat?post=165161"},{"taxonomy":"product_tag","embeddable":true,"href":"https:\/\/baldumarket.lt\/lt\/wp-json\/wp\/v2\/product_tag?post=165161"}],"curies":[{"name":"wp","href":"https:\/\/api.w.org\/{rel}","templated":true}]}}