{"id":165153,"date":"2025-12-19T15:13:16","date_gmt":"2025-12-19T12:13:16","guid":{"rendered":"https:\/\/baldumarket.lt\/product\/windsor-1-komoda-3d2s-cashmere\/"},"modified":"2026-04-12T16:35:26","modified_gmt":"2026-04-12T13:35:26","slug":"windsor-1-komoda-3d2s-cashmere","status":"publish","type":"product","link":"https:\/\/baldumarket.lt\/lt\/product\/windsor-1-komoda-3d2s-cashmere\/","title":{"rendered":"WINDSOR-1 \u2013 3D2S ka\u0161myro komoda"},"content":{"rendered":"<p>Atraskite \u2019Windsor\u201c komod\u0105 \u2013 tobul\u0105 klasikin\u0117s elegancijos ir modernaus funkcionalumo derin\u012f. \u0160is unikalus baldas, padengtas subtiliu ka\u0161myro atspalviu, j\u016bs\u0173 interjerui suteiks ramyb\u0117s ir harmonijos atmosfer\u0105. Nesvarbu, ar ie\u0161kote vietos daiktams susid\u0117ti, ar stilingo akcento, \u0161i komoda pateisins j\u016bs\u0173 l\u016bkes\u010dius ir taps bet kurio kambario traukos centru. \u201eWindsor\u201c komoda i\u0161siskiria rafinuotu dizainu ir kruop\u0161\u010diai atrinktomis med\u017eiagomis. Modernios, vario spalvos metalin\u0117s ranken\u0117l\u0117s puikiai dera su nat\u016bralaus \u0105\u017euolo apdaila, tod\u0117l ji ne tik esteti\u0161kai i\u0161ry\u0161k\u0117ja, bet ir yra patvari. Komodos \u017eaves\u012f sustiprina dekoratyvin\u0117s MDF juostel\u0117s, kurios \u0161iuolaikiniam dekorui suteikia elegancijos ir klasikinio \u017eavesio. Pagalvokite apie funkcionalum\u0105, kurio tikit\u0117s i\u0161 kasdieni\u0173 bald\u0173. \u201eWindsor\u201c komoda pasi\u017eymi erdviu interjeru, kuriame lengvai tilps visi j\u016bs\u0173 reikalingi daiktai \u2013 nuo dokument\u0173 iki m\u0117gstam\u0173 knyg\u0173. D\u0117l tyli\u0173 vyri\u0173 ir \u0161velniai u\u017esidaran\u010di\u0173 rutulini\u0173 guoli\u0173 b\u0117geli\u0173 kiekvienas stal\u010dius atsidaro arba u\u017esidaro tyliai, tod\u0117l naudotis komoda visada bus malonu.<\/p>","protected":false},"excerpt":{"rendered":"<p>Plotis (cm): 135,5<br \/>\n\u016agis (cm): 100<br \/>\nGylis (cm): 40,5<\/p>","protected":false},"featured_media":165154,"comment_status":"open","ping_status":"open","template":"","meta":[],"product_brand":[],"product_cat":[9517,1173,4108],"product_tag":[],"class_list":{"0":"post-165153","1":"product","2":"type-product","3":"status-publish","4":"has-post-thumbnail","6":"product_cat-furniture-system-windsor-jarstol-meble","7":"product_cat-chests-of-drawers","8":"product_cat-jarstol","10":"first","11":"instock","12":"purchasable","13":"product-type-simple"},"_links":{"self":[{"href":"https:\/\/baldumarket.lt\/lt\/wp-json\/wp\/v2\/product\/165153","targetHints":{"allow":["GET"]}}],"collection":[{"href":"https:\/\/baldumarket.lt\/lt\/wp-json\/wp\/v2\/product"}],"about":[{"href":"https:\/\/baldumarket.lt\/lt\/wp-json\/wp\/v2\/types\/product"}],"replies":[{"embeddable":true,"href":"https:\/\/baldumarket.lt\/lt\/wp-json\/wp\/v2\/comments?post=165153"}],"wp:featuredmedia":[{"embeddable":true,"href":"https:\/\/baldumarket.lt\/lt\/wp-json\/wp\/v2\/media\/165154"}],"wp:attachment":[{"href":"https:\/\/baldumarket.lt\/lt\/wp-json\/wp\/v2\/media?parent=165153"}],"wp:term":[{"taxonomy":"product_brand","embeddable":true,"href":"https:\/\/baldumarket.lt\/lt\/wp-json\/wp\/v2\/product_brand?post=165153"},{"taxonomy":"product_cat","embeddable":true,"href":"https:\/\/baldumarket.lt\/lt\/wp-json\/wp\/v2\/product_cat?post=165153"},{"taxonomy":"product_tag","embeddable":true,"href":"https:\/\/baldumarket.lt\/lt\/wp-json\/wp\/v2\/product_tag?post=165153"}],"curies":[{"name":"wp","href":"https:\/\/api.w.org\/{rel}","templated":true}]}}