{"id":165145,"date":"2025-12-19T15:12:58","date_gmt":"2025-12-19T12:12:58","guid":{"rendered":"https:\/\/baldumarket.lt\/product\/windsor-2-komoda-4d2s-cashmere\/"},"modified":"2026-04-12T16:35:26","modified_gmt":"2026-04-12T13:35:26","slug":"windsor-2-komoda-4d2s-cashmere","status":"publish","type":"product","link":"https:\/\/baldumarket.lt\/lt\/product\/windsor-2-komoda-4d2s-cashmere\/","title":{"rendered":"WINDSOR-2 \u2013 4D2S ka\u0161myro komoda"},"content":{"rendered":"<p>Komoda \u2019Windsor-2\u201c \u2013 tai i\u0161skirtinis baldas, kuriame dera elegancija ir funkcionalumas. Klasikinis dizainas kartu su moderniais patogumais puikiai tinka bet kokiam interjerui \u2013 nuo eleganti\u0161k\u0173 svetaini\u0173 iki jauki\u0173 miegam\u0173j\u0173. Ka\u0161myro spalva korpusui ir fasadui suteikia ramyb\u0117s ir \u0161ilumos, sukurdama unikali\u0105 atmosfer\u0105 j\u016bs\u0173 namuose. \u201eWindsor-2\u201c i\u0161siskiria ne tik estetika, bet ir i\u0161skirtiniu prakti\u0161kumu. Erdvi komoda su keturiais dideliais ir dviem ma\u017eais stal\u010diais leid\u017eia laikyti \u012fvairius daiktus \u2013 nuo drabu\u017ei\u0173 iki dokument\u0173, tod\u0117l tai idealus sprendimas tiems, kurie vertina tvark\u0105 ir \u0161var\u0105. Papildomas privalumas \u2013 tyl\u016bs vyriai ir \u0161velnaus u\u017edarymo b\u0117geliai, u\u017etikrinantys naudojimo patogum\u0105 ir ilgaam\u017ei\u0161kum\u0105. Negalima nepasteb\u0117ti detali\u0173, kurios daro komod\u0105 \u201eWindsor-2\u201c tokia ypatinga. Varin\u0117s ranken\u0117l\u0117s suteikia baldui unikal\u0173 charakter\u012f, modernumo prisilietim\u0105, o kojel\u0117s, pagamintos i\u0161 nat\u016bralaus \u0105\u017euolo masyvo, suteikia stabilumo ir klas\u0117s. \u0160is harmoningas med\u017eiag\u0173 derinys daro komod\u0105 ne tik prakti\u0161k\u0105, bet ir stiling\u0105, tapdama tikra bet kokio interjero puo\u0161mena.<\/p>","protected":false},"excerpt":{"rendered":"<p>Plotis (cm): 179<br \/>\n\u016agis (cm): 100<br \/>\nGylis (cm): 40,5<\/p>","protected":false},"featured_media":165146,"comment_status":"open","ping_status":"open","template":"","meta":[],"product_brand":[],"product_cat":[9517,1173,4108],"product_tag":[],"class_list":{"0":"post-165145","1":"product","2":"type-product","3":"status-publish","4":"has-post-thumbnail","6":"product_cat-furniture-system-windsor-jarstol-meble","7":"product_cat-chests-of-drawers","8":"product_cat-jarstol","10":"first","11":"instock","12":"purchasable","13":"product-type-simple"},"_links":{"self":[{"href":"https:\/\/baldumarket.lt\/lt\/wp-json\/wp\/v2\/product\/165145","targetHints":{"allow":["GET"]}}],"collection":[{"href":"https:\/\/baldumarket.lt\/lt\/wp-json\/wp\/v2\/product"}],"about":[{"href":"https:\/\/baldumarket.lt\/lt\/wp-json\/wp\/v2\/types\/product"}],"replies":[{"embeddable":true,"href":"https:\/\/baldumarket.lt\/lt\/wp-json\/wp\/v2\/comments?post=165145"}],"wp:featuredmedia":[{"embeddable":true,"href":"https:\/\/baldumarket.lt\/lt\/wp-json\/wp\/v2\/media\/165146"}],"wp:attachment":[{"href":"https:\/\/baldumarket.lt\/lt\/wp-json\/wp\/v2\/media?parent=165145"}],"wp:term":[{"taxonomy":"product_brand","embeddable":true,"href":"https:\/\/baldumarket.lt\/lt\/wp-json\/wp\/v2\/product_brand?post=165145"},{"taxonomy":"product_cat","embeddable":true,"href":"https:\/\/baldumarket.lt\/lt\/wp-json\/wp\/v2\/product_cat?post=165145"},{"taxonomy":"product_tag","embeddable":true,"href":"https:\/\/baldumarket.lt\/lt\/wp-json\/wp\/v2\/product_tag?post=165145"}],"curies":[{"name":"wp","href":"https:\/\/api.w.org\/{rel}","templated":true}]}}