{"id":165137,"date":"2025-12-19T15:12:41","date_gmt":"2025-12-19T12:12:41","guid":{"rendered":"https:\/\/baldumarket.lt\/product\/windsor-3-komoda-6-szuflad-cashmere\/"},"modified":"2026-04-12T16:35:26","modified_gmt":"2026-04-12T13:35:26","slug":"windsor-3-komoda-6-szuflad-cashmere","status":"publish","type":"product","link":"https:\/\/baldumarket.lt\/lt\/product\/windsor-3-komoda-6-szuflad-cashmere\/","title":{"rendered":"WINDSOR-3 \u2013 Ka\u0161myro komoda su 6 stal\u010diais"},"content":{"rendered":"<p>Komoda WINDSOR-3 pagaminta i\u0161 auk\u0161tos kokyb\u0117s med\u017eiag\u0173, toki\u0173 kaip laminuota plok\u0161t\u0117 ir MDF. Ji ne tik esteti\u0161kai patraukli, bet ir patvari, tod\u0117l yra ilgalaik\u0117 investicija. \u0160e\u0161i erdv\u016bs stal\u010diai WINDSOR-3 suteikia maksimali\u0105 erdv\u0119 daiktams susid\u0117ti. Simetri\u0161kai i\u0161d\u0117styti stal\u010diai, po tris kiekvienoje pus\u0117je, leid\u017eia lengvai pasiekti visus norimus laikyti daiktus po ranka. \u0160ie stal\u010diai u\u017etikrina, kad kiekvienas smulkmenos tur\u0117t\u0173 savo viet\u0105, ir padeda palaikyti tvark\u0105 namuose. \u0160i komoda patenkins net ir i\u0161rankiausi\u0173 vartotoj\u0173 l\u016bkes\u010dius. I\u0161skirtinis WINDSOR-3 komodos dizainas pasi\u017eymi varin\u0117mis ranken\u0117l\u0117mis, kurios suteikia baldui modernumo. Nat\u016bralaus \u0105\u017euolo masyvo kojel\u0117s ne tik stabilizuoja bald\u0105, bet ir suteikia interjerui jaukumo bei \u0161ilumos. Komoda puikiai dera su medin\u0117mis grindimis ir skandinavi\u0161kais ar minimalistiniais baldais, sukurdama harmoning\u0105 gyvenam\u0105j\u0105 erdv\u0119.<\/p>","protected":false},"excerpt":{"rendered":"<p>Plotis (cm): 135,5<br \/>\n\u016agis (cm): 100<br \/>\nGylis (cm): 40,5<\/p>","protected":false},"featured_media":165138,"comment_status":"open","ping_status":"open","template":"","meta":[],"product_brand":[],"product_cat":[9517,1173,4108],"product_tag":[],"class_list":{"0":"post-165137","1":"product","2":"type-product","3":"status-publish","4":"has-post-thumbnail","6":"product_cat-furniture-system-windsor-jarstol-meble","7":"product_cat-chests-of-drawers","8":"product_cat-jarstol","10":"first","11":"instock","12":"purchasable","13":"product-type-simple"},"_links":{"self":[{"href":"https:\/\/baldumarket.lt\/lt\/wp-json\/wp\/v2\/product\/165137","targetHints":{"allow":["GET"]}}],"collection":[{"href":"https:\/\/baldumarket.lt\/lt\/wp-json\/wp\/v2\/product"}],"about":[{"href":"https:\/\/baldumarket.lt\/lt\/wp-json\/wp\/v2\/types\/product"}],"replies":[{"embeddable":true,"href":"https:\/\/baldumarket.lt\/lt\/wp-json\/wp\/v2\/comments?post=165137"}],"wp:featuredmedia":[{"embeddable":true,"href":"https:\/\/baldumarket.lt\/lt\/wp-json\/wp\/v2\/media\/165138"}],"wp:attachment":[{"href":"https:\/\/baldumarket.lt\/lt\/wp-json\/wp\/v2\/media?parent=165137"}],"wp:term":[{"taxonomy":"product_brand","embeddable":true,"href":"https:\/\/baldumarket.lt\/lt\/wp-json\/wp\/v2\/product_brand?post=165137"},{"taxonomy":"product_cat","embeddable":true,"href":"https:\/\/baldumarket.lt\/lt\/wp-json\/wp\/v2\/product_cat?post=165137"},{"taxonomy":"product_tag","embeddable":true,"href":"https:\/\/baldumarket.lt\/lt\/wp-json\/wp\/v2\/product_tag?post=165137"}],"curies":[{"name":"wp","href":"https:\/\/api.w.org\/{rel}","templated":true}]}}