{"id":165129,"date":"2025-12-19T15:12:24","date_gmt":"2025-12-19T12:12:24","guid":{"rendered":"https:\/\/baldumarket.lt\/product\/windsor-4-komoda-2d1s-cashmere\/"},"modified":"2026-04-12T16:35:26","modified_gmt":"2026-04-12T13:35:26","slug":"windsor-4-komoda-2d1s-cashmere","status":"publish","type":"product","link":"https:\/\/baldumarket.lt\/lt\/product\/windsor-4-komoda-2d1s-cashmere\/","title":{"rendered":"WINDSOR-4 \u2013 2D1S ka\u0161myro komoda"},"content":{"rendered":"<p>\u201eWindsor-4\u201c \u2013 tai komoda, kuri patraukia d\u0117mes\u012f ne tik modernia forma, bet ir subtiliu spalv\u0173 deriniu. Subtilus ka\u0161myro atspalvis kartu su nat\u016bralaus \u0105\u017euolo kojel\u0117mis sukuria harmoning\u0105 duet\u0105, puikiai derant\u012f su naujausiomis interjero dizaino tendencijomis. \u0160i komoda idealiai tinka tiems, kurie kasdieniame gyvenime vertina stili\u0173 ir funkcionalum\u0105. Auk\u0161ta baldo forma (125,5 cm) i\u0161skiria \u201eWindsor-4\u201c bet kuriame interjere, tarnaudama kaip ir d\u0117mesio centras, ir prakti\u0161kas daikt\u0173 laikymo sprendimas. D\u0117l puikaus erdv\u0117s i\u0161naudojimo rasite daug vietos \u012fvairiems daiktams \u2013 nuo knyg\u0173 ir dokument\u0173 iki smulki\u0173 aksesuar\u0173. \u0160velniai u\u017esidaran\u010dios durel\u0117s ir mink\u0161tos kreipian\u010diosios leid\u017eia ja naudotis ne tik lengvai, bet ir maloniai. \u201eWindsor-4\u201c komoda kruop\u0161\u010diai pagaminta i\u0161 auk\u0161tos kokyb\u0117s med\u017eiag\u0173, \u012fskaitant laminuot\u0105 plok\u0161t\u0119 ir eleganti\u0161k\u0105 MDF, u\u017etikrinant jos patvarum\u0105 ir atsparum\u0105 kasdieniam naudojimui. Vario metalin\u0117s ranken\u0117l\u0117s suteikia baldui modernumo, o \u0105\u017euolo kojel\u0117s \u2013 lengvumo. D\u0117l toki\u0173 detali\u0173 komoda ne tik atlieka praktin\u0119 funkcij\u0105, bet ir tampa estetiniu akcentu bet kuriame kambaryje.<\/p>","protected":false},"excerpt":{"rendered":"<p>Plotis (cm): 92<br \/>\n\u016agis (cm): 125,5<br \/>\nGylis (cm): 40,5<\/p>","protected":false},"featured_media":165130,"comment_status":"open","ping_status":"open","template":"","meta":[],"product_brand":[],"product_cat":[9517,1173,4108],"product_tag":[],"class_list":{"0":"post-165129","1":"product","2":"type-product","3":"status-publish","4":"has-post-thumbnail","6":"product_cat-furniture-system-windsor-jarstol-meble","7":"product_cat-chests-of-drawers","8":"product_cat-jarstol","10":"first","11":"instock","12":"purchasable","13":"product-type-simple"},"_links":{"self":[{"href":"https:\/\/baldumarket.lt\/lt\/wp-json\/wp\/v2\/product\/165129","targetHints":{"allow":["GET"]}}],"collection":[{"href":"https:\/\/baldumarket.lt\/lt\/wp-json\/wp\/v2\/product"}],"about":[{"href":"https:\/\/baldumarket.lt\/lt\/wp-json\/wp\/v2\/types\/product"}],"replies":[{"embeddable":true,"href":"https:\/\/baldumarket.lt\/lt\/wp-json\/wp\/v2\/comments?post=165129"}],"wp:featuredmedia":[{"embeddable":true,"href":"https:\/\/baldumarket.lt\/lt\/wp-json\/wp\/v2\/media\/165130"}],"wp:attachment":[{"href":"https:\/\/baldumarket.lt\/lt\/wp-json\/wp\/v2\/media?parent=165129"}],"wp:term":[{"taxonomy":"product_brand","embeddable":true,"href":"https:\/\/baldumarket.lt\/lt\/wp-json\/wp\/v2\/product_brand?post=165129"},{"taxonomy":"product_cat","embeddable":true,"href":"https:\/\/baldumarket.lt\/lt\/wp-json\/wp\/v2\/product_cat?post=165129"},{"taxonomy":"product_tag","embeddable":true,"href":"https:\/\/baldumarket.lt\/lt\/wp-json\/wp\/v2\/product_tag?post=165129"}],"curies":[{"name":"wp","href":"https:\/\/api.w.org\/{rel}","templated":true}]}}