{"id":165121,"date":"2025-12-19T15:12:07","date_gmt":"2025-12-19T12:12:07","guid":{"rendered":"https:\/\/baldumarket.lt\/product\/windsor-5-witryna-4d1s-cashmere\/"},"modified":"2026-04-12T16:35:26","modified_gmt":"2026-04-12T13:35:26","slug":"windsor-5-witryna-4d1s-cashmere","status":"publish","type":"product","link":"https:\/\/baldumarket.lt\/lt\/product\/windsor-5-witryna-4d1s-cashmere\/","title":{"rendered":"WINDSOR-5 \u2013 4D1S ka\u0161myro vitrina"},"content":{"rendered":"<p>Vitrina \u201eWINDSOR-5\u201c \u2013 tikra poj\u016b\u010di\u0173 \u0161vent\u0117, kurioje dera modernus dizainas ir klasikin\u0117 elegancija. Pagaminta i\u0161 auk\u0161tos kokyb\u0117s ka\u0161myro spalvos med\u017eiag\u0173, ji taps bet kurios erdv\u0117s traukos centru. D\u0117l eleganti\u0161k\u0173 linij\u0173 ir harmoning\u0173 proporcij\u0173 ji puikiai tinka \u012fvairiems i\u0161d\u0117stymams, suteikdama jiems unikal\u0173 charakter\u012f. Dekoratyvin\u0117s varin\u0117s ranken\u0117l\u0117s ir nat\u016bralaus \u0105\u017euolo kojel\u0117s u\u017ebaigia dizain\u0105, sukurdamos bald\u0105, kuris \u017eavi savo stiliumi. \u0160ios vitrinos funkcionalumas yra dar vienas privalumas, kuris tikrai patrauks j\u016bs\u0173 ak\u012f. \u201eWINDSOR-5\u201c si\u016blo erdvi\u0105 kompozicij\u0105 su keturiomis durel\u0117mis ir papildomomis lentynomis, idealiai tinkan\u010diomis knygoms, dokumentams ar eleganti\u0161kiems stalo \u012frankiams laikyti. Kadangi vitrina derina estetik\u0105 ir prakti\u0161kum\u0105, j\u016bs\u0173 interjeras bus ne tik gra\u017eus, bet ir tvarkingas. Tai puikus sprendimas tiems, kurie vertina stili\u0173 ir tvark\u0105 savo namuose. 92 cm plo\u010dio, 150,5 cm auk\u0161\u010dio ir 40,5 cm gylio \u201eWINDSOR-5\u201c vitrina lengvai tilps \u012fvairiose erdv\u0117se. Nesvarbu, ar j\u012f pastatysite jaukioje svetain\u0117je, eleganti\u0161kame valgomajame, ar biure, jis tikrai suteiks klasikinio \u017eavesio. Med\u017eiag\u0173, toki\u0173 kaip laminuota plok\u0161t\u0117 ir stiklas, derinys daro \u0161\u012f bald\u0105 ne tik gra\u017e\u0173, bet ir patvar\u0173 bei lengvai naudojam\u0105.<\/p>","protected":false},"excerpt":{"rendered":"<p>Plotis (cm): 92<br \/>\n\u016agis (cm): 150,5<br \/>\nGylis (cm): 40,5<\/p>","protected":false},"featured_media":165122,"comment_status":"open","ping_status":"open","template":"","meta":[],"product_brand":[],"product_cat":[9517,4108,2006],"product_tag":[],"class_list":{"0":"post-165121","1":"product","2":"type-product","3":"status-publish","4":"has-post-thumbnail","6":"product_cat-furniture-system-windsor-jarstol-meble","7":"product_cat-jarstol","8":"product_cat-vitrines","10":"first","11":"instock","12":"purchasable","13":"product-type-simple"},"_links":{"self":[{"href":"https:\/\/baldumarket.lt\/lt\/wp-json\/wp\/v2\/product\/165121","targetHints":{"allow":["GET"]}}],"collection":[{"href":"https:\/\/baldumarket.lt\/lt\/wp-json\/wp\/v2\/product"}],"about":[{"href":"https:\/\/baldumarket.lt\/lt\/wp-json\/wp\/v2\/types\/product"}],"replies":[{"embeddable":true,"href":"https:\/\/baldumarket.lt\/lt\/wp-json\/wp\/v2\/comments?post=165121"}],"wp:featuredmedia":[{"embeddable":true,"href":"https:\/\/baldumarket.lt\/lt\/wp-json\/wp\/v2\/media\/165122"}],"wp:attachment":[{"href":"https:\/\/baldumarket.lt\/lt\/wp-json\/wp\/v2\/media?parent=165121"}],"wp:term":[{"taxonomy":"product_brand","embeddable":true,"href":"https:\/\/baldumarket.lt\/lt\/wp-json\/wp\/v2\/product_brand?post=165121"},{"taxonomy":"product_cat","embeddable":true,"href":"https:\/\/baldumarket.lt\/lt\/wp-json\/wp\/v2\/product_cat?post=165121"},{"taxonomy":"product_tag","embeddable":true,"href":"https:\/\/baldumarket.lt\/lt\/wp-json\/wp\/v2\/product_tag?post=165121"}],"curies":[{"name":"wp","href":"https:\/\/api.w.org\/{rel}","templated":true}]}}