{"id":165105,"date":"2025-12-19T15:11:32","date_gmt":"2025-12-19T12:11:32","guid":{"rendered":"https:\/\/baldumarket.lt\/product\/windsor-7-witryna-2d4s-cashmere\/"},"modified":"2026-04-12T16:35:26","modified_gmt":"2026-04-12T13:35:26","slug":"windsor-7-witryna-2d4s-cashmere","status":"publish","type":"product","link":"https:\/\/baldumarket.lt\/lt\/product\/windsor-7-witryna-2d4s-cashmere\/","title":{"rendered":"WINDSOR-7 \u2013 2D4S ka\u0161myro aik\u0161tel\u0117"},"content":{"rendered":"<p>Ka\u0161myro spalvos WINDSOR-7 vitrina pasi\u017eymi subtiliu ir nesenstan\u010diu stiliumi, skland\u017eiai \u012fsiliejan\u010diu \u012f \u012fvairius interjerus. Jos modernus dizainas, praturtintas med\u017eio akcentais, suteikia bet kokiai erdvei \u0161ilt\u0105 ir jauk\u0173 poj\u016bt\u012f. Vitrina buvo sukurta galvojant apie stilingas, ak\u012f traukian\u010dias detales. Vario atspalvio metalin\u0117s ranken\u0117l\u0117s dera su nat\u016bralia \u0105\u017euolo koj\u0173 apdaila, sukurdamos darni\u0105 kompozicij\u0105, kuri d\u017eiugina ir \u012fkvepia. Kiekvienas vitrinos elementas buvo kruop\u0161\u010diai apgalvotas, kad ne tik d\u017eiugint\u0173 ak\u012f, bet ir atlikt\u0173 praktin\u0119 funkcij\u0105. Gerai apgalvotas WINDSOR-7 vidaus i\u0161d\u0117stymas suteikia daug vietos visiems j\u016bs\u0173 m\u0117gstamiausiems daiktams \u2013 nuo eleganti\u0161k\u0173 stalo \u012franki\u0173 ir \u0161eimos relikvij\u0173 iki knyg\u0173 ir dekoracij\u0173. Vitrina puikiai tinka svetainei, valgomajam ar net biurui, nes atlieka tiek estetinius, tiek praktinius tikslus. Galite b\u016bti tikri, kad j\u016bs\u0173 lobiai visada bus lengvai pasiekiami, o j\u0173 i\u0161d\u0117stymas suteiks bet kuriam kambariui unikalaus \u017eavesio.<\/p>","protected":false},"excerpt":{"rendered":"<p>Plotis (cm): 141,5<br \/>\n\u016agis (cm): 125,5<br \/>\nGylis (cm): 40,5<\/p>","protected":false},"featured_media":165106,"comment_status":"open","ping_status":"open","template":"","meta":[],"product_brand":[],"product_cat":[9517,4108,2006],"product_tag":[],"class_list":{"0":"post-165105","1":"product","2":"type-product","3":"status-publish","4":"has-post-thumbnail","6":"product_cat-furniture-system-windsor-jarstol-meble","7":"product_cat-jarstol","8":"product_cat-vitrines","10":"first","11":"instock","12":"purchasable","13":"product-type-simple"},"_links":{"self":[{"href":"https:\/\/baldumarket.lt\/lt\/wp-json\/wp\/v2\/product\/165105","targetHints":{"allow":["GET"]}}],"collection":[{"href":"https:\/\/baldumarket.lt\/lt\/wp-json\/wp\/v2\/product"}],"about":[{"href":"https:\/\/baldumarket.lt\/lt\/wp-json\/wp\/v2\/types\/product"}],"replies":[{"embeddable":true,"href":"https:\/\/baldumarket.lt\/lt\/wp-json\/wp\/v2\/comments?post=165105"}],"wp:featuredmedia":[{"embeddable":true,"href":"https:\/\/baldumarket.lt\/lt\/wp-json\/wp\/v2\/media\/165106"}],"wp:attachment":[{"href":"https:\/\/baldumarket.lt\/lt\/wp-json\/wp\/v2\/media?parent=165105"}],"wp:term":[{"taxonomy":"product_brand","embeddable":true,"href":"https:\/\/baldumarket.lt\/lt\/wp-json\/wp\/v2\/product_brand?post=165105"},{"taxonomy":"product_cat","embeddable":true,"href":"https:\/\/baldumarket.lt\/lt\/wp-json\/wp\/v2\/product_cat?post=165105"},{"taxonomy":"product_tag","embeddable":true,"href":"https:\/\/baldumarket.lt\/lt\/wp-json\/wp\/v2\/product_tag?post=165105"}],"curies":[{"name":"wp","href":"https:\/\/api.w.org\/{rel}","templated":true}]}}