{"id":165097,"date":"2025-12-19T15:11:15","date_gmt":"2025-12-19T12:11:15","guid":{"rendered":"https:\/\/baldumarket.lt\/product\/windsor-8-komoda-rtv-2d1s-cashmere\/"},"modified":"2026-04-12T16:35:26","modified_gmt":"2026-04-12T13:35:26","slug":"windsor-8-komoda-rtv-2d1s-cashmere","status":"publish","type":"product","link":"https:\/\/baldumarket.lt\/lt\/product\/windsor-8-komoda-rtv-2d1s-cashmere\/","title":{"rendered":"WINDSOR-8 &#8211; 2D1S ka\u0161myro TV komoda"},"content":{"rendered":"<p>\u201eWINDSOR-8\u201c \u2013 tai unikalus televizoriaus staliukas, kuriame gra\u017eiai dera elegancija ir naujausios tendencijos. Subtilus ka\u0161myro spalv\u0173 derinys ir subtilios detal\u0117s paver\u010dia j\u012f tikru bet kokio interjero akcentu. \u0160i\u0173 subtili\u0173 atspalvi\u0173 derinys su nat\u016bralaus med\u017eio kojel\u0117mis suteikia baldui \u0161ilumos ir jaukumo, sukurdamas atpalaiduojan\u010di\u0105 erdv\u0119, palanki\u0105 bendroms akimirkoms su \u0161eima ir draugais. Ie\u0161kodami tobulos vietos televizoriui ir kitiems multimedijos \u012frenginiams, verta apsvarstyti \u201eWINDSOR-8\u201c. Jis ne tik suteikia pakankamai vietos visiems j\u016bs\u0173 reikalingiems daiktams, bet ir \u017eavi savo estetika bei d\u0117mesiu detal\u0117ms. Auk\u0161tos kokyb\u0117s med\u017eiagos, naudojamos jo konstrukcijoje, tokios kaip MDF ir laminuota plok\u0161t\u0117, garantuoja patvarum\u0105 ir lengv\u0105 prie\u017ei\u016br\u0105, tod\u0117l staliukas yra puikus sprendimas bet kokiems namams. Verta pamin\u0117ti, kad \u201eWINDSOR-8\u201c puikiai der\u0117s tiek moderniame, tiek minimalistiniame, tiek klasikiniame interjere, tod\u0117l tai universalus baldas. Klasikinis dizainas kartu su modernia apdaila paver\u010dia j\u012f puikiu bet kurios gyvenamosios erdv\u0117s papildymu. Be to, metalin\u0117s vario spalvos rankenos suteikia prabangos ir elegancijos, be to, yra prakti\u0161kos ir funkcionalios.<\/p>","protected":false},"excerpt":{"rendered":"<p>Plotis (cm): 135,5<br \/>\n\u016agis (cm): 61,5<br \/>\nGylis (cm): 40,5<\/p>","protected":false},"featured_media":165098,"comment_status":"open","ping_status":"open","template":"","meta":[],"product_brand":[],"product_cat":[9517,4108,1175],"product_tag":[],"class_list":{"0":"post-165097","1":"product","2":"type-product","3":"status-publish","4":"has-post-thumbnail","6":"product_cat-furniture-system-windsor-jarstol-meble","7":"product_cat-jarstol","8":"product_cat-tv-stands","10":"first","11":"instock","12":"purchasable","13":"product-type-simple"},"_links":{"self":[{"href":"https:\/\/baldumarket.lt\/lt\/wp-json\/wp\/v2\/product\/165097","targetHints":{"allow":["GET"]}}],"collection":[{"href":"https:\/\/baldumarket.lt\/lt\/wp-json\/wp\/v2\/product"}],"about":[{"href":"https:\/\/baldumarket.lt\/lt\/wp-json\/wp\/v2\/types\/product"}],"replies":[{"embeddable":true,"href":"https:\/\/baldumarket.lt\/lt\/wp-json\/wp\/v2\/comments?post=165097"}],"wp:featuredmedia":[{"embeddable":true,"href":"https:\/\/baldumarket.lt\/lt\/wp-json\/wp\/v2\/media\/165098"}],"wp:attachment":[{"href":"https:\/\/baldumarket.lt\/lt\/wp-json\/wp\/v2\/media?parent=165097"}],"wp:term":[{"taxonomy":"product_brand","embeddable":true,"href":"https:\/\/baldumarket.lt\/lt\/wp-json\/wp\/v2\/product_brand?post=165097"},{"taxonomy":"product_cat","embeddable":true,"href":"https:\/\/baldumarket.lt\/lt\/wp-json\/wp\/v2\/product_cat?post=165097"},{"taxonomy":"product_tag","embeddable":true,"href":"https:\/\/baldumarket.lt\/lt\/wp-json\/wp\/v2\/product_tag?post=165097"}],"curies":[{"name":"wp","href":"https:\/\/api.w.org\/{rel}","templated":true}]}}