{"id":165089,"date":"2025-12-19T15:10:57","date_gmt":"2025-12-19T12:10:57","guid":{"rendered":"https:\/\/baldumarket.lt\/product\/windsor-9-komoda-rtv-2d1s-cashmere\/"},"modified":"2026-04-12T16:35:17","modified_gmt":"2026-04-12T13:35:17","slug":"windsor-9-komoda-rtv-2d1s-cashmere","status":"publish","type":"product","link":"https:\/\/baldumarket.lt\/lt\/product\/windsor-9-komoda-rtv-2d1s-cashmere\/","title":{"rendered":"WINDSOR-9 \u2013 2D1S ka\u0161myro TV komoda"},"content":{"rendered":"<p>\u201eWINDSOR-9\u201c televizoriaus staliukas \u2013 tai tobulas elegancijos ir funkcionalumo derinys, suteikiantis j\u016bs\u0173 svetainei unikal\u0173 charakter\u012f. Klasikinis dizainas, apdailintas prabangia ka\u0161myro spalva, suteikia interjerui subtilios harmonijos ir jaukumo. D\u0117l kruop\u0161\u010diai atrinkt\u0173 med\u017eiag\u0173, \u012fskaitant nat\u016bralaus \u0105\u017euolo medines kojeles, \u0161is baldas tampa ne tik estetiniu akcentu, bet ir stabiliu elementu kasdieniam naudojimui. \u201eWINDSOR-9\u201c televizoriaus staliuko vidus buvo sukurtas atsi\u017evelgiant \u012f praktin\u012f erdv\u0117s i\u0161naudojim\u0105. Erdvios lentynos suteikia daugyb\u0119 elektronikos ir nam\u0173 aksesuar\u0173 laikymo galimybi\u0173. Nesvarbu, ar turite film\u0173 kolekcij\u0105, ar \u017eaidim\u0173 rinkin\u012f, \u0161is baldas tikrai leis jums laikyti visk\u0105, ko norite, po ranka, tuo pa\u010diu i\u0161laikant tvark\u0105 j\u016bs\u0173 svetain\u0117je. Kitas ak\u012f traukiantis bruo\u017eas \u2013 subtilios vario atspalvio ranken\u0117l\u0117s, kurios suteikia bendram dizainui modernumo. B\u016btent tokios detal\u0117s daro \u012ftak\u0105 galutiniam vizualiniam efektui, tod\u0117l \u201eWINDSOR-9\u201c spintel\u0117 tampa ry\u0161kiu elementu, galin\u010diu tapti bet kurio svetain\u0117s dizaino traukos centru. Vario akcentai gra\u017eiai kontrastuoja su subtilia korpuso spalva, sukurdami harmoning\u0105 kompozicij\u0105.<\/p>","protected":false},"excerpt":{"rendered":"<p>Plotis (cm): 179<br \/>\n\u016agis (cm): 61,5<br \/>\nGylis (cm): 40,5<\/p>","protected":false},"featured_media":165090,"comment_status":"open","ping_status":"open","template":"","meta":[],"product_brand":[],"product_cat":[9517,4108,1175],"product_tag":[],"class_list":{"0":"post-165089","1":"product","2":"type-product","3":"status-publish","4":"has-post-thumbnail","6":"product_cat-furniture-system-windsor-jarstol-meble","7":"product_cat-jarstol","8":"product_cat-tv-stands","10":"first","11":"instock","12":"purchasable","13":"product-type-simple"},"_links":{"self":[{"href":"https:\/\/baldumarket.lt\/lt\/wp-json\/wp\/v2\/product\/165089","targetHints":{"allow":["GET"]}}],"collection":[{"href":"https:\/\/baldumarket.lt\/lt\/wp-json\/wp\/v2\/product"}],"about":[{"href":"https:\/\/baldumarket.lt\/lt\/wp-json\/wp\/v2\/types\/product"}],"replies":[{"embeddable":true,"href":"https:\/\/baldumarket.lt\/lt\/wp-json\/wp\/v2\/comments?post=165089"}],"wp:featuredmedia":[{"embeddable":true,"href":"https:\/\/baldumarket.lt\/lt\/wp-json\/wp\/v2\/media\/165090"}],"wp:attachment":[{"href":"https:\/\/baldumarket.lt\/lt\/wp-json\/wp\/v2\/media?parent=165089"}],"wp:term":[{"taxonomy":"product_brand","embeddable":true,"href":"https:\/\/baldumarket.lt\/lt\/wp-json\/wp\/v2\/product_brand?post=165089"},{"taxonomy":"product_cat","embeddable":true,"href":"https:\/\/baldumarket.lt\/lt\/wp-json\/wp\/v2\/product_cat?post=165089"},{"taxonomy":"product_tag","embeddable":true,"href":"https:\/\/baldumarket.lt\/lt\/wp-json\/wp\/v2\/product_tag?post=165089"}],"curies":[{"name":"wp","href":"https:\/\/api.w.org\/{rel}","templated":true}]}}