{"id":165081,"date":"2025-12-19T15:10:38","date_gmt":"2025-12-19T12:10:38","guid":{"rendered":"https:\/\/baldumarket.lt\/product\/windsor-10-szafa-2d1s-cashmere\/"},"modified":"2026-04-12T16:35:17","modified_gmt":"2026-04-12T13:35:17","slug":"windsor-10-szafa-2d1s-cashmere","status":"publish","type":"product","link":"https:\/\/baldumarket.lt\/lt\/product\/windsor-10-szafa-2d1s-cashmere\/","title":{"rendered":"WINDSOR-10 \u2013 Drabu\u017ein\u0117 2D1S Ka\u0161myras"},"content":{"rendered":"<p>Spinta WINDSOR-10 \u2013 tai unikalus baldas, kuris atnaujins ir praturtins bet kok\u012f interjer\u0105. Subtilus ka\u0161myro atspalvis kartu su nat\u016braliu \u0105\u017euolu sukuria esteti\u0161kai patraukl\u0173 ir harmoning\u0105 vaizd\u0105. Klasikin\u0117, ta\u010diau moderni spintos forma paver\u010dia j\u0105 universaliu miegamojo, prie\u0161kambario ar svetain\u0117s aksesuaru. D\u0117l auk\u0161tos kokyb\u0117s med\u017eiag\u0173 panaudojimo \u0161is baldas derina elegancij\u0105 ir funkcionalum\u0105, tod\u0117l tai idealus pasirinkimas ie\u0161kantiems stilingo, ta\u010diau prakti\u0161ko sprendimo. Vienas did\u017eiausi\u0173 spintos WINDSOR-10 privalum\u0173 \u2013 d\u0117mesys detal\u0117ms ir modern\u016bs sprendimai. Tyliai u\u017esidarantys vyriai ir subtil\u016bs rutuliniai guoliai su \u0161velniu u\u017edarymu u\u017etikrina patog\u0173 naudojim\u0105 ir padidina kasdien\u0117s veiklos komfort\u0105. Tai paver\u010dia spintos atidarym\u0105 ir u\u017edarym\u0105 malonumu, o ne varginan\u010dia u\u017eduotimi. Be to, spinta si\u016blo erdvi\u0105 erdv\u0119, puikiai tinkan\u010di\u0105 drabu\u017eiams ir kitiems b\u016btiniausiems daiktams laikyti, tod\u0117l ji puikiai tinka bet kuriems namams. Spintos vidus sukurtas atsi\u017evelgiant \u012f maksimal\u0173 funkcionalum\u0105. Ji u\u017etikrina optimal\u0173 erdv\u0117s organizavim\u0105, leid\u017eiant\u012f lengvai palaikyti tvark\u0105 ir greitai rasti tai, ko jums reikia. Tai puikus b\u016bdas sukurti harmoning\u0105 ir organizuot\u0105 aplink\u0105, kuri palaiko kasdien\u012f gyvenim\u0105 ir pagerina aplinkos estetik\u0105. D\u0117l to WINDSOR-10 spinta yra ne tik baldas, bet ir reik\u0161mingas dekoratyvinis elementas bet kuriame kambaryje.<\/p>","protected":false},"excerpt":{"rendered":"<p>Plotis (cm): 92<br \/>\n\u016agis (cm): 193<br \/>\nGylis (cm): 40,5<\/p>","protected":false},"featured_media":165082,"comment_status":"open","ping_status":"open","template":"","meta":[],"product_brand":[],"product_cat":[9517,4108,1177],"product_tag":[],"class_list":{"0":"post-165081","1":"product","2":"type-product","3":"status-publish","4":"has-post-thumbnail","6":"product_cat-furniture-system-windsor-jarstol-meble","7":"product_cat-jarstol","8":"product_cat-wardrobes","10":"first","11":"instock","12":"purchasable","13":"product-type-simple"},"_links":{"self":[{"href":"https:\/\/baldumarket.lt\/lt\/wp-json\/wp\/v2\/product\/165081","targetHints":{"allow":["GET"]}}],"collection":[{"href":"https:\/\/baldumarket.lt\/lt\/wp-json\/wp\/v2\/product"}],"about":[{"href":"https:\/\/baldumarket.lt\/lt\/wp-json\/wp\/v2\/types\/product"}],"replies":[{"embeddable":true,"href":"https:\/\/baldumarket.lt\/lt\/wp-json\/wp\/v2\/comments?post=165081"}],"wp:featuredmedia":[{"embeddable":true,"href":"https:\/\/baldumarket.lt\/lt\/wp-json\/wp\/v2\/media\/165082"}],"wp:attachment":[{"href":"https:\/\/baldumarket.lt\/lt\/wp-json\/wp\/v2\/media?parent=165081"}],"wp:term":[{"taxonomy":"product_brand","embeddable":true,"href":"https:\/\/baldumarket.lt\/lt\/wp-json\/wp\/v2\/product_brand?post=165081"},{"taxonomy":"product_cat","embeddable":true,"href":"https:\/\/baldumarket.lt\/lt\/wp-json\/wp\/v2\/product_cat?post=165081"},{"taxonomy":"product_tag","embeddable":true,"href":"https:\/\/baldumarket.lt\/lt\/wp-json\/wp\/v2\/product_tag?post=165081"}],"curies":[{"name":"wp","href":"https:\/\/api.w.org\/{rel}","templated":true}]}}