{"id":165073,"date":"2025-12-19T15:10:20","date_gmt":"2025-12-19T12:10:20","guid":{"rendered":"https:\/\/baldumarket.lt\/product\/windsor-11-szafka-nocna-1s-cashmere\/"},"modified":"2026-04-12T16:35:17","modified_gmt":"2026-04-12T13:35:17","slug":"windsor-11-szafka-nocna-1s-cashmere","status":"publish","type":"product","link":"https:\/\/baldumarket.lt\/lt\/product\/windsor-11-szafka-nocna-1s-cashmere\/","title":{"rendered":"WINDSOR-11 \u2013 Naktinis staliukas 1S ka\u0161myro spalvos"},"content":{"rendered":"<p>\u201eWINDSOR-11\u201c naktinis staliukas \u2013 puikus pasirinkimas tiems, kurie nori savo miegam\u0105j\u012f pagra\u017einti elegancija ir funkcionalumu. Pagamintas i\u0161 auk\u0161tos kokyb\u0117s med\u017eiag\u0173, jis pasi\u017eymi unikalia ka\u0161myro spalva, kuri suteikia interjerui \u0161ilumos ir jaukumo. Minimalistinis, ta\u010diau stilingas dizainas puikiai dera tiek su moderniu, tiek su klasikiniu interjeru, suteikdamas jiems unikal\u0173 charakter\u012f. 45 cm plo\u010dio, 62 cm auk\u0161\u010dio ir 40,5 cm gylio naktinis staliukas puikiai tiks net ir ma\u017eiausiuose miegamuosiuose. Sukurtas atsi\u017evelgiant \u012f maksimal\u0173 prakti\u0161kum\u0105, jis suteikia patogi\u0105 viet\u0105 naktinei lempai, knygai ar stiklinei vandens. Erdvioje daiktad\u0117\u017e\u0117je tilps visi reikalingi daiktai, tod\u0117l prie lovos staliuko bus tvarkinga. Varin\u0117s rankenos ir \u0105\u017euolin\u0117s kojel\u0117s suteikia naktiniam staliukui elegancijos, derindamos nat\u016bral\u0173 med\u017eio \u017eaves\u012f su moderniais akcentais. Tvirtos \u0105\u017euolin\u0117s kojel\u0117s u\u017etikrina stabilum\u0105 ir ilgaam\u017ei\u0161kum\u0105, tod\u0117l tai investicija, kuri tikrai tarnaus ilgus metus. D\u0117l tyli\u0173 vyri\u0173 naudojimo spintele naudotis tampa dar patogiau, nes atidarant ir u\u017edarant dureles nesigirdi erzinan\u010di\u0173 gars\u0173.<\/p>","protected":false},"excerpt":{"rendered":"<p>Plotis (cm): 45<br \/>\n\u016agis (cm): 62<br \/>\nGylis (cm): 54,5<\/p>","protected":false},"featured_media":165074,"comment_status":"open","ping_status":"open","template":"","meta":[],"product_brand":[],"product_cat":[9517,1176,4108],"product_tag":[],"class_list":{"0":"post-165073","1":"product","2":"type-product","3":"status-publish","4":"has-post-thumbnail","6":"product_cat-furniture-system-windsor-jarstol-meble","7":"product_cat-bedside-tables","8":"product_cat-jarstol","10":"first","11":"instock","12":"purchasable","13":"product-type-simple"},"_links":{"self":[{"href":"https:\/\/baldumarket.lt\/lt\/wp-json\/wp\/v2\/product\/165073","targetHints":{"allow":["GET"]}}],"collection":[{"href":"https:\/\/baldumarket.lt\/lt\/wp-json\/wp\/v2\/product"}],"about":[{"href":"https:\/\/baldumarket.lt\/lt\/wp-json\/wp\/v2\/types\/product"}],"replies":[{"embeddable":true,"href":"https:\/\/baldumarket.lt\/lt\/wp-json\/wp\/v2\/comments?post=165073"}],"wp:featuredmedia":[{"embeddable":true,"href":"https:\/\/baldumarket.lt\/lt\/wp-json\/wp\/v2\/media\/165074"}],"wp:attachment":[{"href":"https:\/\/baldumarket.lt\/lt\/wp-json\/wp\/v2\/media?parent=165073"}],"wp:term":[{"taxonomy":"product_brand","embeddable":true,"href":"https:\/\/baldumarket.lt\/lt\/wp-json\/wp\/v2\/product_brand?post=165073"},{"taxonomy":"product_cat","embeddable":true,"href":"https:\/\/baldumarket.lt\/lt\/wp-json\/wp\/v2\/product_cat?post=165073"},{"taxonomy":"product_tag","embeddable":true,"href":"https:\/\/baldumarket.lt\/lt\/wp-json\/wp\/v2\/product_tag?post=165073"}],"curies":[{"name":"wp","href":"https:\/\/api.w.org\/{rel}","templated":true}]}}