{"id":165066,"date":"2025-12-19T15:10:04","date_gmt":"2025-12-19T12:10:04","guid":{"rendered":"https:\/\/baldumarket.lt\/product\/windsor-12-stolik-kawowy-lawa-cashmere\/"},"modified":"2026-04-12T16:35:17","modified_gmt":"2026-04-12T13:35:17","slug":"windsor-12-stolik-kawowy-lawa-cashmere","status":"publish","type":"product","link":"https:\/\/baldumarket.lt\/lt\/product\/windsor-12-stolik-kawowy-lawa-cashmere\/","title":{"rendered":"WINDSOR-12 \u2013 Ka\u0161myro kavos staliukas"},"content":{"rendered":"<p>Atraskite klasikinio elegancijos \u017eaves\u012f su kavos staliuku WINDSOR-12, kuris taps tikra j\u016bs\u0173 svetain\u0117s puo\u0161mena. \u0160iltas ka\u0161myro stalvir\u0161is dera su nat\u016bralaus \u0105\u017euolo kojel\u0117mis, sukurdamas harmoning\u0105 visum\u0105, kuri suteiks klas\u0117s bet kokiam interjerui. Stilingas \u0161io baldo paprastumas puikiai tinka tiek moderniam, tiek tradiciniam interjerui. WINDSOR-12 kavos staliukas pasi\u017eymi ne tik estetika, bet ir auk\u0161\u010diausio lygio funkcionalumu. D\u0117l savo matmen\u0173 \u2013 90 cm plo\u010dio, 40 cm auk\u0161\u010dio ir 68 cm gylio \u2013 jis yra pakankamai erdvus, kad tilpt\u0173 visi reikalingi daiktai susib\u016brimams su \u0161eima ar draugais. Puikiai tinkantis g\u0117rimams patiekti vakaro pokalbi\u0173 metu, jis taps j\u016bs\u0173 svetain\u0117s traukos centru, pritraukian\u010diu sve\u010di\u0173 d\u0117mes\u012f. Naudotos auk\u0161tos kokyb\u0117s med\u017eiagos garantuoja patvarum\u0105 ir patikimum\u0105. Laminuotos plok\u0161t\u0117s stalvir\u0161is yra ne tik esteti\u0161kai patrauklus, bet ir lengvai valomas. \u0104\u017euolo kojel\u0117s su nat\u016bralia apdaila pabr\u0117\u017eia baldo ekologi\u0161kum\u0105 ir nesenstant\u012f gro\u017e\u012f. Kiekviena detal\u0117 buvo kruop\u0161\u010diai apgalvota, kad b\u016bt\u0173 sukurtas suoliukas, kuris tarnaus ilgus metus, nepriklausomai nuo j\u016bs\u0173 interjero stiliaus.<\/p>","protected":false},"excerpt":{"rendered":"<p>Plotis (cm): 90<br \/>\n\u016agis (cm): 40<br \/>\nGylis (cm): 40,5<\/p>","protected":false},"featured_media":165067,"comment_status":"open","ping_status":"open","template":"","meta":[],"product_brand":[],"product_cat":[9517,866,4108],"product_tag":[],"class_list":{"0":"post-165066","1":"product","2":"type-product","3":"status-publish","4":"has-post-thumbnail","6":"product_cat-furniture-system-windsor-jarstol-meble","7":"product_cat-coffee-tables","8":"product_cat-jarstol","10":"first","11":"instock","12":"purchasable","13":"product-type-simple"},"_links":{"self":[{"href":"https:\/\/baldumarket.lt\/lt\/wp-json\/wp\/v2\/product\/165066","targetHints":{"allow":["GET"]}}],"collection":[{"href":"https:\/\/baldumarket.lt\/lt\/wp-json\/wp\/v2\/product"}],"about":[{"href":"https:\/\/baldumarket.lt\/lt\/wp-json\/wp\/v2\/types\/product"}],"replies":[{"embeddable":true,"href":"https:\/\/baldumarket.lt\/lt\/wp-json\/wp\/v2\/comments?post=165066"}],"wp:featuredmedia":[{"embeddable":true,"href":"https:\/\/baldumarket.lt\/lt\/wp-json\/wp\/v2\/media\/165067"}],"wp:attachment":[{"href":"https:\/\/baldumarket.lt\/lt\/wp-json\/wp\/v2\/media?parent=165066"}],"wp:term":[{"taxonomy":"product_brand","embeddable":true,"href":"https:\/\/baldumarket.lt\/lt\/wp-json\/wp\/v2\/product_brand?post=165066"},{"taxonomy":"product_cat","embeddable":true,"href":"https:\/\/baldumarket.lt\/lt\/wp-json\/wp\/v2\/product_cat?post=165066"},{"taxonomy":"product_tag","embeddable":true,"href":"https:\/\/baldumarket.lt\/lt\/wp-json\/wp\/v2\/product_tag?post=165066"}],"curies":[{"name":"wp","href":"https:\/\/api.w.org\/{rel}","templated":true}]}}