{"id":165053,"date":"2025-12-19T15:09:36","date_gmt":"2025-12-19T12:09:36","guid":{"rendered":"https:\/\/baldumarket.lt\/product\/novado-2-komoda-4-drzwiowa-clay-gray\/"},"modified":"2026-04-12T16:35:17","modified_gmt":"2026-04-12T13:35:17","slug":"novado-2-komoda-4-drzwiowa-clay-gray","status":"publish","type":"product","link":"https:\/\/baldumarket.lt\/lt\/product\/novado-2-komoda-4-drzwiowa-clay-gray\/","title":{"rendered":"NOVADO-2 \u2013 Pilkos spalvos komoda su 4 durimis"},"content":{"rendered":"<p>Atraskite NOVADO-2 komod\u0105, kuri j\u016bs\u0173 interjerui suteiks elegancijos ir modernumo. \u0160i keturi\u0173 dur\u0173, garsaus \u2019Jarstol\u201c prek\u0117s \u017eenklo, pilkos spalvos komoda yra puikus pasirinkimas visiems, ie\u0161kantiems ne tik stiling\u0173, bet ir prakti\u0161k\u0173 sprendim\u0173 savo namams. Minimalistin\u0117 forma ir prislopintos spalvos harmoningai der\u0117s prie \u012fvairi\u0173 interjer\u0173 \u2013 nuo skandinavi\u0161ko iki industrinio. \u0160i komoda buvo sukurta atsi\u017evelgiant \u012f maksimal\u0173 funkcionalum\u0105. Keturi erdv\u016bs stal\u010diai suteikia daug vietos \u012fvairiems daiktams susid\u0117ti \u2013 nuo eleganti\u0161k\u0173 stalo \u012franki\u0173 iki b\u016btiniausi\u0173 tekstil\u0117s gamini\u0173 ir dokument\u0173. Patogi \u0161velnaus u\u017edarymo sistema paver\u010dia naudojim\u0105si ja malonumu, pa\u0161alindama bet kok\u012f triuk\u0161m\u0105, galint\u012f trikdyti nam\u0173 atmosfer\u0105. Stilingos juodos kojel\u0117s ir ranken\u0117l\u0117s pabr\u0117\u017eia modern\u0173 komodos charakter\u012f, sukurdamos darni\u0105 visum\u0105. Jos konstrukcijoje naudojamos med\u017eiagos, tokios kaip laminuota plok\u0161t\u0117 ir MDF, ne tik garantuoja patvarum\u0105 ir atsparum\u0105 pa\u017eeidimams, bet ir leid\u017eia bald\u0105 lengvai pri\u017ei\u016br\u0117ti. NOVADO-2 komoda yra puikus pasirinkimas \u017emon\u0117ms, kurie vertina elegancij\u0105 neaukodami prakti\u0161kumo.<\/p>","protected":false},"excerpt":{"rendered":"<p>Plotis (cm): 176,5<br \/>\n\u016agis (cm): 91<br \/>\nGylis (cm): 40,5<\/p>","protected":false},"featured_media":165054,"comment_status":"open","ping_status":"open","template":"","meta":[],"product_brand":[],"product_cat":[9514,1173,4108],"product_tag":[],"class_list":{"0":"post-165053","1":"product","2":"type-product","3":"status-publish","4":"has-post-thumbnail","6":"product_cat-furniture-system-novado-jarstol-meble","7":"product_cat-chests-of-drawers","8":"product_cat-jarstol","10":"first","11":"instock","12":"purchasable","13":"product-type-simple"},"_links":{"self":[{"href":"https:\/\/baldumarket.lt\/lt\/wp-json\/wp\/v2\/product\/165053","targetHints":{"allow":["GET"]}}],"collection":[{"href":"https:\/\/baldumarket.lt\/lt\/wp-json\/wp\/v2\/product"}],"about":[{"href":"https:\/\/baldumarket.lt\/lt\/wp-json\/wp\/v2\/types\/product"}],"replies":[{"embeddable":true,"href":"https:\/\/baldumarket.lt\/lt\/wp-json\/wp\/v2\/comments?post=165053"}],"wp:featuredmedia":[{"embeddable":true,"href":"https:\/\/baldumarket.lt\/lt\/wp-json\/wp\/v2\/media\/165054"}],"wp:attachment":[{"href":"https:\/\/baldumarket.lt\/lt\/wp-json\/wp\/v2\/media?parent=165053"}],"wp:term":[{"taxonomy":"product_brand","embeddable":true,"href":"https:\/\/baldumarket.lt\/lt\/wp-json\/wp\/v2\/product_brand?post=165053"},{"taxonomy":"product_cat","embeddable":true,"href":"https:\/\/baldumarket.lt\/lt\/wp-json\/wp\/v2\/product_cat?post=165053"},{"taxonomy":"product_tag","embeddable":true,"href":"https:\/\/baldumarket.lt\/lt\/wp-json\/wp\/v2\/product_tag?post=165053"}],"curies":[{"name":"wp","href":"https:\/\/api.w.org\/{rel}","templated":true}]}}