{"id":165045,"date":"2025-12-19T15:09:19","date_gmt":"2025-12-19T12:09:19","guid":{"rendered":"https:\/\/baldumarket.lt\/product\/novado-3-komoda-1d3s-clay-gray\/"},"modified":"2026-04-12T16:35:17","modified_gmt":"2026-04-12T13:35:17","slug":"novado-3-komoda-1d3s-clay-gray","status":"publish","type":"product","link":"https:\/\/baldumarket.lt\/lt\/product\/novado-3-komoda-1d3s-clay-gray\/","title":{"rendered":"NOVADO-3 \u2013 Komoda 1D3S pilka molio spalva"},"content":{"rendered":"<p>Komoda NOVADO-3 \u2013 tai tobulas elegancijos ir prakti\u0161kumo derinys, maloniai nustebinsiantis bet kur\u012f modernaus dizaino myl\u0117toj\u0105. Pastatyta svetain\u0117je ar miegamajame, ji i\u0161 karto patrauks ak\u012f d\u0117l rafinuot\u0173, frezuot\u0173 MDF fasad\u0173 ir u\u017eapvalint\u0173 stalvir\u0161i\u0173, kurie suteikia jai i\u0161skirtin\u012f ir stiling\u0105 charakter\u012f. Molio pilkumo spalva puikiai der\u0117s prie bet kokio interjero, suteikdama subtilios elegancijos ir jaukumo. J\u016bs\u0173 patogumui komoda turi tris erdvius stal\u010dius ir rakinam\u0105 spintel\u0119 su lentyna, tod\u0117l tai puiki vieta laikyti \u012fvairius daiktus \u2013 nuo dokument\u0173 iki tekstil\u0117s. Apgalvotas dizainas ne tik leid\u017eia funkcionaliai i\u0161naudoti erdv\u0119, bet ir padeda palaikyti tvark\u0105 namuose. D\u0117l \u0161velnaus u\u017edarymo sistemos kiekvienas stal\u010diaus judesys tampa malonesnis ir tylesnis, o tai \u017eenkliai pagerina kasdienio naudojimo komfort\u0105. Komoda NOVADO-3 taip pat i\u0161siskiria juodo metalo kojel\u0117mis ir rankenomis, kurios suteikia industrinio \u017eavesio ir dera su minimalistiniu stiliumi. Tiek korpusas, tiek fasadas pagaminti i\u0161 patvari\u0173 med\u017eiag\u0173, garantuojan\u010di\u0173 ne tik esteti\u0161k\u0105 i\u0161vaizd\u0105, bet ir ilgaam\u017ei\u0161kum\u0105. Nesvarbu, kur \u0161i komoda bus pastatyta, ji neabejotinai taps bet kurio interjero traukos centru.<\/p>","protected":false},"excerpt":{"rendered":"<p>Plotis (cm): 111<br \/>\n\u016agis (cm): 91<br \/>\nGylis (cm): 40,5<\/p>","protected":false},"featured_media":165046,"comment_status":"open","ping_status":"open","template":"","meta":[],"product_brand":[],"product_cat":[9514,1173,4108],"product_tag":[],"class_list":{"0":"post-165045","1":"product","2":"type-product","3":"status-publish","4":"has-post-thumbnail","6":"product_cat-furniture-system-novado-jarstol-meble","7":"product_cat-chests-of-drawers","8":"product_cat-jarstol","10":"first","11":"instock","12":"purchasable","13":"product-type-simple"},"_links":{"self":[{"href":"https:\/\/baldumarket.lt\/lt\/wp-json\/wp\/v2\/product\/165045","targetHints":{"allow":["GET"]}}],"collection":[{"href":"https:\/\/baldumarket.lt\/lt\/wp-json\/wp\/v2\/product"}],"about":[{"href":"https:\/\/baldumarket.lt\/lt\/wp-json\/wp\/v2\/types\/product"}],"replies":[{"embeddable":true,"href":"https:\/\/baldumarket.lt\/lt\/wp-json\/wp\/v2\/comments?post=165045"}],"wp:featuredmedia":[{"embeddable":true,"href":"https:\/\/baldumarket.lt\/lt\/wp-json\/wp\/v2\/media\/165046"}],"wp:attachment":[{"href":"https:\/\/baldumarket.lt\/lt\/wp-json\/wp\/v2\/media?parent=165045"}],"wp:term":[{"taxonomy":"product_brand","embeddable":true,"href":"https:\/\/baldumarket.lt\/lt\/wp-json\/wp\/v2\/product_brand?post=165045"},{"taxonomy":"product_cat","embeddable":true,"href":"https:\/\/baldumarket.lt\/lt\/wp-json\/wp\/v2\/product_cat?post=165045"},{"taxonomy":"product_tag","embeddable":true,"href":"https:\/\/baldumarket.lt\/lt\/wp-json\/wp\/v2\/product_tag?post=165045"}],"curies":[{"name":"wp","href":"https:\/\/api.w.org\/{rel}","templated":true}]}}