{"id":165041,"date":"2025-12-19T15:09:10","date_gmt":"2025-12-19T12:09:10","guid":{"rendered":"https:\/\/baldumarket.lt\/product\/novado-4-witryna-1-drzwiowa-biel-alpejska\/"},"modified":"2026-04-12T16:35:17","modified_gmt":"2026-04-12T13:35:17","slug":"novado-4-witryna-1-drzwiowa-biel-alpejska","status":"publish","type":"product","link":"https:\/\/baldumarket.lt\/lt\/product\/novado-4-witryna-1-drzwiowa-biel-alpejska\/","title":{"rendered":"NOVADO-4 \u2013 Vien\u0173 dur\u0173 vitrina, Alpi\u0173 balta"},"content":{"rendered":"<p>Garsaus \u201eJarstol\u201c prek\u0117s \u017eenklo sukurta vitrina NOVADO-4 \u2013 puikus sprendimas tiems, kurie siekia suderinti estetin\u012f patrauklum\u0105 su kasdieniu funkcionalumu. Eleganti\u0161ka Alpi\u0173 baltumo spalva ji skland\u017eiai dera prie modernaus interjero, suteikdama subtilios klas\u0117s ir elegancijos. \u0160i vitrina tikrai pritrauks kiekvieno sve\u010dio d\u0117mes\u012f ir taps bet kurio kambario traukos centru.<br \/>\nStilingas vitrinos dizainas ne tik pagerins j\u016bs\u0173 interjero estetik\u0105, bet ir leis efektyviai eksponuoti m\u0117gstamas dekoracijas ar suvenyrus. Trys stiklin\u0117s lentynos suteikia puiki\u0105 erdv\u0119 daiktams, kuriuos norite eksponuoti, suteikdamos interjerui tvarkos ir harmonijos. Suapvalinti kra\u0161tai suteikia vitrinai lengvumo, erdvumo poj\u016bt\u012f, dar labiau pabr\u0117\u017eiant jos modern\u0173 charakter\u012f.<br \/>\n\u0160velniai u\u017esidarantys vyriai ne tik u\u017etikrina komfort\u0105, bet ir prailgina spintel\u0117s tarnavimo laik\u0105, tod\u0117l tai puikus pasirinkimas ilgus metus. Be to, tvirtos med\u017eiagos, tokios kaip laminuota plok\u0161t\u0117 ir MDF, garantuoja patvarum\u0105 ir lengv\u0105 valym\u0105. Vitrinos juodos kojel\u0117s ir metalin\u0117s rankenos gra\u017eiai kontrastuoja su baltu korpusu, suteikdamos baldui charakterio ir elegancijos aur\u0105. NOVADO-4 ne tik atlieka estetin\u0119 funkcij\u0105, bet ir suteikia erdvei funkcionalumo. Surinkimas yra paprastas ir intuityvus, tod\u0117l galite lengvai surinkti patys. Investuokite \u012f NOVADO-4 ir m\u0117gaukit\u0117s gro\u017eiu bei prakti\u0161kumu, kur\u012f ji suteiks j\u016bs\u0173 namams.<\/p>","protected":false},"excerpt":{"rendered":"<p>Plotis (cm): 65,3<br \/>\n\u016agis (cm): 200<br \/>\nGylis (cm): 40,5<\/p>","protected":false},"featured_media":165042,"comment_status":"open","ping_status":"open","template":"","meta":[],"product_brand":[],"product_cat":[9514,4108,2006],"product_tag":[],"class_list":{"0":"post-165041","1":"product","2":"type-product","3":"status-publish","4":"has-post-thumbnail","6":"product_cat-furniture-system-novado-jarstol-meble","7":"product_cat-jarstol","8":"product_cat-vitrines","10":"first","11":"instock","12":"purchasable","13":"product-type-simple"},"_links":{"self":[{"href":"https:\/\/baldumarket.lt\/lt\/wp-json\/wp\/v2\/product\/165041","targetHints":{"allow":["GET"]}}],"collection":[{"href":"https:\/\/baldumarket.lt\/lt\/wp-json\/wp\/v2\/product"}],"about":[{"href":"https:\/\/baldumarket.lt\/lt\/wp-json\/wp\/v2\/types\/product"}],"replies":[{"embeddable":true,"href":"https:\/\/baldumarket.lt\/lt\/wp-json\/wp\/v2\/comments?post=165041"}],"wp:featuredmedia":[{"embeddable":true,"href":"https:\/\/baldumarket.lt\/lt\/wp-json\/wp\/v2\/media\/165042"}],"wp:attachment":[{"href":"https:\/\/baldumarket.lt\/lt\/wp-json\/wp\/v2\/media?parent=165041"}],"wp:term":[{"taxonomy":"product_brand","embeddable":true,"href":"https:\/\/baldumarket.lt\/lt\/wp-json\/wp\/v2\/product_brand?post=165041"},{"taxonomy":"product_cat","embeddable":true,"href":"https:\/\/baldumarket.lt\/lt\/wp-json\/wp\/v2\/product_cat?post=165041"},{"taxonomy":"product_tag","embeddable":true,"href":"https:\/\/baldumarket.lt\/lt\/wp-json\/wp\/v2\/product_tag?post=165041"}],"curies":[{"name":"wp","href":"https:\/\/api.w.org\/{rel}","templated":true}]}}