{"id":165037,"date":"2025-12-19T15:09:02","date_gmt":"2025-12-19T12:09:02","guid":{"rendered":"https:\/\/baldumarket.lt\/product\/novado-5-komoda-rtv-2d1s-biel-alpejska\/"},"modified":"2026-04-12T16:35:08","modified_gmt":"2026-04-12T13:35:08","slug":"novado-5-komoda-rtv-2d1s-biel-alpejska","status":"publish","type":"product","link":"https:\/\/baldumarket.lt\/lt\/product\/novado-5-komoda-rtv-2d1s-biel-alpejska\/","title":{"rendered":"NOVADO-5 \u2013 TV spintel\u0117 2D1S Alpi\u0173 balta"},"content":{"rendered":"<p>NOVADO-5 televizoriaus staliukas \u2013 puikus pasirinkimas tiems, kurie vertina estetik\u0105 ir funkcionalum\u0105. Alpi\u0173 baltos spalvos apdaila suteikia jam eleganti\u0161k\u0105 ir moderni\u0105 i\u0161vaizd\u0105, kuri papildys bet kok\u012f interjer\u0105, suteikdama jam gaivumo ir erdv\u0117s poj\u016bt\u012f. 196 cm plo\u010dio ir 57 cm auk\u0161\u010dio \u0161is televizoriaus staliukas taps j\u016bs\u0173 svetain\u0117s traukos centru.<\/p>\n<p>D\u0117l minimalistinio dizaino NOVADO-5 televizoriaus staliukas idealiai tinka moderniam interjerui, kuriame pagrindinis vaidmuo tenka paprastoms linijoms ir \u0161varioms spalvoms. Juodos kojel\u0117s ir ranken\u0117l\u0117s kontrastuoja su lengvu korpusu, sukurdamos ne tik harmoning\u0105, bet ir dinami\u0161k\u0105 visum\u0105. \u0160is baldas traukia d\u0117mes\u012f neu\u017ego\u017edamas erdv\u0117s.<\/p>\n<p>Kasdieniam naudojimui labai svarbus ne tik gro\u017eis, bet ir prakti\u0161kumas. NOVADO-5 televizoriaus staliukas si\u016blo daug vietos multimedijos \u012frangai ir priedams laikyti, tod\u0117l gal\u0117site palaikyti tvark\u0105 savo svetain\u0117je. \u012emontuoti \u0161velniai u\u017esidarantys vyriai ir dideli rutuliniai guoliai u\u017etikrina komfort\u0105 ir patogum\u0105 ilgus metus. Surink\u0119 NOVADO-5 patys, galite m\u0117gautis jo suasmeninimu savo namuose. NOVADO kolekcijos baldai ne tik suteiks charakterio, bet ir taps svarbiu kiekvieno \u0161eimos ir socialinio susib\u016brimo elementu, tapdami vieta, kurioje praleisite laik\u0105 kartu su \u0161eima ir draugais.<\/p>\n<p>Pasirinkdami NOVADO-5 televizoriaus staliuk\u0105, investuojate \u012f kokyb\u0119 ir dizain\u0105, kurie tikrai atlaikys laiko i\u0161bandym\u0105. Palepinkite save ir savo artimuosius komfortu ir stiliumi, kurie puikiai atspindi j\u016bs\u0173 skon\u012f. Suteikite savo svetainei nauj\u0105 dimensij\u0105 su \u201eJarstol\u201c baldais!<\/p>","protected":false},"excerpt":{"rendered":"<p>Plotis (cm): 196<br \/>\n\u016agis (cm): 57<br \/>\nGylis (cm): 40,5<\/p>","protected":false},"featured_media":165038,"comment_status":"open","ping_status":"open","template":"","meta":[],"product_brand":[],"product_cat":[9514,4108,1175],"product_tag":[],"class_list":{"0":"post-165037","1":"product","2":"type-product","3":"status-publish","4":"has-post-thumbnail","6":"product_cat-furniture-system-novado-jarstol-meble","7":"product_cat-jarstol","8":"product_cat-tv-stands","10":"first","11":"instock","12":"purchasable","13":"product-type-simple"},"_links":{"self":[{"href":"https:\/\/baldumarket.lt\/lt\/wp-json\/wp\/v2\/product\/165037","targetHints":{"allow":["GET"]}}],"collection":[{"href":"https:\/\/baldumarket.lt\/lt\/wp-json\/wp\/v2\/product"}],"about":[{"href":"https:\/\/baldumarket.lt\/lt\/wp-json\/wp\/v2\/types\/product"}],"replies":[{"embeddable":true,"href":"https:\/\/baldumarket.lt\/lt\/wp-json\/wp\/v2\/comments?post=165037"}],"wp:featuredmedia":[{"embeddable":true,"href":"https:\/\/baldumarket.lt\/lt\/wp-json\/wp\/v2\/media\/165038"}],"wp:attachment":[{"href":"https:\/\/baldumarket.lt\/lt\/wp-json\/wp\/v2\/media?parent=165037"}],"wp:term":[{"taxonomy":"product_brand","embeddable":true,"href":"https:\/\/baldumarket.lt\/lt\/wp-json\/wp\/v2\/product_brand?post=165037"},{"taxonomy":"product_cat","embeddable":true,"href":"https:\/\/baldumarket.lt\/lt\/wp-json\/wp\/v2\/product_cat?post=165037"},{"taxonomy":"product_tag","embeddable":true,"href":"https:\/\/baldumarket.lt\/lt\/wp-json\/wp\/v2\/product_tag?post=165037"}],"curies":[{"name":"wp","href":"https:\/\/api.w.org\/{rel}","templated":true}]}}