{"id":165033,"date":"2025-12-19T15:08:54","date_gmt":"2025-12-19T12:08:54","guid":{"rendered":"https:\/\/baldumarket.lt\/product\/novado-6-komoda-rtv-2-drzwiowa-biel-alpejska\/"},"modified":"2026-04-12T16:35:08","modified_gmt":"2026-04-12T13:35:08","slug":"novado-6-komoda-rtv-2-drzwiowa-biel-alpejska","status":"publish","type":"product","link":"https:\/\/baldumarket.lt\/lt\/product\/novado-6-komoda-rtv-2-drzwiowa-biel-alpejska\/","title":{"rendered":"NOVADO-6 \u2013 Dviej\u0173 dur\u0173 TV spintel\u0117, Alpi\u0173 balta"},"content":{"rendered":"<p>NOVADO-6 televizoriaus staliukas \u2013 tai tobulas modernumo ir funkcionalumo derinys, idealiai tinkantis ma\u017eesn\u0117ms erdv\u0117ms. Kruop\u0161\u010diai sukurtas atkreipiant d\u0117mes\u012f \u012f detales, kompakti\u0161ka forma ir prakti\u0161kos savyb\u0117s tikrai patenkins bet kurio stilingo interjero entuziasto l\u016bkes\u010dius. D\u0117l eleganti\u0161ko dizaino staliukas ne tik pagerina estetin\u012f patrauklum\u0105, bet ir vizualiai i\u0161saugo erdv\u0119, o tai labai svarbu \u0161iuolaikiniuose namuose.<\/p>\n<p>Pagamintas i\u0161 auk\u0161tos kokyb\u0117s med\u017eiag\u0173, NOVADO-6 televizoriaus staliukas pasi\u017eymi eleganti\u0161ka Alpi\u0173 baltumo apdaila, kuri sukuria jauki\u0105 atmosfer\u0105. Stalvir\u0161is, dekoruotas u\u017eapvalintais kra\u0161tais, sukuria \u012fsp\u016bding\u0105 fon\u0105 j\u016bs\u0173 televizoriui ir aksesuarams. Be to, juodos metalin\u0117s kojel\u0117s suteikia jam modernumo, sukurdamos \u012fdom\u0173 kontrast\u0105, puikiai papildant\u012f minimalistin\u012f stili\u0173.<\/p>\n<p>Erdvumas yra pagrindinis \u0161io stovo privalumas. NOVADO-6 si\u016blo gerai apgalvotus daiktad\u0117\u017ees, kuriose lengvai tilps pried\u0117lis, laidai ir kiti televizoriaus priedai. Galin\u0117s panel\u0117s buvo kruop\u0161\u010diai suprojektuotos taip, kad b\u016bt\u0173 lengva valdyti laidus \u2013 tai b\u016btina \u0161iuolaikiniuose namuose. Tylus vyri\u0173 veikimas dar labiau padidina komfort\u0105, tod\u0117l kasdienis spintel\u0117s naudojimas tampa malonumu.<\/p>\n<p>NOVADO bald\u0173 serij\u0105, \u012fskaitant ir m\u016bs\u0173 televizoriaus staliuk\u0105, suk\u016br\u0117 garsus prek\u0117s \u017eenklas \u201eJarstol\u201c, garantuojantis auk\u0161t\u0105 kokyb\u0119 ir ilgaam\u017ei\u0161kum\u0105. Nesvarbu, ar ie\u0161kote bald\u0173 svetainei, ar paauglio kambariui, NOVADO-6 yra pasirinkimas, kuris j\u016bs\u0173 interjerui suteiks ne tik funkcionalumo, bet ir, svarbiausia, stiliaus. Atraskite, kaip lengva sukurti harmoning\u0105 erdv\u0119 su baldais, kurie derina elegancij\u0105 ir kasdien\u012f prakti\u0161kum\u0105.<\/p>","protected":false},"excerpt":{"rendered":"<p>Plotis (cm): 137<br \/>\n\u016agis (cm): 57<br \/>\nGylis (cm): 40,5<\/p>","protected":false},"featured_media":165034,"comment_status":"open","ping_status":"open","template":"","meta":[],"product_brand":[],"product_cat":[9514,4108,1175],"product_tag":[],"class_list":{"0":"post-165033","1":"product","2":"type-product","3":"status-publish","4":"has-post-thumbnail","6":"product_cat-furniture-system-novado-jarstol-meble","7":"product_cat-jarstol","8":"product_cat-tv-stands","10":"first","11":"instock","12":"purchasable","13":"product-type-simple"},"_links":{"self":[{"href":"https:\/\/baldumarket.lt\/lt\/wp-json\/wp\/v2\/product\/165033","targetHints":{"allow":["GET"]}}],"collection":[{"href":"https:\/\/baldumarket.lt\/lt\/wp-json\/wp\/v2\/product"}],"about":[{"href":"https:\/\/baldumarket.lt\/lt\/wp-json\/wp\/v2\/types\/product"}],"replies":[{"embeddable":true,"href":"https:\/\/baldumarket.lt\/lt\/wp-json\/wp\/v2\/comments?post=165033"}],"wp:featuredmedia":[{"embeddable":true,"href":"https:\/\/baldumarket.lt\/lt\/wp-json\/wp\/v2\/media\/165034"}],"wp:attachment":[{"href":"https:\/\/baldumarket.lt\/lt\/wp-json\/wp\/v2\/media?parent=165033"}],"wp:term":[{"taxonomy":"product_brand","embeddable":true,"href":"https:\/\/baldumarket.lt\/lt\/wp-json\/wp\/v2\/product_brand?post=165033"},{"taxonomy":"product_cat","embeddable":true,"href":"https:\/\/baldumarket.lt\/lt\/wp-json\/wp\/v2\/product_cat?post=165033"},{"taxonomy":"product_tag","embeddable":true,"href":"https:\/\/baldumarket.lt\/lt\/wp-json\/wp\/v2\/product_tag?post=165033"}],"curies":[{"name":"wp","href":"https:\/\/api.w.org\/{rel}","templated":true}]}}