{"id":165029,"date":"2025-12-19T15:08:46","date_gmt":"2025-12-19T12:08:46","guid":{"rendered":"https:\/\/baldumarket.lt\/product\/novado-7-szafka-nocna-biel-alpejska\/"},"modified":"2026-04-12T16:35:08","modified_gmt":"2026-04-12T13:35:08","slug":"novado-7-szafka-nocna-biel-alpejska","status":"publish","type":"product","link":"https:\/\/baldumarket.lt\/lt\/product\/novado-7-szafka-nocna-biel-alpejska\/","title":{"rendered":"NOVADO-7 \u2013 Alpi\u0173 baltumo naktinis staliukas"},"content":{"rendered":"<p>NOVADO-7 \u2013 tai modernaus dizaino kvintesencija, \u012fne\u0161anti gaivumo \u012f bet kur\u012f miegam\u0105j\u012f. Harmoninga Alpi\u0173 balta spalva suteikia interjerui elegancijos ir tuo pa\u010diu padidina erdv\u0117s poj\u016bt\u012f. \u0160i i\u0161skirtinai funkcionali naktin\u0117 spintel\u0117 puikiai atitinka dabartines tendencijas, derindama estetik\u0105 su kasdieniu patogumu.<br \/>\nNOVADO-7 modelis i\u0161siskiria ne tik gra\u017eia i\u0161vaizda. Vartotojai \u012fvertins gerai apgalvot\u0105 dizain\u0105, kuriame yra prakti\u0161ka knygoms ir nieku\u010diams skirta ni\u0161a, taip pat erdvus daiktad\u0117\u017e\u0117s skyrius su atvartu. Tai puiki vieta laikyti smulkius daiktus, kuri\u0173 visada reikia po ranka, vizualiai neu\u017egriozdinant erdv\u0117s.<br \/>\nNOVADO-7 naktinis staliukas yra dviej\u0173 spalv\u0173, tod\u0117l galite susikurti unikal\u0173 miegamojo dizain\u0105. Nepriklausomai nuo pasirinkto atspalvio \u2013 Alpi\u0173 baltumo ar molio pilkumo \u2013 \u0161is baldas lengvai der\u0117s prie kit\u0173 bald\u0173, der\u0117damas prie \u012fvairi\u0173 stili\u0173 \u2013 nuo skandinavi\u0161ko iki minimalistinio. Be to, juodos kojel\u0117s ir rankena suteikia visam baldui modernumo, pabr\u0117\u017eiant jo eleganti\u0161k\u0105 charakter\u012f. Metalin\u0117s detal\u0117s garantuoja tvirtum\u0105 ir ilgaam\u017ei\u0161kum\u0105, tod\u0117l NOVADO-7 yra baldas, kuris tarnaus ilgus metus. Tai investicija \u012f komfort\u0105 ir estetik\u0105, kuri prad\u017eiugins visus stilingo interjero m\u0117g\u0117jus.<\/p>\n<p>Trumpai tariant, NOVADO-7 naktinis staliukas yra ne tik funkcionalus baldas, bet ir estetinis papildymas, kuris \u017eymiai pagerins bet kokio interjero kokyb\u0119. Sukurkite savo svajoni\u0173 miegam\u0105j\u012f su baldais, kurie derina elegancij\u0105 ir prakti\u0161kum\u0105 \u2013 rinkit\u0117s NOVADO-7 ir m\u0117gaukit\u0117s gro\u017eiu bei komfortu.<\/p>","protected":false},"excerpt":{"rendered":"<p>Plotis (cm): 58,6<br \/>\n\u016agis (cm): 57<br \/>\nGylis (cm): 40,5<\/p>","protected":false},"featured_media":165030,"comment_status":"open","ping_status":"open","template":"","meta":[],"product_brand":[],"product_cat":[9514,1176,4108],"product_tag":[],"class_list":{"0":"post-165029","1":"product","2":"type-product","3":"status-publish","4":"has-post-thumbnail","6":"product_cat-furniture-system-novado-jarstol-meble","7":"product_cat-bedside-tables","8":"product_cat-jarstol","10":"first","11":"instock","12":"purchasable","13":"product-type-simple"},"_links":{"self":[{"href":"https:\/\/baldumarket.lt\/lt\/wp-json\/wp\/v2\/product\/165029","targetHints":{"allow":["GET"]}}],"collection":[{"href":"https:\/\/baldumarket.lt\/lt\/wp-json\/wp\/v2\/product"}],"about":[{"href":"https:\/\/baldumarket.lt\/lt\/wp-json\/wp\/v2\/types\/product"}],"replies":[{"embeddable":true,"href":"https:\/\/baldumarket.lt\/lt\/wp-json\/wp\/v2\/comments?post=165029"}],"wp:featuredmedia":[{"embeddable":true,"href":"https:\/\/baldumarket.lt\/lt\/wp-json\/wp\/v2\/media\/165030"}],"wp:attachment":[{"href":"https:\/\/baldumarket.lt\/lt\/wp-json\/wp\/v2\/media?parent=165029"}],"wp:term":[{"taxonomy":"product_brand","embeddable":true,"href":"https:\/\/baldumarket.lt\/lt\/wp-json\/wp\/v2\/product_brand?post=165029"},{"taxonomy":"product_cat","embeddable":true,"href":"https:\/\/baldumarket.lt\/lt\/wp-json\/wp\/v2\/product_cat?post=165029"},{"taxonomy":"product_tag","embeddable":true,"href":"https:\/\/baldumarket.lt\/lt\/wp-json\/wp\/v2\/product_tag?post=165029"}],"curies":[{"name":"wp","href":"https:\/\/api.w.org\/{rel}","templated":true}]}}