{"id":165025,"date":"2025-12-19T15:08:32","date_gmt":"2025-12-19T12:08:32","guid":{"rendered":"https:\/\/baldumarket.lt\/product\/novado-8-szafa-2-drzwiowa-biel-alpejska\/"},"modified":"2026-04-12T16:35:08","modified_gmt":"2026-04-12T13:35:08","slug":"novado-8-szafa-2-drzwiowa-biel-alpejska","status":"publish","type":"product","link":"https:\/\/baldumarket.lt\/lt\/product\/novado-8-szafa-2-drzwiowa-biel-alpejska\/","title":{"rendered":"NOVADO-8 \u2013 Dviej\u0173 dur\u0173 spinta Alpi\u0173 baltumo spalvos"},"content":{"rendered":"<p>Atraskite elegancij\u0105 ir funkcionalum\u0105 viename su \u201eJarstol\u201c \u201eNOVADO-8\u201c spinta Alpine White spalvos. \u0160i moderni spinta, kurios matmenys \u2013 98 cm plo\u010dio, 200 cm auk\u0161\u010dio ir 54,5 cm gylio, \u2013 puikus sprendimas ie\u0161kantiems vietos drabu\u017eiams, batams ir aksesuarams. Minimalistinis dizainas puikiai dera su \u0161iuolaikin\u0117mis tendencijomis ir suteikia bet kokiai erdvei unikalaus \u017eavesio.<\/p>\n<p>NOVADO spinta derina estetik\u0105 ir prakti\u0161kum\u0105. Alpi\u0173 baltumo laminuotos lentos apdaila ne tik suteikia jai gaivumo, bet ir palengvina valym\u0105. Be to, juodos metalin\u0117s kojel\u0117s ir rankenos pabr\u0117\u017eia modern\u0173 baldo charakter\u012f, suteikdamos jam subalansuot\u0105 ir stiling\u0105 i\u0161vaizd\u0105. Kiekviena detal\u0117 buvo kruop\u0161\u010diai apgalvota, siekiant u\u017etikrinti, kad \u0161is baldas \u017eav\u0117t\u0173 savo paprastumu ir elegancija.<\/p>\n<p>D\u0117l gerai apgalvoto spintos vidaus i\u0161d\u0117stymo tvarkyti erdv\u0119 bus lengviau. De\u0161in\u0117je pus\u0117je rasite keturias erdvias lentynas, kurios pad\u0117s susitvarkyti drabu\u017eius ir aksesuarus, o kair\u0117je pus\u0117je \u2013 skersinis, puikiai tinkantis drabu\u017eiams pakabinti. Tokios savyb\u0117s kaip \u0161velnaus u\u017edarymo sistema kasdien\u012f spintos naudojim\u0105 daro ne tik patog\u0173, bet ir diskreti\u0161kesn\u012f, tod\u0117l ji idealiai tinka miegamajam ar persirengimo kambariui.<\/p>\n<p>Ne tik funkcionalumas, bet ir estetika NOVADO-8 spint\u0105 paver\u010dia unikaliu baldu. D\u0117l kolekcijai b\u016bding\u0173 savybi\u0173, toki\u0173 kaip u\u017eapvalinti kra\u0161tai ir subtilios ranken\u0117l\u0117s, kiekvienas tikrai \u012fvertins modern\u0173 stili\u0173 ir puik\u0173 meistri\u0161kum\u0105. Rinkit\u0117s spint\u0105, kuri ne tik atitiks j\u016bs\u0173 daikt\u0173 laikymo poreikius, bet ir suteiks j\u016bs\u0173 interjerui charakterio.<\/p>\n<p>Pasirinkdami NOVADO-8 spint\u0105, investuojate ne tik \u012f \u012fdom\u0173 dizain\u0105, bet ir \u012f auk\u0161tos kokyb\u0117s apdirbim\u0105. Pagaminta i\u0161 patvariausi\u0173 med\u017eiag\u0173, ji u\u017etikrina ilgalaik\u012f naudojim\u0105. \u012esitikinkite patys, kaip \u0161is baldas pakeis j\u016bs\u0173 erdv\u0119, derindamas elegancij\u0105 ir funkcionalum\u0105, puikiai tinkant\u012f kasdieniam naudojimui.<\/p>","protected":false},"excerpt":{"rendered":"<p>Plotis (cm): 98<br \/>\n\u016agis (cm): 200<br \/>\nGylis (cm): 40,5<\/p>","protected":false},"featured_media":165026,"comment_status":"open","ping_status":"open","template":"","meta":[],"product_brand":[],"product_cat":[9514,4108,1177],"product_tag":[],"class_list":{"0":"post-165025","1":"product","2":"type-product","3":"status-publish","4":"has-post-thumbnail","6":"product_cat-furniture-system-novado-jarstol-meble","7":"product_cat-jarstol","8":"product_cat-wardrobes","10":"first","11":"instock","12":"purchasable","13":"product-type-simple"},"_links":{"self":[{"href":"https:\/\/baldumarket.lt\/lt\/wp-json\/wp\/v2\/product\/165025","targetHints":{"allow":["GET"]}}],"collection":[{"href":"https:\/\/baldumarket.lt\/lt\/wp-json\/wp\/v2\/product"}],"about":[{"href":"https:\/\/baldumarket.lt\/lt\/wp-json\/wp\/v2\/types\/product"}],"replies":[{"embeddable":true,"href":"https:\/\/baldumarket.lt\/lt\/wp-json\/wp\/v2\/comments?post=165025"}],"wp:featuredmedia":[{"embeddable":true,"href":"https:\/\/baldumarket.lt\/lt\/wp-json\/wp\/v2\/media\/165026"}],"wp:attachment":[{"href":"https:\/\/baldumarket.lt\/lt\/wp-json\/wp\/v2\/media?parent=165025"}],"wp:term":[{"taxonomy":"product_brand","embeddable":true,"href":"https:\/\/baldumarket.lt\/lt\/wp-json\/wp\/v2\/product_brand?post=165025"},{"taxonomy":"product_cat","embeddable":true,"href":"https:\/\/baldumarket.lt\/lt\/wp-json\/wp\/v2\/product_cat?post=165025"},{"taxonomy":"product_tag","embeddable":true,"href":"https:\/\/baldumarket.lt\/lt\/wp-json\/wp\/v2\/product_tag?post=165025"}],"curies":[{"name":"wp","href":"https:\/\/api.w.org\/{rel}","templated":true}]}}